{"id":19606,"date":"2022-01-26T11:59:05","date_gmt":"2022-01-26T10:59:05","guid":{"rendered":"https:\/\/cosyowl.com\/fr\/?post_type=product&#038;p=19606"},"modified":"2025-09-29T17:24:06","modified_gmt":"2025-09-29T15:24:06","slug":"kit-de-fabrication-de-cire-de-flocon-de-neige","status":"publish","type":"product","link":"https:\/\/cosyowl.com\/fr\/kits-d-artisanat\/kit-de-fonte-de-cire\/kit-de-fabrication-de-cire-flocondeneige","title":{"rendered":"Kit de fabrication de cire de flocon de neige"},"content":{"rendered":"<p><strong>Kit de fabrication de cire de flocon de neige<\/strong><\/p>\n<p>Nos kits de fusion parfum\u00e9s sont l&rsquo;achat parfait pour tous ceux qui cherchent \u00e0 faire preuve de cr\u00e9ativit\u00e9 et \u00e0 commencer \u00e0 fabriquer leurs propres fondus de cire. Avec ce kit, vous avez tout ce dont vous avez besoin pour faire une vari\u00e9t\u00e9 de cires fondues de diff\u00e9rentes formes.<\/p>\n<p><strong>Inclus dans votre kit :<\/strong><\/p>\n<p>Huile parfum\u00e9e flocon de neige \u2013 50 ml<br \/>\n25g &amp;ndash; Poudre de mica satin\u00e9 argent<br \/>\n3g &#8211; Teinture grise Bekro<br \/>\n350g &#8211; Cire Pilier<br \/>\n1x moules \u00e0 fondant 6 cubes, 1x coquille de palourde coeur, 1x coquille de palourde \u00e9toile, 1x moule rond en plastique.<br \/>\n1 guide \u00e9tape par \u00e9tape<br \/>\nNotre huile parfum\u00e9e Snowflake cr\u00e9e un bouquet floral frais avec des notes de t\u00eate de menthe herbac\u00e9e et d&rsquo;agrumes sur un c\u0153ur de pomme verte, de jasmin doux et de p\u00e9tale de rose soutenu par une base de bois et de musc.<\/p>\n<p>Nous sommes fiers de fournir les ingr\u00e9dients de la plus haute qualit\u00e9 disponibles sur le march\u00e9 pour fabriquer les parfaits Wax Melts \u00e0 la maison. Nos kits sont parfaits pour ceux qui d\u00e9butent et ceux qui ont d\u00e9j\u00e0 ma\u00eetris\u00e9 la comp\u00e9tence, alors prenez votre tablier et commen\u00e7ons \u00e0 bricoler.<\/p>\n","protected":false},"excerpt":{"rendered":"<p>Kit de fabrication de cire de flocon de neige Nos kits de fusion parfum\u00e9s sont l&rsquo;achat parfait pour tous ceux qui cherchent \u00e0 faire preuve de cr\u00e9ativit\u00e9 et \u00e0 commencer \u00e0 fabriquer leurs propres fondus de cire. Avec ce kit, vous avez tout ce dont vous avez besoin pour faire une vari\u00e9t\u00e9 de cires fondues [&hellip;]<\/p>\n","protected":false},"featured_media":19608,"comment_status":"open","ping_status":"closed","template":"","meta":{"_acf_changed":false},"product_brand":[],"product_cat":[275,342],"product_tag":[],"class_list":{"0":"post-19606","1":"product","2":"type-product","3":"status-publish","4":"has-post-thumbnail","6":"product_cat-kits-de-fabrication-de-fondants-parfumes","7":"product_cat-kits-de-fabrication-de-fondants-parfumes-fondants-parfumes","9":"first","10":"instock","11":"taxable","12":"shipping-taxable","13":"purchasable","14":"product-type-simple"},"acf":[],"_links":{"self":[{"href":"https:\/\/cosyowl.com\/fr\/wp-json\/wp\/v2\/product\/19606","targetHints":{"allow":["GET"]}}],"collection":[{"href":"https:\/\/cosyowl.com\/fr\/wp-json\/wp\/v2\/product"}],"about":[{"href":"https:\/\/cosyowl.com\/fr\/wp-json\/wp\/v2\/types\/product"}],"replies":[{"embeddable":true,"href":"https:\/\/cosyowl.com\/fr\/wp-json\/wp\/v2\/comments?post=19606"}],"wp:featuredmedia":[{"embeddable":true,"href":"https:\/\/cosyowl.com\/fr\/wp-json\/wp\/v2\/media\/19608"}],"wp:attachment":[{"href":"https:\/\/cosyowl.com\/fr\/wp-json\/wp\/v2\/media?parent=19606"}],"wp:term":[{"taxonomy":"product_brand","embeddable":true,"href":"https:\/\/cosyowl.com\/fr\/wp-json\/wp\/v2\/product_brand?post=19606"},{"taxonomy":"product_cat","embeddable":true,"href":"https:\/\/cosyowl.com\/fr\/wp-json\/wp\/v2\/product_cat?post=19606"},{"taxonomy":"product_tag","embeddable":true,"href":"https:\/\/cosyowl.com\/fr\/wp-json\/wp\/v2\/product_tag?post=19606"}],"curies":[{"name":"wp","href":"https:\/\/api.w.org\/{rel}","templated":true}]}}