{"id":19602,"date":"2022-01-26T11:55:30","date_gmt":"2022-01-26T10:55:30","guid":{"rendered":"https:\/\/cosyowl.com\/fr\/?post_type=product&#038;p=19602"},"modified":"2025-09-29T17:24:06","modified_gmt":"2025-09-29T15:24:06","slug":"kit-de-fabrication-de-fondants-parfumes-encens-et-myrrhe","status":"publish","type":"product","link":"https:\/\/cosyowl.com\/fr\/kits-dartisanat\/kit-de-fonte-de-cire\/kit-de-fonte-de-cire-dencens-de-myrrhe","title":{"rendered":"Kit de fabrication de cire d&rsquo;encens et de myrrhe"},"content":{"rendered":"<p><strong>Kit de fabrication de cire d&rsquo;encens et de myrrhe<\/strong><\/p>\n<p>Nos kits fabrication de fondants parfum\u00e9s sont l&rsquo;achat parfait pour tous ceux qui cherchent \u00e0 faire preuve de cr\u00e9ativit\u00e9 et \u00e0 commencer \u00e0 fabriquer leurs propres Wax Melts. Avec ce kit, vous avez tout ce dont vous avez besoin pour faire une vari\u00e9t\u00e9 de fontes de cire de diff\u00e9rentes formes.<\/p>\n<p><strong>Inclus dans votre kit\u00a0:<\/strong><\/p>\n<p>Huile parfum\u00e9e d&rsquo;encens et de myrrhe &amp;ndash\u00a0; 50 ml<br \/>\n25\u00a0g &amp;ndash\u00a0; Poudre de Mica Bronze Flash<br \/>\n3g &#8211; Teinture Cr\u00e8me Bekro<br \/>\n350g &#8211; Cire Pilier<br \/>\n1x moules pour fondants 6 cubes, 1x coquille de palourde coeur, 1x coquille de palourde \u00e9toil\u00e9e, 1x moule en plastique rond.<br \/>\n1\u00a0guide \u00e9tape par \u00e9tape<\/p>\n<p>Notre\u00a0Encens &amp; L&rsquo;huile parfum\u00e9e de myrrhe\u00a0offre un accord de fantaisie orientale avec des notes de t\u00eated&rsquo;\u00e9corces d&rsquo;agrumes, d&rsquo;eucalyptus, de gen\u00e9vrier et de lavande\u00a0 menant \u00e0 un c\u0153ur \u00e9pic\u00e9 de\u00a0cannelle et clou de girofle&lt; \/strong&gt;, arrondi par l&rsquo;iris avec des notes de fond orientales d&rsquo;ambre chaud, de bois de santal, de c\u00e8dre, de patchouli, de musc et de vanille.<\/p>\n<p>Nous sommes fiers de fournir les ingr\u00e9dients de la plus haute qualit\u00e9 disponibles sur le march\u00e9 pour faire les parfaits Wax Melts \u00e0 la maison. Nos kits sont parfaits pour ceux qui d\u00e9butent et ceux qui ma\u00eetrisent d\u00e9j\u00e0 les comp\u00e9tences, alors prenez votre tablier et commen\u00e7ons \u00e0 fabriquer.<\/p>\n","protected":false},"excerpt":{"rendered":"<p>Kit de fabrication de cire d&rsquo;encens et de myrrhe Nos kits fabrication de fondants parfum\u00e9s sont l&rsquo;achat parfait pour tous ceux qui cherchent \u00e0 faire preuve de cr\u00e9ativit\u00e9 et \u00e0 commencer \u00e0 fabriquer leurs propres Wax Melts. Avec ce kit, vous avez tout ce dont vous avez besoin pour faire une vari\u00e9t\u00e9 de fontes de [&hellip;]<\/p>\n","protected":false},"featured_media":19605,"comment_status":"open","ping_status":"closed","template":"","meta":{"_acf_changed":false},"product_brand":[],"product_cat":[275,342],"product_tag":[],"class_list":{"0":"post-19602","1":"product","2":"type-product","3":"status-publish","4":"has-post-thumbnail","6":"product_cat-kits-de-fabrication-de-fondants-parfumes","7":"product_cat-kits-de-fabrication-de-fondants-parfumes-fondants-parfumes","9":"first","10":"instock","11":"taxable","12":"shipping-taxable","13":"purchasable","14":"product-type-simple"},"acf":[],"_links":{"self":[{"href":"https:\/\/cosyowl.com\/fr\/wp-json\/wp\/v2\/product\/19602","targetHints":{"allow":["GET"]}}],"collection":[{"href":"https:\/\/cosyowl.com\/fr\/wp-json\/wp\/v2\/product"}],"about":[{"href":"https:\/\/cosyowl.com\/fr\/wp-json\/wp\/v2\/types\/product"}],"replies":[{"embeddable":true,"href":"https:\/\/cosyowl.com\/fr\/wp-json\/wp\/v2\/comments?post=19602"}],"wp:featuredmedia":[{"embeddable":true,"href":"https:\/\/cosyowl.com\/fr\/wp-json\/wp\/v2\/media\/19605"}],"wp:attachment":[{"href":"https:\/\/cosyowl.com\/fr\/wp-json\/wp\/v2\/media?parent=19602"}],"wp:term":[{"taxonomy":"product_brand","embeddable":true,"href":"https:\/\/cosyowl.com\/fr\/wp-json\/wp\/v2\/product_brand?post=19602"},{"taxonomy":"product_cat","embeddable":true,"href":"https:\/\/cosyowl.com\/fr\/wp-json\/wp\/v2\/product_cat?post=19602"},{"taxonomy":"product_tag","embeddable":true,"href":"https:\/\/cosyowl.com\/fr\/wp-json\/wp\/v2\/product_tag?post=19602"}],"curies":[{"name":"wp","href":"https:\/\/api.w.org\/{rel}","templated":true}]}}