{"id":11363,"date":"2021-08-20T09:27:53","date_gmt":"2021-08-20T07:27:53","guid":{"rendered":"https:\/\/cosyowl.com\/fr\/?post_type=product&#038;p=11363"},"modified":"2026-04-30T18:15:13","modified_gmt":"2026-04-30T16:15:13","slug":"pots-a-bougies-en-verre-20cl-karen-round-lot-de-12","status":"publish","type":"product","link":"https:\/\/cosyowl.com\/fr\/fournitures-de-bougies\/conteneurs-pour-les-bougies\/recipients-pour-bougie\/recipient-en-verre-karen-rond-20cl","title":{"rendered":"Pots \u00e0 bougies en verre &#8211; 20cl Karen Round &#8211; Lot de 12"},"content":{"rendered":"<p>Il s&rsquo;agit d&rsquo;un paquet de 12 r\u00e9cipients en verre r\u00e9sistant \u00e0 la chaleur, adapt\u00e9s \u00e0 la fabrication de bougies de taille moyenne. Utilisez nos huiles parfum\u00e9es pour cr\u00e9er un ar\u00f4me formidable pour augmenter la sensation. Ces r\u00e9cipients en verre peuvent contenir 20cl de cire de bougie.<\/p>\n<p><strong>Taille &#8211;\u00a0<\/strong>Diam\u00e8tre: 70 mm Hauteur: 84 mm<\/p>\n<p>Le Karen 20Cl tiendra env. 160g de cire *<\/p>\n<p>Notez que le pr\u00e9chauffage de votre r\u00e9cipient en verre \u00e0 environ 45 \u00b0 C peut aider \u00e0 r\u00e9duire le risque de d\u00e9veloppement de d\u00e9fauts dans votre bougie au fur et \u00e0 mesure qu&rsquo;elle se solidifie.<\/p>\n<h3>Recommandations de m\u00e8che * *<\/h3>\n<table class=\"notesTableBorder\">\n<tbody>\n<tr>\n<th>Cire Kerasoy (soja)<\/th>\n<th>Kerawax (paraffine)<\/th>\n<th>Soja et paraffine<\/th>\n<th>Recommandations de m\u00e8ches multiples<\/th>\n<\/tr>\n<tr>\n<td>ECO 10<\/td>\n<td>LX 16<\/td>\n<td>TCR 27\/16<\/td>\n<td>2 x LX 8 (cire de paraffine)<\/td>\n<\/tr>\n<tr>\n<td>ECO 12<\/td>\n<td>LX 18<\/td>\n<td>TCR 30\/18<\/td>\n<td>2 x TCR 18\/10 (les deux cires)<\/td>\n<\/tr>\n<\/tbody>\n<\/table>\n<p>* Veuillez noter que la quantit\u00e9 de cire recommand\u00e9e est \u00e0 titre indicatif uniquement et est bas\u00e9e sur la capacit\u00e9 maximale de ce contenant sp\u00e9cifique. Par cons\u00e9quent, il est possible d&rsquo;utiliser moins de cire, mais nous ne recommandons pas de d\u00e9passer la capacit\u00e9 maximale. Nous vous conseillons d&rsquo;utiliser les quantit\u00e9s de cire indiqu\u00e9es comme point de d\u00e9part uniquement et d&rsquo;ajuster ces mesures selon vos pr\u00e9f\u00e9rences.<\/p>\n<p>** Veuillez noter que toutes les recommandations de Wick sont bas\u00e9es sur une utilisation avec notre cire uniquement. La plus petite taille de m\u00e8che recommand\u00e9e est \u00e0 utiliser avec de la cire uniquement. La plus grande taille de m\u00e8che recommand\u00e9e est \u00e0 utiliser lorsque de l&rsquo;huile parfum\u00e9e et \/ ou un colorant sont pr\u00e9sents. Toutes les informations fournies doivent \u00eatre utilis\u00e9es comme guide uniquement pour vous aider \u00e0 trouver un point de d\u00e9part lors de l&rsquo;exp\u00e9rimentation des m\u00e8ches, car la variation des temp\u00e9ratures et des huiles parfum\u00e9es aura un impact sur le succ\u00e8s d&rsquo;une m\u00e8che.<\/p>\n","protected":false},"excerpt":{"rendered":"<p>Il s&rsquo;agit d&rsquo;un paquet de 12 r\u00e9cipients en verre r\u00e9sistant \u00e0 la chaleur, adapt\u00e9s \u00e0 la fabrication de bougies de taille moyenne. Utilisez nos huiles parfum\u00e9es pour cr\u00e9er un ar\u00f4me formidable pour augmenter la sensation. Ces r\u00e9cipients en verre peuvent contenir 20cl de cire de bougie. Taille &#8211;\u00a0Diam\u00e8tre: 70 mm Hauteur: 84 mm Le Karen [&hellip;]<\/p>\n","protected":false},"featured_media":30829,"comment_status":"open","ping_status":"closed","template":"","meta":{"_acf_changed":false},"product_brand":[],"product_cat":[134],"product_tag":[],"class_list":{"0":"post-11363","1":"product","2":"type-product","3":"status-publish","4":"has-post-thumbnail","6":"product_cat-recipients-pour-bougie","8":"first","9":"instock","10":"taxable","11":"shipping-taxable","12":"purchasable","13":"product-type-simple"},"acf":[],"_links":{"self":[{"href":"https:\/\/cosyowl.com\/fr\/wp-json\/wp\/v2\/product\/11363","targetHints":{"allow":["GET"]}}],"collection":[{"href":"https:\/\/cosyowl.com\/fr\/wp-json\/wp\/v2\/product"}],"about":[{"href":"https:\/\/cosyowl.com\/fr\/wp-json\/wp\/v2\/types\/product"}],"replies":[{"embeddable":true,"href":"https:\/\/cosyowl.com\/fr\/wp-json\/wp\/v2\/comments?post=11363"}],"wp:featuredmedia":[{"embeddable":true,"href":"https:\/\/cosyowl.com\/fr\/wp-json\/wp\/v2\/media\/30829"}],"wp:attachment":[{"href":"https:\/\/cosyowl.com\/fr\/wp-json\/wp\/v2\/media?parent=11363"}],"wp:term":[{"taxonomy":"product_brand","embeddable":true,"href":"https:\/\/cosyowl.com\/fr\/wp-json\/wp\/v2\/product_brand?post=11363"},{"taxonomy":"product_cat","embeddable":true,"href":"https:\/\/cosyowl.com\/fr\/wp-json\/wp\/v2\/product_cat?post=11363"},{"taxonomy":"product_tag","embeddable":true,"href":"https:\/\/cosyowl.com\/fr\/wp-json\/wp\/v2\/product_tag?post=11363"}],"curies":[{"name":"wp","href":"https:\/\/api.w.org\/{rel}","templated":true}]}}