{"id":11156,"date":"1970-01-01T00:00:00","date_gmt":"1969-12-31T23:00:00","guid":{"rendered":"https:\/\/cosyowl.com\/fr\/?post_type=product&#038;p=11156"},"modified":"2025-09-29T17:24:06","modified_gmt":"2025-09-29T15:24:06","slug":"godets-bougies-chauffe-plat-en-aluminium-36-mm-x-164-mm","status":"publish","type":"product","link":"https:\/\/cosyowl.com\/fr\/tasses-th-en-aluminium-36mm-x-164mm","title":{"rendered":"Godets Bougies Chauffe Plat En Aluminium &#8211; 36 mm x 16,4 mm"},"content":{"rendered":"<p>Ces godets bougies chauffe plat en aluminium ont une largeur de 36mm x une hauteur de 16,4mm et sont principalement utilis\u00e9es avec de la cire de paraffine. Les m\u00e8ches avec gaines sont fournies s\u00e9par\u00e9ment &#8211; voir la liste sous &lsquo;M\u00e8ches de bougies&rsquo; \/ produit:\u00a0<strong>M\u00e8che Tea Light (TL 15 \/ S.33) &#8211; 40mm de long<\/strong>.<\/p>\n<p>&nbsp;<\/p>\n<p>Remarque importante, Ne placez pas la bougie Tea Light directement sur une surface combustible, la base du r\u00e9cipient peut devenir tr\u00e8s chaude.<\/p>\n","protected":false},"excerpt":{"rendered":"<p>Ces godets bougies chauffe plat en aluminium ont une largeur de 36mm x une hauteur de 16,4mm et sont principalement utilis\u00e9es avec de la cire de paraffine. Les m\u00e8ches avec gaines sont fournies s\u00e9par\u00e9ment &#8211; voir la liste sous &lsquo;M\u00e8ches de bougies&rsquo; \/ produit:\u00a0M\u00e8che Tea Light (TL 15 \/ S.33) &#8211; 40mm de long. &nbsp; [&hellip;]<\/p>\n","protected":false},"featured_media":11308,"comment_status":"open","ping_status":"closed","template":"","meta":{"_acf_changed":false},"product_brand":[],"product_cat":[109,108],"product_tag":[],"class_list":{"0":"post-11156","1":"product","2":"type-product","3":"status-publish","4":"has-post-thumbnail","6":"product_cat-autres-contenants-pour-bougies","7":"product_cat-conteneurs-metalliques","9":"first","10":"instock","11":"taxable","12":"shipping-taxable","13":"purchasable","14":"product-type-variable"},"acf":[],"_links":{"self":[{"href":"https:\/\/cosyowl.com\/fr\/wp-json\/wp\/v2\/product\/11156","targetHints":{"allow":["GET"]}}],"collection":[{"href":"https:\/\/cosyowl.com\/fr\/wp-json\/wp\/v2\/product"}],"about":[{"href":"https:\/\/cosyowl.com\/fr\/wp-json\/wp\/v2\/types\/product"}],"replies":[{"embeddable":true,"href":"https:\/\/cosyowl.com\/fr\/wp-json\/wp\/v2\/comments?post=11156"}],"wp:featuredmedia":[{"embeddable":true,"href":"https:\/\/cosyowl.com\/fr\/wp-json\/wp\/v2\/media\/11308"}],"wp:attachment":[{"href":"https:\/\/cosyowl.com\/fr\/wp-json\/wp\/v2\/media?parent=11156"}],"wp:term":[{"taxonomy":"product_brand","embeddable":true,"href":"https:\/\/cosyowl.com\/fr\/wp-json\/wp\/v2\/product_brand?post=11156"},{"taxonomy":"product_cat","embeddable":true,"href":"https:\/\/cosyowl.com\/fr\/wp-json\/wp\/v2\/product_cat?post=11156"},{"taxonomy":"product_tag","embeddable":true,"href":"https:\/\/cosyowl.com\/fr\/wp-json\/wp\/v2\/product_tag?post=11156"}],"curies":[{"name":"wp","href":"https:\/\/api.w.org\/{rel}","templated":true}]}}