{"id":11121,"date":"1970-01-01T00:00:00","date_gmt":"1969-12-31T23:00:00","guid":{"rendered":"https:\/\/cosyowl.com\/fr\/?post_type=product&#038;p=11121"},"modified":"2025-09-29T17:24:06","modified_gmt":"2025-09-29T15:24:06","slug":"baton-de-centrage-pour-meche-en-bois-12cm","status":"publish","type":"product","link":"https:\/\/cosyowl.com\/fr\/fournitures-de-bougies\/supplements-pour-la-fabrication-de-bougies\/baton-de-centrage-pour-meche-en-bois-12cm","title":{"rendered":"B\u00e2ton de centrage pour m\u00e8che en bois 12cm"},"content":{"rendered":"<p>AVIS IMPORTANT POUR LES CLIENTS DANS L&rsquo;UNION EUROP\u00c9ENNE &#8211; Nous ne pouvons pas envoyer ce produit aux personnes r\u00e9sidantes dans l&rsquo;Union Europ\u00e9enne et la Suisse. Si cela est ajout\u00e9 \u00e0 votre commande, l&rsquo;exp\u00e9dition pourrait \u00eatre retard\u00e9e pendant que nous vous remboursons et prenons contact avec vous. Nous nous excusons pour tout inconv\u00e9nient caus\u00e9, d\u00e8s qu&rsquo;il sera possible de vendre ce produit \u00e0 nouveau, nous nous assurerons de le faire. Merci de votre compr\u00e9hension.<\/p>\n","protected":false},"excerpt":{"rendered":"<p>AVIS IMPORTANT POUR LES CLIENTS DANS L&rsquo;UNION EUROP\u00c9ENNE &#8211; Nous ne pouvons pas envoyer ce produit aux personnes r\u00e9sidantes dans l&rsquo;Union Europ\u00e9enne et la Suisse. Si cela est ajout\u00e9 \u00e0 votre commande, l&rsquo;exp\u00e9dition pourrait \u00eatre retard\u00e9e pendant que nous vous remboursons et prenons contact avec vous. Nous nous excusons pour tout inconv\u00e9nient caus\u00e9, d\u00e8s qu&rsquo;il [&hellip;]<\/p>\n","protected":false},"featured_media":11126,"comment_status":"open","ping_status":"closed","template":"","meta":{"_acf_changed":false},"product_brand":[],"product_cat":[280,139],"product_tag":[],"class_list":{"0":"post-11121","1":"product","2":"type-product","3":"status-publish","4":"has-post-thumbnail","6":"product_cat-fondants-parfumes-equipement","7":"product_cat-supplements","9":"first","10":"outofstock","11":"taxable","12":"shipping-taxable","13":"purchasable","14":"product-type-variable"},"acf":[],"_links":{"self":[{"href":"https:\/\/cosyowl.com\/fr\/wp-json\/wp\/v2\/product\/11121","targetHints":{"allow":["GET"]}}],"collection":[{"href":"https:\/\/cosyowl.com\/fr\/wp-json\/wp\/v2\/product"}],"about":[{"href":"https:\/\/cosyowl.com\/fr\/wp-json\/wp\/v2\/types\/product"}],"replies":[{"embeddable":true,"href":"https:\/\/cosyowl.com\/fr\/wp-json\/wp\/v2\/comments?post=11121"}],"wp:featuredmedia":[{"embeddable":true,"href":"https:\/\/cosyowl.com\/fr\/wp-json\/wp\/v2\/media\/11126"}],"wp:attachment":[{"href":"https:\/\/cosyowl.com\/fr\/wp-json\/wp\/v2\/media?parent=11121"}],"wp:term":[{"taxonomy":"product_brand","embeddable":true,"href":"https:\/\/cosyowl.com\/fr\/wp-json\/wp\/v2\/product_brand?post=11121"},{"taxonomy":"product_cat","embeddable":true,"href":"https:\/\/cosyowl.com\/fr\/wp-json\/wp\/v2\/product_cat?post=11121"},{"taxonomy":"product_tag","embeddable":true,"href":"https:\/\/cosyowl.com\/fr\/wp-json\/wp\/v2\/product_tag?post=11121"}],"curies":[{"name":"wp","href":"https:\/\/api.w.org\/{rel}","templated":true}]}}