{"id":10971,"date":"1970-01-01T00:00:00","date_gmt":"1969-12-31T23:00:00","guid":{"rendered":"https:\/\/cosyowl.com\/fr\/?post_type=product&#038;p=10971"},"modified":"2025-09-29T17:24:03","modified_gmt":"2025-09-29T15:24:03","slug":"boite-a-bougies-a-motifs-bleus-150-ml-paquet-de-24","status":"publish","type":"product","link":"https:\/\/cosyowl.com\/fr\/conteneurs-pour-les-bougies\/conteneurs-metalliques\/boite-a-bougies-a-motifs-bleus-150-ml-paquet-de-24","title":{"rendered":"Bo\u00eete \u00e0 bougies \u00e0 motifs bleus &#8211; 150 ml &#8211; Paquet de 24"},"content":{"rendered":"<p>Cette bo\u00eete \u00e0 bougies int\u00e9ressante serait un compl\u00e9ment parfait \u00e0 votre collection de bougies. Cette bo\u00eete contient 150 ml* de cire de bougie.<\/p>\n","protected":false},"excerpt":{"rendered":"<p>Cette bo\u00eete \u00e0 bougies int\u00e9ressante serait un compl\u00e9ment parfait \u00e0 votre collection de bougies. Cette bo\u00eete contient 150 ml* de cire de bougie.<\/p>\n","protected":false},"featured_media":22474,"comment_status":"open","ping_status":"closed","template":"","meta":{"_acf_changed":false},"product_brand":[],"product_cat":[108],"product_tag":[],"class_list":{"0":"post-10971","1":"product","2":"type-product","3":"status-publish","4":"has-post-thumbnail","6":"product_cat-conteneurs-metalliques","8":"first","9":"instock","10":"taxable","11":"shipping-taxable","12":"purchasable","13":"product-type-simple"},"acf":[],"_links":{"self":[{"href":"https:\/\/cosyowl.com\/fr\/wp-json\/wp\/v2\/product\/10971","targetHints":{"allow":["GET"]}}],"collection":[{"href":"https:\/\/cosyowl.com\/fr\/wp-json\/wp\/v2\/product"}],"about":[{"href":"https:\/\/cosyowl.com\/fr\/wp-json\/wp\/v2\/types\/product"}],"replies":[{"embeddable":true,"href":"https:\/\/cosyowl.com\/fr\/wp-json\/wp\/v2\/comments?post=10971"}],"wp:featuredmedia":[{"embeddable":true,"href":"https:\/\/cosyowl.com\/fr\/wp-json\/wp\/v2\/media\/22474"}],"wp:attachment":[{"href":"https:\/\/cosyowl.com\/fr\/wp-json\/wp\/v2\/media?parent=10971"}],"wp:term":[{"taxonomy":"product_brand","embeddable":true,"href":"https:\/\/cosyowl.com\/fr\/wp-json\/wp\/v2\/product_brand?post=10971"},{"taxonomy":"product_cat","embeddable":true,"href":"https:\/\/cosyowl.com\/fr\/wp-json\/wp\/v2\/product_cat?post=10971"},{"taxonomy":"product_tag","embeddable":true,"href":"https:\/\/cosyowl.com\/fr\/wp-json\/wp\/v2\/product_tag?post=10971"}],"curies":[{"name":"wp","href":"https:\/\/api.w.org\/{rel}","templated":true}]}}