{"id":10961,"date":"1970-01-01T00:00:00","date_gmt":"1969-12-31T23:00:00","guid":{"rendered":"https:\/\/cosyowl.com\/fr\/?post_type=product&#038;p=10961"},"modified":"2025-09-29T17:24:03","modified_gmt":"2025-09-29T15:24:03","slug":"bougie-en-boite-multicolore-150ml-unique","status":"publish","type":"product","link":"https:\/\/cosyowl.com\/fr\/fournitures-pour-bougies\/botes-bougies\/botes-mtal\/bote-a-motif-jaune","title":{"rendered":"Bougie en Bo\u00eete Multicolore &#8211; 150ml &#8211; Unique"},"content":{"rendered":"<p>&lt;p&gt; Cette bo\u00eete \u00e0 bougies int\u00e9ressante serait un compl\u00e9ment parfait \u00e0 votre collection de bougies. Cette bo\u00eete contient 150 ml* de cire de bougie. &lt;\/p&gt;<\/p>\n","protected":false},"excerpt":{"rendered":"<p>&lt;p&gt; Cette bo\u00eete \u00e0 bougies int\u00e9ressante serait un compl\u00e9ment parfait \u00e0 votre collection de bougies. Cette bo\u00eete contient 150 ml* de cire de bougie. &lt;\/p&gt;<\/p>\n","protected":false},"featured_media":22472,"comment_status":"open","ping_status":"closed","template":"","meta":{"_acf_changed":false},"product_brand":[],"product_cat":[108],"product_tag":[],"class_list":{"0":"post-10961","1":"product","2":"type-product","3":"status-publish","4":"has-post-thumbnail","6":"product_cat-conteneurs-metalliques","8":"first","9":"outofstock","10":"sold-individually","11":"taxable","12":"shipping-taxable","13":"purchasable","14":"product-type-simple"},"acf":[],"_links":{"self":[{"href":"https:\/\/cosyowl.com\/fr\/wp-json\/wp\/v2\/product\/10961","targetHints":{"allow":["GET"]}}],"collection":[{"href":"https:\/\/cosyowl.com\/fr\/wp-json\/wp\/v2\/product"}],"about":[{"href":"https:\/\/cosyowl.com\/fr\/wp-json\/wp\/v2\/types\/product"}],"replies":[{"embeddable":true,"href":"https:\/\/cosyowl.com\/fr\/wp-json\/wp\/v2\/comments?post=10961"}],"wp:featuredmedia":[{"embeddable":true,"href":"https:\/\/cosyowl.com\/fr\/wp-json\/wp\/v2\/media\/22472"}],"wp:attachment":[{"href":"https:\/\/cosyowl.com\/fr\/wp-json\/wp\/v2\/media?parent=10961"}],"wp:term":[{"taxonomy":"product_brand","embeddable":true,"href":"https:\/\/cosyowl.com\/fr\/wp-json\/wp\/v2\/product_brand?post=10961"},{"taxonomy":"product_cat","embeddable":true,"href":"https:\/\/cosyowl.com\/fr\/wp-json\/wp\/v2\/product_cat?post=10961"},{"taxonomy":"product_tag","embeddable":true,"href":"https:\/\/cosyowl.com\/fr\/wp-json\/wp\/v2\/product_tag?post=10961"}],"curies":[{"name":"wp","href":"https:\/\/api.w.org\/{rel}","templated":true}]}}