{"id":10934,"date":"1970-01-01T00:00:00","date_gmt":"1969-12-31T23:00:00","guid":{"rendered":"https:\/\/cosyowl.com\/fr\/?post_type=product&#038;p=10934"},"modified":"2025-09-29T17:24:04","modified_gmt":"2025-09-29T15:24:04","slug":"50mm-etiquette-de-securite-wax-melt-texte-blanc-noir-2","status":"publish","type":"product","link":"https:\/\/cosyowl.com\/fr\/bougie-fabrication-fournitures\/50mm-diffuseur-reed-etiquette-de-securite-blanc-noir-texte","title":{"rendered":"\u00c9tiquette de s\u00e9curit\u00e9 pour diffuseur \u00e0 roseaux 50 mm &#8211; Texte blanc \/ noir"},"content":{"rendered":"<p>Nos \u00e9tiquettes de s\u00e9curit\u00e9 White Reed Diffuser sont imprim\u00e9es sur une \u00e9tiquette circulaire blanche avec de l&rsquo;encre noire. Ils ont un diam\u00e8tre de 50 mm, parfaits pour la plupart des applications. Notre \u00e9tiquette d&rsquo;avertissement sur le diffuseur \u00e0 roseaux contient toutes les informations et avertissements pertinents que vos clients doivent conna\u00eetre sur l&rsquo;utilisation en toute s\u00e9curit\u00e9 de votre diffuseur \u00e0 roseaux.<\/p>\n<p>A quoi servent les \u00e9tiquettes de s\u00e9curit\u00e9 Reed ?<\/p>\n<p>Si vous vendez vos diffuseurs \u00e0 roseaux, vous devez inclure cette \u00e9tiquette d&rsquo;avertissement pour vous conformer au R\u00e8glement g\u00e9n\u00e9ral sur la s\u00e9curit\u00e9 des produits de 2005. Ces \u00e9tiquettes sont con\u00e7ues pour adh\u00e9rer au dessous de votre r\u00e9cipient ou de votre bo\u00eete pour d\u00e9montrer votre conformit\u00e9 et votre diligence raisonnable avec les r\u00e9glementations et pour fournir des informations pratiques et de s\u00e9curit\u00e9 pr\u00e9cieuses pour l&rsquo;utilisateur final. Nos \u00e9tiquettes de s\u00e9curit\u00e9 Reed Diffuser sont professionnelles, de haute qualit\u00e9, durables, anti-d\u00e9chirures, imperm\u00e9ables, sans bavures et sans rayures. Con\u00e7ues pour durer et pourtant \u00e9conomiques, nous avons s\u00e9lectionn\u00e9 ces \u00e9tiquettes pour leurs performances \u00e0 long terme.<\/p>\n<p>Lisez \u00e0 propos du R\u00e8glement g\u00e9n\u00e9ral sur la s\u00e9curit\u00e9 des produits pour mieux comprendre vos obligations en tant que fabricant de bougies.<\/p>\n<p>Nos \u00e9tiquettes de s\u00e9curit\u00e9 Reed Diffuser sont fournies en rouleaux de 10, 50, 100 ou 1000 et sont faciles \u00e0 peler et \u00e0 appliquer.<\/p>\n","protected":false},"excerpt":{"rendered":"<p>Nos \u00e9tiquettes de s\u00e9curit\u00e9 White Reed Diffuser sont imprim\u00e9es sur une \u00e9tiquette circulaire blanche avec de l&rsquo;encre noire. Ils ont un diam\u00e8tre de 50 mm, parfaits pour la plupart des applications. Notre \u00e9tiquette d&rsquo;avertissement sur le diffuseur \u00e0 roseaux contient toutes les informations et avertissements pertinents que vos clients doivent conna\u00eetre sur l&rsquo;utilisation en toute [&hellip;]<\/p>\n","protected":false},"featured_media":10935,"comment_status":"open","ping_status":"closed","template":"","meta":{"_acf_changed":false},"product_brand":[],"product_cat":[351,139],"product_tag":[],"class_list":{"0":"post-10934","1":"product","2":"type-product","3":"status-publish","4":"has-post-thumbnail","6":"product_cat-equipement","7":"product_cat-supplements","9":"first","10":"instock","11":"taxable","12":"shipping-taxable","13":"purchasable","14":"product-type-variable"},"acf":[],"_links":{"self":[{"href":"https:\/\/cosyowl.com\/fr\/wp-json\/wp\/v2\/product\/10934","targetHints":{"allow":["GET"]}}],"collection":[{"href":"https:\/\/cosyowl.com\/fr\/wp-json\/wp\/v2\/product"}],"about":[{"href":"https:\/\/cosyowl.com\/fr\/wp-json\/wp\/v2\/types\/product"}],"replies":[{"embeddable":true,"href":"https:\/\/cosyowl.com\/fr\/wp-json\/wp\/v2\/comments?post=10934"}],"wp:featuredmedia":[{"embeddable":true,"href":"https:\/\/cosyowl.com\/fr\/wp-json\/wp\/v2\/media\/10935"}],"wp:attachment":[{"href":"https:\/\/cosyowl.com\/fr\/wp-json\/wp\/v2\/media?parent=10934"}],"wp:term":[{"taxonomy":"product_brand","embeddable":true,"href":"https:\/\/cosyowl.com\/fr\/wp-json\/wp\/v2\/product_brand?post=10934"},{"taxonomy":"product_cat","embeddable":true,"href":"https:\/\/cosyowl.com\/fr\/wp-json\/wp\/v2\/product_cat?post=10934"},{"taxonomy":"product_tag","embeddable":true,"href":"https:\/\/cosyowl.com\/fr\/wp-json\/wp\/v2\/product_tag?post=10934"}],"curies":[{"name":"wp","href":"https:\/\/api.w.org\/{rel}","templated":true}]}}