{"id":10860,"date":"1970-01-01T00:00:00","date_gmt":"1969-12-31T23:00:00","guid":{"rendered":"https:\/\/cosyowl.com\/fr\/?post_type=product&#038;p=10860"},"modified":"2025-09-29T17:24:01","modified_gmt":"2025-09-29T15:24:01","slug":"etiquette-de-securite-pour-bougies-de-35-mm-clair-texte-noir","status":"publish","type":"product","link":"https:\/\/cosyowl.com\/fr\/fournitures-de-bougies\/supplements-pour-la-fabrication-de-bougies\/etiquette-de-securite-pour-bougies-de-35-mm-clair-texte-noir","title":{"rendered":"\u00c9tiquette de s\u00e9curit\u00e9 pour bougies de 35 mm &#8211; CLAIR\/Texte noir"},"content":{"rendered":"<p>Nos \u00e9tiquettes de s\u00e9curit\u00e9 pour bougies transparentes sont imprim\u00e9es sur une \u00e9tiquette circulaire transparente avec de l&rsquo;encre noire. Ils ont fi\u00e8re allure sur la plupart des couleurs de bougies, professionnelles et discr\u00e8tes. Ils ont un diam\u00e8tre de 35 mm, parfaits pour la plupart des applications.<\/p>\n<p>\u00c0 quoi servent les \u00e9tiquettes de s\u00e9curit\u00e9 pour bougies\u00a0?<\/p>\n<p>Si vous vendez vos bougies, vous devez inclure cette \u00e9tiquette d&rsquo;avertissement pour vous conformer au R\u00e8glement g\u00e9n\u00e9ral sur la s\u00e9curit\u00e9 des produits de 2005. Ces \u00e9tiquettes sont con\u00e7ues pour adh\u00e9rer au dessous de votre r\u00e9cipient ou de votre bo\u00eete pour d\u00e9montrer votre conformit\u00e9 et votre diligence raisonnable avec les r\u00e9glementations et pour fournir pr\u00e9cieuses informations pratiques et de s\u00e9curit\u00e9 pour l&rsquo;utilisateur final.<\/p>\n<p>Nos \u00e9tiquettes de s\u00e9curit\u00e9 pour bougies sont professionnelles, de haute qualit\u00e9, durables, anti-d\u00e9chirures, imperm\u00e9ables, sans bavures et sans rayures. Con\u00e7ues pour durer et pourtant \u00e9conomiques, nous avons s\u00e9lectionn\u00e9 ces \u00e9tiquettes pour leurs performances \u00e0 long terme.<\/p>\n<p>Nos \u00e9tiquettes de s\u00e9curit\u00e9 pour bougies transparentes sont fournies en rouleaux de 10, 50, 100 ou 1000 et sont faciles \u00e0 peler et \u00e0 appliquer.<\/p>\n","protected":false},"excerpt":{"rendered":"<p>Nos \u00e9tiquettes de s\u00e9curit\u00e9 pour bougies transparentes sont imprim\u00e9es sur une \u00e9tiquette circulaire transparente avec de l&rsquo;encre noire. Ils ont fi\u00e8re allure sur la plupart des couleurs de bougies, professionnelles et discr\u00e8tes. Ils ont un diam\u00e8tre de 35 mm, parfaits pour la plupart des applications. \u00c0 quoi servent les \u00e9tiquettes de s\u00e9curit\u00e9 pour bougies\u00a0? Si [&hellip;]<\/p>\n","protected":false},"featured_media":10877,"comment_status":"open","ping_status":"closed","template":"","meta":{"_acf_changed":false},"product_brand":[],"product_cat":[139],"product_tag":[],"class_list":{"0":"post-10860","1":"product","2":"type-product","3":"status-publish","4":"has-post-thumbnail","6":"product_cat-supplements","8":"first","9":"instock","10":"taxable","11":"shipping-taxable","12":"purchasable","13":"product-type-variable"},"acf":[],"_links":{"self":[{"href":"https:\/\/cosyowl.com\/fr\/wp-json\/wp\/v2\/product\/10860","targetHints":{"allow":["GET"]}}],"collection":[{"href":"https:\/\/cosyowl.com\/fr\/wp-json\/wp\/v2\/product"}],"about":[{"href":"https:\/\/cosyowl.com\/fr\/wp-json\/wp\/v2\/types\/product"}],"replies":[{"embeddable":true,"href":"https:\/\/cosyowl.com\/fr\/wp-json\/wp\/v2\/comments?post=10860"}],"wp:featuredmedia":[{"embeddable":true,"href":"https:\/\/cosyowl.com\/fr\/wp-json\/wp\/v2\/media\/10877"}],"wp:attachment":[{"href":"https:\/\/cosyowl.com\/fr\/wp-json\/wp\/v2\/media?parent=10860"}],"wp:term":[{"taxonomy":"product_brand","embeddable":true,"href":"https:\/\/cosyowl.com\/fr\/wp-json\/wp\/v2\/product_brand?post=10860"},{"taxonomy":"product_cat","embeddable":true,"href":"https:\/\/cosyowl.com\/fr\/wp-json\/wp\/v2\/product_cat?post=10860"},{"taxonomy":"product_tag","embeddable":true,"href":"https:\/\/cosyowl.com\/fr\/wp-json\/wp\/v2\/product_tag?post=10860"}],"curies":[{"name":"wp","href":"https:\/\/api.w.org\/{rel}","templated":true}]}}