{"id":10806,"date":"1970-01-01T00:00:00","date_gmt":"1969-12-31T23:00:00","guid":{"rendered":"https:\/\/cosyowl.com\/fr\/?post_type=product&#038;p=10806"},"modified":"2025-12-17T11:25:22","modified_gmt":"2025-12-17T10:25:22","slug":"boite-a-bougie-ronde-en-argent-couture-laterale-soudee-100ml-unique","status":"publish","type":"product","link":"https:\/\/cosyowl.com\/fr\/fournitures-de-bougies\/conteneurs-pour-les-bougies\/conteneurs-metalliques\/boite-a-bougie-ronde-argentee-avec-couture-laterale-soudee-100ml-unique","title":{"rendered":"BO\u00ceTE \u00c0 BOUGIE RONDE EN ARGENT &#8211; COUTURE LAT\u00c9RALE SOUD\u00c9E &#8211; 100ml &#8211; Unique"},"content":{"rendered":"<p><strong>C&rsquo;est avec regret que nous ne sommes actuellement pas en mesure d&rsquo;exp\u00e9dier des bo\u00eetes m\u00e9talliques en dehors du Royaume-Uni. Si cette situation change, nous mettrons \u00e0 jour les produits et les rendrons disponibles \u00e0 la vente.<\/strong><\/p>\n<p>Ce produit est disponible en deux tailles: 100ml et 250ml, avec deux choix de couleurs: argent ou or rose. La bo\u00eete comporte une base en gradins, un couvercle provenant une fermeture solide, ainsi qu&rsquo;une couture lat\u00e9rale soud\u00e9e tr\u00e8s r\u00e9sistante. Nos bo\u00eetes \u00e0 bougies apporte une touche de classe \u00e0 n\u2019importe quelle pi\u00e8ce.<\/p>\n<p>Cette bo\u00eete peut \u00eatre achet\u00e9e en une seule bo\u00eete d&rsquo;\u00e9chantillon et en paquets de 10 ou 50 bo\u00eetes.<\/p>\n<p>Taille et volume:<\/p>\n<ul>\n<li>Volume: 100ml<\/li>\n<li>Taille: 61mm (diam\u00e8tre) x 48mm (H)<\/li>\n<\/ul>\n","protected":false},"excerpt":{"rendered":"<p>C&rsquo;est avec regret que nous ne sommes actuellement pas en mesure d&rsquo;exp\u00e9dier des bo\u00eetes m\u00e9talliques en dehors du Royaume-Uni. Si cette situation change, nous mettrons \u00e0 jour les produits et les rendrons disponibles \u00e0 la vente. Ce produit est disponible en deux tailles: 100ml et 250ml, avec deux choix de couleurs: argent ou or rose. [&hellip;]<\/p>\n","protected":false},"featured_media":11287,"comment_status":"open","ping_status":"closed","template":"","meta":{"_acf_changed":false},"product_brand":[],"product_cat":[287,290,108],"product_tag":[],"class_list":{"0":"post-10806","1":"product","2":"type-product","3":"status-publish","4":"has-post-thumbnail","6":"product_cat-soin-des-corps-conteneurs","7":"product_cat-soin-des-cheveux-conteneurs","8":"product_cat-conteneurs-metalliques","10":"first","11":"instock","12":"taxable","13":"shipping-taxable","14":"purchasable","15":"product-type-simple"},"acf":[],"_links":{"self":[{"href":"https:\/\/cosyowl.com\/fr\/wp-json\/wp\/v2\/product\/10806","targetHints":{"allow":["GET"]}}],"collection":[{"href":"https:\/\/cosyowl.com\/fr\/wp-json\/wp\/v2\/product"}],"about":[{"href":"https:\/\/cosyowl.com\/fr\/wp-json\/wp\/v2\/types\/product"}],"replies":[{"embeddable":true,"href":"https:\/\/cosyowl.com\/fr\/wp-json\/wp\/v2\/comments?post=10806"}],"wp:featuredmedia":[{"embeddable":true,"href":"https:\/\/cosyowl.com\/fr\/wp-json\/wp\/v2\/media\/11287"}],"wp:attachment":[{"href":"https:\/\/cosyowl.com\/fr\/wp-json\/wp\/v2\/media?parent=10806"}],"wp:term":[{"taxonomy":"product_brand","embeddable":true,"href":"https:\/\/cosyowl.com\/fr\/wp-json\/wp\/v2\/product_brand?post=10806"},{"taxonomy":"product_cat","embeddable":true,"href":"https:\/\/cosyowl.com\/fr\/wp-json\/wp\/v2\/product_cat?post=10806"},{"taxonomy":"product_tag","embeddable":true,"href":"https:\/\/cosyowl.com\/fr\/wp-json\/wp\/v2\/product_tag?post=10806"}],"curies":[{"name":"wp","href":"https:\/\/api.w.org\/{rel}","templated":true}]}}