{"id":10116,"date":"2021-01-10T06:42:52","date_gmt":"2021-01-10T05:42:52","guid":{"rendered":"https:\/\/cosyowl.com\/fr\/product\/non%20class\u00e9\/orla-30cl-kerzenbehalter-schwarz"},"modified":"2025-09-29T17:23:58","modified_gmt":"2025-09-29T15:23:58","slug":"bougeoir-orla-30cl-noir","status":"publish","type":"product","link":"https:\/\/cosyowl.com\/fr\/fournitures-de-bougies\/conteneurs-pour-les-bougies\/conteneurs-metalliques\/bougeoir-orla-30cl-noir","title":{"rendered":"Bougeoir Orla 30cl Noir"},"content":{"rendered":"<p>Ce r\u00e9cipient \u00e0 bougie est un choix \u00e9l\u00e9gant pour vos bougies.<\/p>\n<p><strong> Taille: <strong> 90 mm x 73 mm <\/strong><\/strong><\/p>\n","protected":false},"excerpt":{"rendered":"<p>Ce r\u00e9cipient \u00e0 bougie est un choix \u00e9l\u00e9gant pour vos bougies. Taille: 90 mm x 73 mm<\/p>\n","protected":false},"featured_media":11277,"comment_status":"open","ping_status":"closed","template":"","meta":{"_acf_changed":false},"product_brand":[],"product_cat":[108],"product_tag":[],"class_list":{"0":"post-10116","1":"product","2":"type-product","3":"status-publish","4":"has-post-thumbnail","6":"product_cat-conteneurs-metalliques","8":"first","9":"outofstock","10":"taxable","11":"shipping-taxable","12":"purchasable","13":"product-type-simple"},"acf":[],"_links":{"self":[{"href":"https:\/\/cosyowl.com\/fr\/wp-json\/wp\/v2\/product\/10116","targetHints":{"allow":["GET"]}}],"collection":[{"href":"https:\/\/cosyowl.com\/fr\/wp-json\/wp\/v2\/product"}],"about":[{"href":"https:\/\/cosyowl.com\/fr\/wp-json\/wp\/v2\/types\/product"}],"replies":[{"embeddable":true,"href":"https:\/\/cosyowl.com\/fr\/wp-json\/wp\/v2\/comments?post=10116"}],"wp:featuredmedia":[{"embeddable":true,"href":"https:\/\/cosyowl.com\/fr\/wp-json\/wp\/v2\/media\/11277"}],"wp:attachment":[{"href":"https:\/\/cosyowl.com\/fr\/wp-json\/wp\/v2\/media?parent=10116"}],"wp:term":[{"taxonomy":"product_brand","embeddable":true,"href":"https:\/\/cosyowl.com\/fr\/wp-json\/wp\/v2\/product_brand?post=10116"},{"taxonomy":"product_cat","embeddable":true,"href":"https:\/\/cosyowl.com\/fr\/wp-json\/wp\/v2\/product_cat?post=10116"},{"taxonomy":"product_tag","embeddable":true,"href":"https:\/\/cosyowl.com\/fr\/wp-json\/wp\/v2\/product_tag?post=10116"}],"curies":[{"name":"wp","href":"https:\/\/api.w.org\/{rel}","templated":true}]}}