{"id":10112,"date":"2021-10-01T05:42:00","date_gmt":"2021-01-10T05:42:50","guid":{"rendered":"https:\/\/cosyowl.com\/fr\/product\/non%20class\u00e9\/mini-10cl-kerzenbehalter-kupfer"},"modified":"2025-09-29T17:23:58","modified_gmt":"2025-09-29T15:23:58","slug":"mini-pot-bougie-10cl-cuivre","status":"publish","type":"product","link":"https:\/\/cosyowl.com\/fr\/conteneurs-mtal\/100ml-cuivre","title":{"rendered":"Mini Pot Bougie 10cl Cuivre"},"content":{"rendered":"<p>Ceci est un r\u00e9cipient en m\u00e9tal parfait adapt\u00e9 \u00e0 la fabrication de mini bougies super mignonnes. Ce contenant pourra accueillir 10cl de cire de bougie.<\/p>\n<p><strong> Taille: <\/strong> 51 mm x 50 mm<\/p>\n","protected":false},"excerpt":{"rendered":"<p>Ceci est un r\u00e9cipient en m\u00e9tal parfait adapt\u00e9 \u00e0 la fabrication de mini bougies super mignonnes. Ce contenant pourra accueillir 10cl de cire de bougie. Taille: 51 mm x 50 mm<\/p>\n","protected":false},"featured_media":22455,"comment_status":"open","ping_status":"closed","template":"","meta":{"_acf_changed":false},"product_brand":[],"product_cat":[108],"product_tag":[],"class_list":{"0":"post-10112","1":"product","2":"type-product","3":"status-publish","4":"has-post-thumbnail","6":"product_cat-conteneurs-metalliques","8":"first","9":"outofstock","10":"taxable","11":"shipping-taxable","12":"purchasable","13":"product-type-simple"},"acf":[],"_links":{"self":[{"href":"https:\/\/cosyowl.com\/fr\/wp-json\/wp\/v2\/product\/10112","targetHints":{"allow":["GET"]}}],"collection":[{"href":"https:\/\/cosyowl.com\/fr\/wp-json\/wp\/v2\/product"}],"about":[{"href":"https:\/\/cosyowl.com\/fr\/wp-json\/wp\/v2\/types\/product"}],"replies":[{"embeddable":true,"href":"https:\/\/cosyowl.com\/fr\/wp-json\/wp\/v2\/comments?post=10112"}],"wp:featuredmedia":[{"embeddable":true,"href":"https:\/\/cosyowl.com\/fr\/wp-json\/wp\/v2\/media\/22455"}],"wp:attachment":[{"href":"https:\/\/cosyowl.com\/fr\/wp-json\/wp\/v2\/media?parent=10112"}],"wp:term":[{"taxonomy":"product_brand","embeddable":true,"href":"https:\/\/cosyowl.com\/fr\/wp-json\/wp\/v2\/product_brand?post=10112"},{"taxonomy":"product_cat","embeddable":true,"href":"https:\/\/cosyowl.com\/fr\/wp-json\/wp\/v2\/product_cat?post=10112"},{"taxonomy":"product_tag","embeddable":true,"href":"https:\/\/cosyowl.com\/fr\/wp-json\/wp\/v2\/product_tag?post=10112"}],"curies":[{"name":"wp","href":"https:\/\/api.w.org\/{rel}","templated":true}]}}