{"id":10092,"date":"2021-10-01T05:42:00","date_gmt":"2021-10-01T03:42:00","guid":{"rendered":"https:\/\/cosyowl.com\/fr\/product\/non%20class\u00e9\/wachs-melt-giesform-mit-4-bluten-blumenmuster-15"},"modified":"2025-09-29T17:23:56","modified_gmt":"2025-09-29T15:23:56","slug":"moule-a-fleur-4-type-silicone","status":"publish","type":"product","link":"https:\/\/cosyowl.com\/fr\/produit\/moule-a-fleur-4-type-silicone","title":{"rendered":"Moule \u00e0 fleur 4 type silicone"},"content":{"rendered":"<p>Ce moule \u00e0 fleurs polyvalent est parfait pour faire une s\u00e9lection de belles fleurs.<\/p>\n<p>Mesures de ce moule *:<\/p>\n<p>Moule complet (longueur x largeur): 210 mm x 105 mm<\/p>\n<p>Taille de fusion (largeur x profondeur): 28 mm x 18 mm<\/p>\n<p>* Veuillez noter que toutes les mesures sont approximatives.<\/p>\n","protected":false},"excerpt":{"rendered":"<p>Ce moule \u00e0 fleurs polyvalent est parfait pour faire une s\u00e9lection de belles fleurs. Mesures de ce moule *: Moule complet (longueur x largeur): 210 mm x 105 mm Taille de fusion (largeur x profondeur): 28 mm x 18 mm * Veuillez noter que toutes les mesures sont approximatives.<\/p>\n","protected":false},"featured_media":11272,"comment_status":"open","ping_status":"closed","template":"","meta":{"_acf_changed":false},"product_brand":[],"product_cat":[339,411,141],"product_tag":[],"class_list":{"0":"post-10092","1":"product","2":"type-product","3":"status-publish","4":"has-post-thumbnail","6":"product_cat-sale","7":"product_cat-saint-valentin","8":"product_cat-fondants-parfumes-moules","10":"first","11":"outofstock","12":"sale","13":"taxable","14":"shipping-taxable","15":"purchasable","16":"product-type-simple"},"acf":[],"_links":{"self":[{"href":"https:\/\/cosyowl.com\/fr\/wp-json\/wp\/v2\/product\/10092","targetHints":{"allow":["GET"]}}],"collection":[{"href":"https:\/\/cosyowl.com\/fr\/wp-json\/wp\/v2\/product"}],"about":[{"href":"https:\/\/cosyowl.com\/fr\/wp-json\/wp\/v2\/types\/product"}],"replies":[{"embeddable":true,"href":"https:\/\/cosyowl.com\/fr\/wp-json\/wp\/v2\/comments?post=10092"}],"wp:featuredmedia":[{"embeddable":true,"href":"https:\/\/cosyowl.com\/fr\/wp-json\/wp\/v2\/media\/11272"}],"wp:attachment":[{"href":"https:\/\/cosyowl.com\/fr\/wp-json\/wp\/v2\/media?parent=10092"}],"wp:term":[{"taxonomy":"product_brand","embeddable":true,"href":"https:\/\/cosyowl.com\/fr\/wp-json\/wp\/v2\/product_brand?post=10092"},{"taxonomy":"product_cat","embeddable":true,"href":"https:\/\/cosyowl.com\/fr\/wp-json\/wp\/v2\/product_cat?post=10092"},{"taxonomy":"product_tag","embeddable":true,"href":"https:\/\/cosyowl.com\/fr\/wp-json\/wp\/v2\/product_tag?post=10092"}],"curies":[{"name":"wp","href":"https:\/\/api.w.org\/{rel}","templated":true}]}}