{"id":10086,"date":"2021-10-01T05:41:00","date_gmt":"2021-10-01T03:41:00","guid":{"rendered":"https:\/\/cosyowl.com\/fr\/product\/non%20class\u00e9\/wachs-melt-giesform-mit-blumenmuster-15"},"modified":"2025-09-29T17:23:56","modified_gmt":"2025-09-29T15:23:56","slug":"moule-a-fleur-15-pcs-silicone","status":"publish","type":"product","link":"https:\/\/cosyowl.com\/fr\/produit\/moule-a-fleur-15-pcs-silicone","title":{"rendered":"Moule \u00e0 fleur 15 pcs silicone"},"content":{"rendered":"<p>Ce magnifique moule \u00e0 fleurs \u00e0 8 p\u00e9tales est un excellent moyen de faire de jolies fleurs en vrac.<\/p>\n<p>Mesures de ce moule *:<\/p>\n<p>Moule complet (longueur x largeur): 210 mm x 105 mm<\/p>\n<p>Taille de fusion (largeur x profondeur): 32 mm x 12 mm<\/p>\n<p>* Veuillez noter que toutes les mesures sont approximatives.<\/p>\n","protected":false},"excerpt":{"rendered":"<p>Ce magnifique moule \u00e0 fleurs \u00e0 8 p\u00e9tales est un excellent moyen de faire de jolies fleurs en vrac. Mesures de ce moule *: Moule complet (longueur x largeur): 210 mm x 105 mm Taille de fusion (largeur x profondeur): 32 mm x 12 mm * Veuillez noter que toutes les mesures sont approximatives.<\/p>\n","protected":false},"featured_media":11270,"comment_status":"open","ping_status":"closed","template":"","meta":{"_acf_changed":false},"product_brand":[],"product_cat":[339,411,141],"product_tag":[],"class_list":{"0":"post-10086","1":"product","2":"type-product","3":"status-publish","4":"has-post-thumbnail","6":"product_cat-sale","7":"product_cat-saint-valentin","8":"product_cat-fondants-parfumes-moules","10":"first","11":"instock","12":"sale","13":"taxable","14":"shipping-taxable","15":"purchasable","16":"product-type-simple"},"acf":[],"_links":{"self":[{"href":"https:\/\/cosyowl.com\/fr\/wp-json\/wp\/v2\/product\/10086","targetHints":{"allow":["GET"]}}],"collection":[{"href":"https:\/\/cosyowl.com\/fr\/wp-json\/wp\/v2\/product"}],"about":[{"href":"https:\/\/cosyowl.com\/fr\/wp-json\/wp\/v2\/types\/product"}],"replies":[{"embeddable":true,"href":"https:\/\/cosyowl.com\/fr\/wp-json\/wp\/v2\/comments?post=10086"}],"wp:featuredmedia":[{"embeddable":true,"href":"https:\/\/cosyowl.com\/fr\/wp-json\/wp\/v2\/media\/11270"}],"wp:attachment":[{"href":"https:\/\/cosyowl.com\/fr\/wp-json\/wp\/v2\/media?parent=10086"}],"wp:term":[{"taxonomy":"product_brand","embeddable":true,"href":"https:\/\/cosyowl.com\/fr\/wp-json\/wp\/v2\/product_brand?post=10086"},{"taxonomy":"product_cat","embeddable":true,"href":"https:\/\/cosyowl.com\/fr\/wp-json\/wp\/v2\/product_cat?post=10086"},{"taxonomy":"product_tag","embeddable":true,"href":"https:\/\/cosyowl.com\/fr\/wp-json\/wp\/v2\/product_tag?post=10086"}],"curies":[{"name":"wp","href":"https:\/\/api.w.org\/{rel}","templated":true}]}}