{"id":10084,"date":"2021-10-01T05:41:00","date_gmt":"2021-10-01T03:41:00","guid":{"rendered":"https:\/\/cosyowl.com\/fr\/product\/non%20class\u00e9\/wachs-melt-giesform-mit-buchstabenmuster-48"},"modified":"2025-09-29T17:23:56","modified_gmt":"2025-09-29T15:23:56","slug":"moule-alphabet-en-silicone","status":"publish","type":"product","link":"https:\/\/cosyowl.com\/fr\/produit\/moule-alphabet-en-silicone","title":{"rendered":"Moule alphabet en silicone"},"content":{"rendered":"<p>Ce moule \u00e0 lettres amusant est parfait pour faire des fondus de cire personnalis\u00e9s, vous donnant la possibilit\u00e9 de cr\u00e9er des mots ou des phrases.<\/p>\n<p>Mesures de ce moule *:<\/p>\n<p>Moule complet (longueur x largeur):240mm x 181mm<\/p>\n<p>Taille du moule lettre (longueur x largeur x profondeur): 20mm x 20mm x 15mm<\/p>\n<p>Veuillez noter que toutes les mesures sont approximatives.<\/p>\n","protected":false},"excerpt":{"rendered":"<p>Ce moule \u00e0 lettres amusant est parfait pour faire des fondus de cire personnalis\u00e9s, vous donnant la possibilit\u00e9 de cr\u00e9er des mots ou des phrases. Mesures de ce moule *: Moule complet (longueur x largeur):240mm x 181mm Taille du moule lettre (longueur x largeur x profondeur): 20mm x 20mm x 15mm Veuillez noter que toutes [&hellip;]<\/p>\n","protected":false},"featured_media":11269,"comment_status":"open","ping_status":"closed","template":"","meta":{"_acf_changed":false},"product_brand":[],"product_cat":[339,412,141],"product_tag":[],"class_list":{"0":"post-10084","1":"product","2":"type-product","3":"status-publish","4":"has-post-thumbnail","6":"product_cat-sale","7":"product_cat-halloween","8":"product_cat-fondants-parfumes-moules","10":"first","11":"instock","12":"sale","13":"taxable","14":"shipping-taxable","15":"purchasable","16":"product-type-simple"},"acf":[],"_links":{"self":[{"href":"https:\/\/cosyowl.com\/fr\/wp-json\/wp\/v2\/product\/10084","targetHints":{"allow":["GET"]}}],"collection":[{"href":"https:\/\/cosyowl.com\/fr\/wp-json\/wp\/v2\/product"}],"about":[{"href":"https:\/\/cosyowl.com\/fr\/wp-json\/wp\/v2\/types\/product"}],"replies":[{"embeddable":true,"href":"https:\/\/cosyowl.com\/fr\/wp-json\/wp\/v2\/comments?post=10084"}],"wp:featuredmedia":[{"embeddable":true,"href":"https:\/\/cosyowl.com\/fr\/wp-json\/wp\/v2\/media\/11269"}],"wp:attachment":[{"href":"https:\/\/cosyowl.com\/fr\/wp-json\/wp\/v2\/media?parent=10084"}],"wp:term":[{"taxonomy":"product_brand","embeddable":true,"href":"https:\/\/cosyowl.com\/fr\/wp-json\/wp\/v2\/product_brand?post=10084"},{"taxonomy":"product_cat","embeddable":true,"href":"https:\/\/cosyowl.com\/fr\/wp-json\/wp\/v2\/product_cat?post=10084"},{"taxonomy":"product_tag","embeddable":true,"href":"https:\/\/cosyowl.com\/fr\/wp-json\/wp\/v2\/product_tag?post=10084"}],"curies":[{"name":"wp","href":"https:\/\/api.w.org\/{rel}","templated":true}]}}