{"id":10011,"date":"2021-10-01T05:41:00","date_gmt":"2021-10-01T03:41:00","guid":{"rendered":"https:\/\/cosyowl.com\/fr\/product\/non%20class\u00e9\/runde-klare-silikonform-mit-bienenmuster-6er-set"},"modified":"2025-09-29T17:23:52","modified_gmt":"2025-09-29T15:23:52","slug":"moule-en-silicone-transparent-pour-abeille-ronde","status":"publish","type":"product","link":"https:\/\/cosyowl.com\/fr\/fournitures-loisirs-creatifs\/fournitures-de-fabrication-de-savon\/moule-a-savon\/moule-en-silicone-transparent-pour-abeille-ronde","title":{"rendered":"Moule en silicone transparent pour abeille ronde"},"content":{"rendered":"<p>Ce moule \u00e0 savon transparent abeille rond frappant est l&rsquo;une des plus belles formes de la fabrication de savon. Ce savon est id\u00e9al pour ceux qui cherchent \u00e0 ajouter un ajout maison d\u00e9licat \u00e0 vos fournitures de fabrication de savon.<br \/>\nNous vous proposons ce moule par lot de 6 en silicone semi-flexible, il est \u00e9galement r\u00e9utilisable, vous pouvez donc toujours r\u00e9aliser vos savons pr\u00e9f\u00e9r\u00e9s!<br \/>\nMesure du moule *:<br \/>\nMoule complet (longueur x largeur): 214 mm x 145 mm<br \/>\nTaille du savon: 58 mm de diam\u00e8tre x 20 mm de profondeur<br \/>\n* Veuillez noter que toutes les mesures sont approximatives.<\/p>\n","protected":false},"excerpt":{"rendered":"<p>Ce moule \u00e0 savon transparent abeille rond frappant est l&rsquo;une des plus belles formes de la fabrication de savon. Ce savon est id\u00e9al pour ceux qui cherchent \u00e0 ajouter un ajout maison d\u00e9licat \u00e0 vos fournitures de fabrication de savon. Nous vous proposons ce moule par lot de 6 en silicone semi-flexible, il est \u00e9galement [&hellip;]<\/p>\n","protected":false},"featured_media":11262,"comment_status":"open","ping_status":"closed","template":"","meta":{"_acf_changed":false},"product_brand":[],"product_cat":[152],"product_tag":[],"class_list":{"0":"post-10011","1":"product","2":"type-product","3":"status-publish","4":"has-post-thumbnail","6":"product_cat-fabrication-de-savon-moules-savon","8":"first","9":"instock","10":"taxable","11":"shipping-taxable","12":"purchasable","13":"product-type-simple"},"acf":[],"_links":{"self":[{"href":"https:\/\/cosyowl.com\/fr\/wp-json\/wp\/v2\/product\/10011","targetHints":{"allow":["GET"]}}],"collection":[{"href":"https:\/\/cosyowl.com\/fr\/wp-json\/wp\/v2\/product"}],"about":[{"href":"https:\/\/cosyowl.com\/fr\/wp-json\/wp\/v2\/types\/product"}],"replies":[{"embeddable":true,"href":"https:\/\/cosyowl.com\/fr\/wp-json\/wp\/v2\/comments?post=10011"}],"wp:featuredmedia":[{"embeddable":true,"href":"https:\/\/cosyowl.com\/fr\/wp-json\/wp\/v2\/media\/11262"}],"wp:attachment":[{"href":"https:\/\/cosyowl.com\/fr\/wp-json\/wp\/v2\/media?parent=10011"}],"wp:term":[{"taxonomy":"product_brand","embeddable":true,"href":"https:\/\/cosyowl.com\/fr\/wp-json\/wp\/v2\/product_brand?post=10011"},{"taxonomy":"product_cat","embeddable":true,"href":"https:\/\/cosyowl.com\/fr\/wp-json\/wp\/v2\/product_cat?post=10011"},{"taxonomy":"product_tag","embeddable":true,"href":"https:\/\/cosyowl.com\/fr\/wp-json\/wp\/v2\/product_tag?post=10011"}],"curies":[{"name":"wp","href":"https:\/\/api.w.org\/{rel}","templated":true}]}}