{"id":10007,"date":"2021-01-10T06:41:29","date_gmt":"2021-01-10T05:41:29","guid":{"rendered":"https:\/\/cosyowl.com\/fr\/product\/non%20class\u00e9\/rechteckige-klare-silikonform-9er-set"},"modified":"2025-09-29T17:23:52","modified_gmt":"2025-09-29T15:23:52","slug":"moule-en-silicone-transparent-rectangle-lot-de-9","status":"publish","type":"product","link":"https:\/\/cosyowl.com\/fr\/fournitures-loisirs-creatifs\/fournitures-de-fabrication-de-savon\/moule-a-savon\/moule-en-silicone-transparent-rectangle-lot-de-9","title":{"rendered":"Moule en silicone transparent rectangle (lot de 9)"},"content":{"rendered":"<p>Ce moule \u00e0 savon transparent est l&rsquo;une des formes les plus sobres de la fabrication de savon. Ce savon est id\u00e9al pour ceux qui cherchent \u00e0 ajouter une addition artisanale classique miniature \u00e0 vos fournitures de fabrication de savon.<br \/>\nNous vous proposons ce moule par lot de 9 en silicone semi-flexible, il est \u00e9galement r\u00e9utilisable, vous pouvez donc r\u00e9guli\u00e8rement fabriquer vos mini savons pr\u00e9f\u00e9r\u00e9s!<br \/>\nMesure du moule *:<br \/>\nMoule complet (longueur x largeur): 242 mm x 171 mm<br \/>\nTaille du savon: (longueur x largeur x profondeur): 60 mm x 37 mm x 15 mm<br \/>\n* Veuillez noter que toutes les mesures sont approximatives.<\/p>\n","protected":false},"excerpt":{"rendered":"<p>Ce moule \u00e0 savon transparent est l&rsquo;une des formes les plus sobres de la fabrication de savon. Ce savon est id\u00e9al pour ceux qui cherchent \u00e0 ajouter une addition artisanale classique miniature \u00e0 vos fournitures de fabrication de savon. Nous vous proposons ce moule par lot de 9 en silicone semi-flexible, il est \u00e9galement r\u00e9utilisable, [&hellip;]<\/p>\n","protected":false},"featured_media":11260,"comment_status":"open","ping_status":"closed","template":"","meta":{"_acf_changed":false},"product_brand":[],"product_cat":[152],"product_tag":[],"class_list":{"0":"post-10007","1":"product","2":"type-product","3":"status-publish","4":"has-post-thumbnail","6":"product_cat-fabrication-de-savon-moules-savon","8":"first","9":"instock","10":"taxable","11":"shipping-taxable","12":"purchasable","13":"product-type-simple"},"acf":[],"_links":{"self":[{"href":"https:\/\/cosyowl.com\/fr\/wp-json\/wp\/v2\/product\/10007","targetHints":{"allow":["GET"]}}],"collection":[{"href":"https:\/\/cosyowl.com\/fr\/wp-json\/wp\/v2\/product"}],"about":[{"href":"https:\/\/cosyowl.com\/fr\/wp-json\/wp\/v2\/types\/product"}],"replies":[{"embeddable":true,"href":"https:\/\/cosyowl.com\/fr\/wp-json\/wp\/v2\/comments?post=10007"}],"wp:featuredmedia":[{"embeddable":true,"href":"https:\/\/cosyowl.com\/fr\/wp-json\/wp\/v2\/media\/11260"}],"wp:attachment":[{"href":"https:\/\/cosyowl.com\/fr\/wp-json\/wp\/v2\/media?parent=10007"}],"wp:term":[{"taxonomy":"product_brand","embeddable":true,"href":"https:\/\/cosyowl.com\/fr\/wp-json\/wp\/v2\/product_brand?post=10007"},{"taxonomy":"product_cat","embeddable":true,"href":"https:\/\/cosyowl.com\/fr\/wp-json\/wp\/v2\/product_cat?post=10007"},{"taxonomy":"product_tag","embeddable":true,"href":"https:\/\/cosyowl.com\/fr\/wp-json\/wp\/v2\/product_tag?post=10007"}],"curies":[{"name":"wp","href":"https:\/\/api.w.org\/{rel}","templated":true}]}}