{"id":10001,"date":"2021-01-10T06:41:27","date_gmt":"2021-01-10T05:41:27","guid":{"rendered":"https:\/\/cosyowl.com\/fr\/product\/non%20class\u00e9\/ovale-ellipsenformige-silikonform-6er-set"},"modified":"2025-09-29T17:23:52","modified_gmt":"2025-09-29T15:23:52","slug":"moule-en-silicone-rose-ellipse-ovale-lot-de-6","status":"publish","type":"product","link":"https:\/\/cosyowl.com\/fr\/fournitures-loisirs-creatifs\/fournitures-de-fabrication-de-savon\/moule-a-savon\/moule-en-silicone-rose-ellipse-ovale-lot-de-6","title":{"rendered":"Moule en silicone rose ellipse ovale (lot de 6)"},"content":{"rendered":"<p>Ce moule \u00e0 savon ellipse ovale unique est l&rsquo;une des formes les plus originales de la fabrication de savon. Ce savon est id\u00e9al pour ceux qui cherchent \u00e0 ajouter un ajout maison g\u00e9nial \u00e0 vos fournitures de fabrication de savon.<br \/>\nDans un rose fuchsia brillant, nous vous proposons ce moule par lot de 6 dans un silicone souple, il est \u00e9galement r\u00e9utilisable, vous pouvez donc r\u00e9guli\u00e8rement produire vos savons fous!<br \/>\nMesure du moule *:<br \/>\nMoule complet (longueur x largeur): 187 mm x 211 mm<br \/>\nTaille du savon: (longueur x largeur x profondeur): 94 mm x 56 mm x 33 mm<br \/>\n* Veuillez noter que toutes les mesures sont approximatives et bas\u00e9es sur les points les plus larges des savons.<\/p>\n","protected":false},"excerpt":{"rendered":"<p>Ce moule \u00e0 savon ellipse ovale unique est l&rsquo;une des formes les plus originales de la fabrication de savon. Ce savon est id\u00e9al pour ceux qui cherchent \u00e0 ajouter un ajout maison g\u00e9nial \u00e0 vos fournitures de fabrication de savon. Dans un rose fuchsia brillant, nous vous proposons ce moule par lot de 6 dans [&hellip;]<\/p>\n","protected":false},"featured_media":11257,"comment_status":"open","ping_status":"closed","template":"","meta":{"_acf_changed":false},"product_brand":[],"product_cat":[152],"product_tag":[],"class_list":{"0":"post-10001","1":"product","2":"type-product","3":"status-publish","4":"has-post-thumbnail","6":"product_cat-fabrication-de-savon-moules-savon","8":"first","9":"instock","10":"taxable","11":"shipping-taxable","12":"purchasable","13":"product-type-simple"},"acf":[],"_links":{"self":[{"href":"https:\/\/cosyowl.com\/fr\/wp-json\/wp\/v2\/product\/10001","targetHints":{"allow":["GET"]}}],"collection":[{"href":"https:\/\/cosyowl.com\/fr\/wp-json\/wp\/v2\/product"}],"about":[{"href":"https:\/\/cosyowl.com\/fr\/wp-json\/wp\/v2\/types\/product"}],"replies":[{"embeddable":true,"href":"https:\/\/cosyowl.com\/fr\/wp-json\/wp\/v2\/comments?post=10001"}],"wp:featuredmedia":[{"embeddable":true,"href":"https:\/\/cosyowl.com\/fr\/wp-json\/wp\/v2\/media\/11257"}],"wp:attachment":[{"href":"https:\/\/cosyowl.com\/fr\/wp-json\/wp\/v2\/media?parent=10001"}],"wp:term":[{"taxonomy":"product_brand","embeddable":true,"href":"https:\/\/cosyowl.com\/fr\/wp-json\/wp\/v2\/product_brand?post=10001"},{"taxonomy":"product_cat","embeddable":true,"href":"https:\/\/cosyowl.com\/fr\/wp-json\/wp\/v2\/product_cat?post=10001"},{"taxonomy":"product_tag","embeddable":true,"href":"https:\/\/cosyowl.com\/fr\/wp-json\/wp\/v2\/product_tag?post=10001"}],"curies":[{"name":"wp","href":"https:\/\/api.w.org\/{rel}","templated":true}]}}