{"id":90,"date":"2020-11-11T12:50:31","date_gmt":"2020-11-11T12:50:31","guid":{"rendered":"https:\/\/cosyowl.com\/?page_id=90"},"modified":"2025-11-25T16:12:32","modified_gmt":"2025-11-25T15:12:32","slug":"welcome-to-cosy-owl-candle-suppliers-please-make-yourself-at-home","status":"publish","type":"page","link":"https:\/\/cosyowl.com\/fr\/","title":{"rendered":"Bienvenue Chez Cosy Owl"},"content":{"rendered":"<h2>Bienvenue Chez Cosy Owl \u2013 Fournisseur En Mat\u00e9riel Pour Bougies<\/h2>\n<div class=\"text\">\n<p>Chez Cosy Owl, nous sommes tr\u00e8s fiers de la vari\u00e9t\u00e9 et de la qualit\u00e9 des produits que nous fournissons pour fabriquer des bougies. Que vous fassiez vos premiers sillons dans le passe-temps ou que vous soyez une entreprise \u00e0 part enti\u00e8re de production de bougies, Cozy Owl propose une vaste s\u00e9lection de produits pour r\u00e9pondre \u00e0 vos besoins.<\/p>\n<p>D\u2019une vari\u00e9t\u00e9 de cires naturelles et min\u00e9rales aux m\u00e8ches personnalis\u00e9es et \u00e0 une vaste collection d\u2019huiles parfum\u00e9es et de colorants color\u00e9s, Cosy Owl a tout ce dont vous avez besoin pour fabriquer une bougie, que ce soit la plus petite des bougies chauffe-plat ou le plus grand des centres de table. En plus de l\u2019\u00e9quipement et du mat\u00e9riel dont vous avez besoin pour fabriquer des bougies, Cosy Owl propose \u00e9galement une large gamme de contenants pour vos bougies, notamment des bo\u00eetes, des pots, des verres et des gobelets en aluminium, avec un choix tout aussi large de couleurs et de formes.<\/p>\n<p>Nous nous approvisionnons uniquement en mat\u00e9riaux et produits aupr\u00e8s de fabricants de qualit\u00e9, y compris certains des colorants de cire et des producteurs de m\u00e8ches les plus renomm\u00e9s, et nous nous effor\u00e7ons \u00e9galement de garantir que tout ce que nous vendons est s\u00fbr et non toxique.<\/p>\n<p><strong>Exp\u00e9dition et douanes<\/strong><\/p>\n<p>Cosy Owl est un fournisseur bas\u00e9 au Royaume Uni, cependant, nous op\u00e9rons sur l\u2019Europe depuis de nombreuses ann\u00e9es, avant et depuis le Brexit.<\/p>\n<p><strong>Nous avons un processus d\u2019exp\u00e9dition simple et sans contraintes pour nos clients Europ\u00e9ens \u2013 il n\u2019y a jamais de frais d\u2019importation ni de taxes d\u2019aucune sorte \u00e0 payer \u00e0 l\u2019importation \u2013 ce que vous payez dans le panier correspond \u00e0 tout ce qui vous sera factur\u00e9 pour la commande \u2013 c\u2019est garanti.<\/strong><\/p>\n<p>Cosy Owl prend en charge la totalit\u00e9 des formalit\u00e9s douani\u00e8res et paie toutes les taxes, droits et frais en votre nom pour garantir une livraison rapide et sans tracas. Nous envoyons des milliers de colis chaque mois en Europe et servons r\u00e9guli\u00e8rement des milliers de clients satisfaits.<\/p>\n<\/div>\n","protected":false},"excerpt":{"rendered":"<p>Bienvenue Chez Cosy Owl \u2013 Fournisseur En Mat\u00e9riel Pour Bougies Chez Cosy Owl, nous sommes tr\u00e8s fiers de la vari\u00e9t\u00e9 et de la qualit\u00e9 des produits que nous fournissons pour fabriquer des bougies. Que vous fassiez vos premiers sillons dans le passe-temps ou que vous soyez une entreprise \u00e0 part enti\u00e8re de production de bougies, [&hellip;]<\/p>\n","protected":false},"author":3,"featured_media":0,"parent":0,"menu_order":0,"comment_status":"closed","ping_status":"closed","template":"template-canvas.php","meta":{"_acf_changed":false,"footnotes":""},"class_list":["post-90","page","type-page","status-publish","hentry"],"acf":[],"_links":{"self":[{"href":"https:\/\/cosyowl.com\/fr\/wp-json\/wp\/v2\/pages\/90","targetHints":{"allow":["GET"]}}],"collection":[{"href":"https:\/\/cosyowl.com\/fr\/wp-json\/wp\/v2\/pages"}],"about":[{"href":"https:\/\/cosyowl.com\/fr\/wp-json\/wp\/v2\/types\/page"}],"author":[{"embeddable":true,"href":"https:\/\/cosyowl.com\/fr\/wp-json\/wp\/v2\/users\/3"}],"replies":[{"embeddable":true,"href":"https:\/\/cosyowl.com\/fr\/wp-json\/wp\/v2\/comments?post=90"}],"version-history":[{"count":0,"href":"https:\/\/cosyowl.com\/fr\/wp-json\/wp\/v2\/pages\/90\/revisions"}],"wp:attachment":[{"href":"https:\/\/cosyowl.com\/fr\/wp-json\/wp\/v2\/media?parent=90"}],"curies":[{"name":"wp","href":"https:\/\/api.w.org\/{rel}","templated":true}]}}