{"id":8008,"date":"2021-01-07T10:41:18","date_gmt":"2021-01-07T10:41:18","guid":{"rendered":"https:\/\/cosyowl.com\/fr\/?page_id=8008"},"modified":"2024-11-14T17:05:41","modified_gmt":"2024-11-14T16:05:41","slug":"livraisons-retours","status":"publish","type":"page","link":"https:\/\/cosyowl.com\/fr\/shippinginfo","title":{"rendered":"Livraisons &amp; Retours"},"content":{"rendered":"<p>Bien que tous les efforts aient \u00e9t\u00e9 faits pour garantir que le processus d&rsquo;exp\u00e9dition vers nos clients dans l&rsquo;UE soit aussi fluide et sans tracas que possible, nous ne sommes pas des experts fiscaux ou douaniers et tous les chiffres ou tarifs indiqu\u00e9s sont \u00e0 titre indicatif uniquement et ne sont pas garantis. Cosy Owl n&rsquo;assume aucune responsabilit\u00e9 pour les taux de taxes ou de droits factur\u00e9s.<\/p>\n<p>En cas de retour de marchandises \u00e0 Cozy Owl par DPD en raison du non-paiement des frais de douane, du d\u00e9faut de fournir un num\u00e9ro EORI sur demande, d&rsquo;une adresse de livraison incorrecte ou de livraisons refus\u00e9es, nous ne sommes pas en mesure de rembourser le co\u00fbt initial de l&rsquo;exp\u00e9dition du marchandises de Cozy Owl et nous r\u00e9cup\u00e9rerons le co\u00fbt du retour de l&rsquo;envoi par DPD en d\u00e9duisant la valeur de tout remboursement d\u00fb.<\/p>\n<p>Les causes les plus courantes de retards \u00e0 la douane sont (mais sans s&rsquo;y limiter) le paiement des taxes, des frais et des droits, la fourniture d&rsquo;un num\u00e9ro EORI valide et les demandes d&rsquo;adresse. Cosy Owl n&rsquo;assume aucune responsabilit\u00e9 pour le temps que les douanes prennent pour traiter l&rsquo;un des \u00e9l\u00e9ments mentionn\u00e9s ci-dessus. Malheureusement, Cozy Owl n&rsquo;est pas en mesure de renvoyer les commandes qui ont \u00e9t\u00e9 retourn\u00e9es par les douanes, et nous ne pouvons pas non plus nous r\u00e9approvisionner gratuitement. La seule solution que nous pouvons prendre est de rembourser.<\/p>\n<h2>Informations d&rsquo;exp\u00e9dition et de livraison<\/h2>\n<p>Tous les d\u00e9lais de livraison indiqu\u00e9s sur Cozy Owl n&rsquo;incluent pas les d\u00e9lais d&rsquo;exp\u00e9dition, qui sont g\u00e9n\u00e9ralement de 24 heures, mais peuvent parfois \u00eatre plus longs, surtout en haute saison. Toutes les commandes sont g\u00e9n\u00e9ralement exp\u00e9di\u00e9es dans un d\u00e9lai maximum de 3 jours ouvrables. L&rsquo;exp\u00e9dition et les livraisons sont uniquement des jours ouvrables (du lundi au vendredi, sauf les jours f\u00e9ri\u00e9s). Veuillez autoriser le d\u00e9lai indiqu\u00e9 pour l&rsquo;option de transport que vous avez choisie avant de poursuivre votre livraison; le jour ouvrable suivant (2 jours pour les Highlands et les \u00eeles) ou jusqu&rsquo;\u00e0 5 jours ouvrables (Courrier ou Royal Mail). Les commandes pass\u00e9es AVANT 13 heures, avec la livraison express s\u00e9lectionn\u00e9e, seront exp\u00e9di\u00e9es le jour m\u00eame lors d&rsquo;un prochain jour ouvrable (service de 2 jours pour les Highlands et les \u00eeles). Les commandes pass\u00e9es apr\u00e8s 13 heures, avec la livraison express s\u00e9lectionn\u00e9e, seront exp\u00e9di\u00e9es le jour ouvrable suivant le jour ouvrable suivant (service de 2 jours pour les Highlands et les \u00eeles).<\/p>\n<p>Vous recevrez un email vous informant de l&rsquo;envoi de votre commande.<\/p>\n<h2>Recevoir de grosses commandes palettis\u00e9es<\/h2>\n<p>Les commandes de marchandises en vrac seront palettis\u00e9es et livr\u00e9es sur un seul service, ce qui signifie que, selon les conditions, les conducteurs peuvent refuser de livrer \u00e0 l&rsquo;endroit de votre choix. Nous vous conseillons de vous assurer que vous disposez des ressources humaines n\u00e9cessaires pour accepter la livraison d&rsquo;une commande qui sera exp\u00e9di\u00e9e sur une palette, afin de la d\u00e9placer du c\u00f4t\u00e9 de la bordure \u00e0 l&#8217;emplacement requis. C&rsquo;est la responsabilit\u00e9 du client. Si vous n&rsquo;acceptez pas la livraison ou demandez une nouvelle livraison, des frais suppl\u00e9mentaires peuvent \u00eatre factur\u00e9s.<\/p>\n<h2>Signature pour les livraisons<\/h2>\n<p>Il est essentiel que toutes les marchandises soient v\u00e9rifi\u00e9es avant d\u2019\u00eatre sign\u00e9es. Si un article est endommag\u00e9, signez que l&rsquo;article est \u00abendommag\u00e9\u00bb, informez le chauffeur et Cozy Owl d\u00e8s que possible. En omettant de le faire, vous acceptez la responsabilit\u00e9 de tout dommage d\u00e9couvert par la suite, annulant toute r\u00e9clamation. Toute r\u00e9clamation de dommage soulev\u00e9e apr\u00e8s 30 jours ne sera pas honor\u00e9e en raison de la dur\u00e9e pendant laquelle l&rsquo;article a \u00e9t\u00e9 stock\u00e9 et manipul\u00e9, sans avis pr\u00e9alable.<\/p>\n<h2>Informations sur les retours<\/h2>\n<p>Pour les objets ind\u00e9sirables:<\/p>\n<ul>\n<li>Nous devons \u00eatre inform\u00e9s \u00e0 l&rsquo;avance et dans les 14 jours suivant la r\u00e9ception de votre intention de retourner.<\/li>\n<li>Nous vous rembourserons \/ cr\u00e9diterons ou remplacerons tout article ind\u00e9sirable dans les 14 jours suivant votre retour.<\/li>\n<li>Les retours ne seront accept\u00e9s que pour les marchandises inutilis\u00e9es dans un \u00e9tat revendable.<\/li>\n<li>Les marchandises retourn\u00e9es doivent \u00eatre envoy\u00e9es par le client dans un emballage appropri\u00e9, les frais de port de retour \u00e9tant \u00e0 la charge du client.<\/li>\n<li>Toute perte de valeur r\u00e9sultant de l&rsquo;utilisation de l&rsquo;article ou de tout dommage caus\u00e9 \u00e0 l&rsquo;article doit \u00eatre compens\u00e9e financi\u00e8rement par le client, ou un montant peut \u00eatre d\u00e9duit de tout remboursement d\u00fb.<\/li>\n<\/ul>\n<p>Pour les articles d\u00e9fectueux:<\/p>\n<ul>\n<li>Si un article est d\u00e9fectueux, nous devons \u00eatre inform\u00e9s d\u00e8s que possible de votre intention de revenir. Nous donnerons des instructions pour le retour de l&rsquo;article.<\/li>\n<li>L&rsquo;article doit \u00eatre complet avec tous ses composants.<\/li>\n<li>Une r\u00e9paration ne doit pas avoir \u00e9t\u00e9 tent\u00e9e.<\/li>\n<li>L&rsquo;article ne doit en aucun cas avoir \u00e9t\u00e9 modifi\u00e9 ou modifi\u00e9.<\/li>\n<li>Le client est responsable de s&rsquo;assurer que l&rsquo;article nous parvient dans le m\u00eame \u00e9tat qu&rsquo;il a \u00e9t\u00e9 envoy\u00e9. Les frais de port de retour sont \u00e0 la charge du client, mais dans la plupart des cas, ils seront rembours\u00e9s apr\u00e8s r\u00e9ception de l&rsquo;article.<\/li>\n<li>Les articles doivent \u00eatre inspect\u00e9s \u00e0 la r\u00e9ception et sign\u00e9s comme endommag\u00e9s, le cas \u00e9ch\u00e9ant. Tout dommage aux marchandises doit \u00eatre signal\u00e9 \u00e0 Cozy Owl dans les 30 jours suivant la r\u00e9ception. Les r\u00e9clamations en dehors de 30 jours ne seront pas honor\u00e9es en raison de l&rsquo;incertitude sur la mani\u00e8re dont le produit a \u00e9t\u00e9 manipul\u00e9 et stock\u00e9. En signant pour des biens, vous acceptez qu&rsquo;ils ont \u00e9t\u00e9 fournis en bon \u00e9tat.<\/li>\n<\/ul>\n","protected":false},"excerpt":{"rendered":"<p>Bien que tous les efforts aient \u00e9t\u00e9 faits pour garantir que le processus d&rsquo;exp\u00e9dition vers nos clients dans l&rsquo;UE soit aussi fluide et sans tracas que possible, nous ne sommes pas des experts fiscaux ou douaniers et tous les chiffres ou tarifs indiqu\u00e9s sont \u00e0 titre indicatif uniquement et ne sont pas garantis. Cosy Owl [&hellip;]<\/p>\n","protected":false},"author":1,"featured_media":0,"parent":0,"menu_order":0,"comment_status":"closed","ping_status":"closed","template":"","meta":{"_acf_changed":false,"footnotes":""},"class_list":["post-8008","page","type-page","status-publish","hentry"],"acf":[],"_links":{"self":[{"href":"https:\/\/cosyowl.com\/fr\/wp-json\/wp\/v2\/pages\/8008","targetHints":{"allow":["GET"]}}],"collection":[{"href":"https:\/\/cosyowl.com\/fr\/wp-json\/wp\/v2\/pages"}],"about":[{"href":"https:\/\/cosyowl.com\/fr\/wp-json\/wp\/v2\/types\/page"}],"author":[{"embeddable":true,"href":"https:\/\/cosyowl.com\/fr\/wp-json\/wp\/v2\/users\/1"}],"replies":[{"embeddable":true,"href":"https:\/\/cosyowl.com\/fr\/wp-json\/wp\/v2\/comments?post=8008"}],"version-history":[{"count":0,"href":"https:\/\/cosyowl.com\/fr\/wp-json\/wp\/v2\/pages\/8008\/revisions"}],"wp:attachment":[{"href":"https:\/\/cosyowl.com\/fr\/wp-json\/wp\/v2\/media?parent=8008"}],"curies":[{"name":"wp","href":"https:\/\/api.w.org\/{rel}","templated":true}]}}