{"id":7902,"date":"2021-01-06T11:35:18","date_gmt":"2021-01-06T11:35:18","guid":{"rendered":"https:\/\/cosyowl.com\/fr\/?page_id=7902"},"modified":"2021-08-26T15:08:53","modified_gmt":"2021-08-26T14:08:53","slug":"about","status":"publish","type":"page","link":"https:\/\/cosyowl.com\/fr\/about","title":{"rendered":"\u00c0 Propos De Nous"},"content":{"rendered":"<p>Chez Cosy Owl, nous sommes tr\u00e8s fiers de la vari\u00e9t\u00e9 et de la qualit\u00e9 des produits que nous proposons pour la fabrication de bougies. Que vous fassiez vos premiers sillons dans le passe-temps ou que vous soyez une entreprise de production de bougies \u00e0 part enti\u00e8re, Cosy Owl propose une vaste s\u00e9lection de produits pour r\u00e9pondre \u00e0 vos besoins.<\/p>\n<p>D&rsquo;une vari\u00e9t\u00e9 de cires naturelles et min\u00e9rales aux m\u00e8ches personnalis\u00e9es et \u00e0 une vaste collection d&rsquo;huiles parfum\u00e9es et de colorants color\u00e9s, Cosy Owl a tout ce dont vous avez besoin pour fabriquer une bougie, que ce soit la plus petite des bougies chauffe-plat ou le plus grand des centres de table. En plus de l&rsquo;\u00e9quipement et des mat\u00e9riaux dont vous avez besoin pour fabriquer des bougies, The Cosy Owl propose \u00e9galement une large gamme de contenants pour vos bougies, notamment des bo\u00eetes, des pots, des verres et des gobelets en aluminium, avec un choix tout aussi large de couleurs et de formes.<\/p>\n<p>Nous nous approvisionnons uniquement en mat\u00e9riaux et produits aupr\u00e8s de fabricants de qualit\u00e9, y compris certains des colorants de cire et des producteurs de m\u00e8ches les plus renomm\u00e9s, et nous nous effor\u00e7ons \u00e9galement de garantir que tout ce que nous vendons est s\u00fbr et non toxique.<\/p>\n","protected":false},"excerpt":{"rendered":"<p>Chez Cosy Owl, nous sommes tr\u00e8s fiers de la vari\u00e9t\u00e9 et de la qualit\u00e9 des produits que nous proposons pour la fabrication de bougies. Que vous fassiez vos premiers sillons dans le passe-temps ou que vous soyez une entreprise de production de bougies \u00e0 part enti\u00e8re, Cosy Owl propose une vaste s\u00e9lection de produits pour [&hellip;]<\/p>\n","protected":false},"author":1,"featured_media":0,"parent":0,"menu_order":0,"comment_status":"closed","ping_status":"closed","template":"","meta":{"_acf_changed":false,"footnotes":""},"class_list":["post-7902","page","type-page","status-publish","hentry"],"acf":[],"_links":{"self":[{"href":"https:\/\/cosyowl.com\/fr\/wp-json\/wp\/v2\/pages\/7902","targetHints":{"allow":["GET"]}}],"collection":[{"href":"https:\/\/cosyowl.com\/fr\/wp-json\/wp\/v2\/pages"}],"about":[{"href":"https:\/\/cosyowl.com\/fr\/wp-json\/wp\/v2\/types\/page"}],"author":[{"embeddable":true,"href":"https:\/\/cosyowl.com\/fr\/wp-json\/wp\/v2\/users\/1"}],"replies":[{"embeddable":true,"href":"https:\/\/cosyowl.com\/fr\/wp-json\/wp\/v2\/comments?post=7902"}],"version-history":[{"count":0,"href":"https:\/\/cosyowl.com\/fr\/wp-json\/wp\/v2\/pages\/7902\/revisions"}],"wp:attachment":[{"href":"https:\/\/cosyowl.com\/fr\/wp-json\/wp\/v2\/media?parent=7902"}],"curies":[{"name":"wp","href":"https:\/\/api.w.org\/{rel}","templated":true}]}}