{"id":4796,"date":"2020-12-16T02:21:45","date_gmt":"2020-12-16T02:21:45","guid":{"rendered":"https:\/\/cosyowl.com\/?page_id=4796"},"modified":"2024-05-16T00:24:44","modified_gmt":"2024-05-15T22:24:44","slug":"wholesale-candle-making-supplies","status":"publish","type":"page","link":"https:\/\/cosyowl.com\/fr\/de-gros","title":{"rendered":"Grossiste"},"content":{"rendered":"\r\n<link rel='stylesheet' href='\/wp-content\/themes\/shoptimizer-child-theme\/wholesale.css' type='text\/css' media='all' \/>\r\n\r\n<div class=\"section1\">\r\n\t<h2>Cosy Owl est ravi de lancer notre site de vente en gros de mat\u00e9riel de fabrication de bougies<\/h2>\r\n\t<p>Exclusivement pour les clients professionnels, nous offrons maintenant des prix sur mesure et une gestion des comptes pour nos clients professionnels r\u00e9guliers<\/p>\r\n<\/div>\r\n\r\n<div class=\"section2\">\r\n\t<p>Bas\u00e9 sur le principe simple suivant lequel plus vous d\u00e9pensez, plus vous obtenez de r\u00e9duction sur tous les produits. MAIS il est important que nos prix de gros r\u00e9duits restent constants, peu importe le montant que vous passez avec chaque commande ou le nombre de chaque produit que vous achetez.<\/p>\r\n\t<p>Vous pouvez donc compter sur une base de co\u00fbts coh\u00e9rente pour votre entreprise, que vous ayez besoin de 1 ou 1 000 articles dans une commande.<\/p>\r\n\t<p>En tant que client professionnel de valeur, vous recevrez \u00e9galement une gestion de compte d\u00e9di\u00e9e, un premier acc\u00e8s exclusif \u00e0 de nouveaux produits, des avantages pour les membres et la promotion de votre entreprise via notre blog et nos m\u00e9dias sociaux.<\/p>\r\n<\/div>\r\n\r\n<div class=\"section3\">\r\n<ul>\r\n\t<li class=\"item1\">Remises personnalis\u00e9es sur l\u2019ensemble du site en fonction des d\u00e9penses totales \u2013 pas d\u00e9pens\u00e9es par commande ou par produit<\/li>\r\n\t<li class=\"item2\">Gestionnaire de compte d\u00e9di\u00e9<\/li>\r\n\t<li class=\"item3\">Obtenez toujours le rabais convenu, peu importe combien vous commandez en m\u00eame temps<\/li>\r\n\t<li class=\"item4\">Augmentez vos rabais \u00e0 mesure que votre entreprise grandit et que vos d\u00e9penses augmentent avec nous<\/li>\r\n\t<li class=\"item5\">Remises bas\u00e9es sur les d\u00e9penses globales plut\u00f4t que sur la quantit\u00e9 dans chaque commande = base de co\u00fbts coh\u00e9rente pour votre entreprise<\/li>\r\n\t<li class=\"item6\">Premier acc\u00e8s exclusif \u00e0 de nouveaux produits et fonctionnalit\u00e9s<\/li>\r\n\t<li class=\"item7\">Remises m\u00eame sur les prix d\u2019achat en gros<\/li>\r\n\t<li class=\"item8\">Utilisez-nous pour promouvoir votre entreprise \u2013 nous faisons la promotion de nos clients professionnels sur les m\u00e9dias sociaux et sur notre blog<\/li>\r\n<\/ul>\r\n<br class=\"clearBoth\" \/>\r\n<\/div>\r\n\r\n<div class=\"section4\"><\/div>\r\n\r\n<div class=\"section5\">\r\n\t<div class=\"zigzag\"><\/div>\r\n\t<a name=\"apply\"><\/a>\r\n\t<h2>Comment devenir un client Trade Cozy Owl<\/h2>\r\n\t\r\n\t<div class=\"flowchart\">\r\n\t\t<div class=\"flowchart1\">\r\n\t\t\t<h3>D\u00e9j\u00e0 client?<\/h3>\r\n\t\t\t<img decoding=\"async\" src=\"https:\/\/cosyowl.com\/wp-content\/uploads\/design\/owl-avatar-winking-200.png\" alt=\"Cosy Owl avatar\" \/>\r\n\t\t\t<p>Un responsable de compte examinera votre compte et, une fois que vous aurez d\u00e9pens\u00e9 plus de 180 \u20ac pendant deux mois cons\u00e9cutifs, il vous \u00e9tablira un bandeau de r\u00e9duction appropri\u00e9 et vous contactera pour confirmer. N\u2019oubliez pas que plus vous d\u00e9pensez, plus la bande de r\u00e9duction sera \u00e9lev\u00e9e.<\/p>\r\n\t\t<\/div>\r\n\t\t\r\n\t\t<div class=\"flowchart2\">\r\n\t\t\t<h3>Nouveau sur Cosy Owl?<\/h3>\r\n\t\t\t<img decoding=\"async\" src=\"https:\/\/cosyowl.com\/wp-content\/uploads\/design\/owl-avatar-looking-up-200.png\" alt=\"Cosy Owl avatar\" \/>\r\n\t\t\t<p class=\"wholesale-button\"><a href=\"https:\/\/cosyowl.com\/fr\/account\/\">Cliquez ici pour vous inscrire.<\/a><\/p>\r\n\t\t\t<p>Remplissez le formulaire d\u2019inscription. Coche \u2018es-tu un client professionnel?\u2019 et remplissez les d\u00e9tails, y compris les d\u00e9penses mensuelles estim\u00e9es. Soumettre le formulaire.<\/p>\r\n\t\t\t<p>Une fois que vous avez pass\u00e9 180 \u20ac ou plus de commandes au cours de deux mois cons\u00e9cutifs, un responsable de compte vous contactera pour configurer votre groupe de remise. Plus vous d\u00e9pensez, plus la r\u00e9duction sera appliqu\u00e9e.<\/p>\r\n\t\t<\/div>\r\n\t\t\r\n\t\t<div class=\"flowchart3\">\t\t\r\n\t\t\t<p><b>Une fois install\u00e9<\/b> <br\/>Chaque fois que vous vous connectez, vous verrez vos prix r\u00e9duits sur tous les produits.<\/p>\r\n\t\t<\/div>\r\n\t<\/div>\r\n<\/div>\r\n\r\n<div class=\"section4\"><\/div>\r\n","protected":false},"excerpt":{"rendered":"<p>Cosy Owl est ravi de lancer notre site de vente en gros de mat\u00e9riel de fabrication de bougies Exclusivement pour les clients professionnels, nous offrons maintenant des prix sur mesure et une gestion des comptes pour nos clients professionnels r\u00e9guliers Bas\u00e9 sur le principe simple suivant lequel plus vous d\u00e9pensez, plus vous obtenez de r\u00e9duction [&hellip;]<\/p>\n","protected":false},"author":3,"featured_media":0,"parent":0,"menu_order":0,"comment_status":"closed","ping_status":"closed","template":"template-fullwidth.php","meta":{"_acf_changed":false,"footnotes":""},"class_list":["post-4796","page","type-page","status-publish","hentry"],"acf":[],"_links":{"self":[{"href":"https:\/\/cosyowl.com\/fr\/wp-json\/wp\/v2\/pages\/4796","targetHints":{"allow":["GET"]}}],"collection":[{"href":"https:\/\/cosyowl.com\/fr\/wp-json\/wp\/v2\/pages"}],"about":[{"href":"https:\/\/cosyowl.com\/fr\/wp-json\/wp\/v2\/types\/page"}],"author":[{"embeddable":true,"href":"https:\/\/cosyowl.com\/fr\/wp-json\/wp\/v2\/users\/3"}],"replies":[{"embeddable":true,"href":"https:\/\/cosyowl.com\/fr\/wp-json\/wp\/v2\/comments?post=4796"}],"version-history":[{"count":0,"href":"https:\/\/cosyowl.com\/fr\/wp-json\/wp\/v2\/pages\/4796\/revisions"}],"wp:attachment":[{"href":"https:\/\/cosyowl.com\/fr\/wp-json\/wp\/v2\/media?parent=4796"}],"curies":[{"name":"wp","href":"https:\/\/api.w.org\/{rel}","templated":true}]}}