{"id":3,"date":"2020-10-31T22:54:05","date_gmt":"2020-10-31T22:54:05","guid":{"rendered":"https:\/\/cosyowl.com\/?page_id=3"},"modified":"2022-02-28T13:51:42","modified_gmt":"2022-02-28T13:51:42","slug":"privacy-policy","status":"publish","type":"page","link":"https:\/\/cosyowl.com\/fr\/privacy","title":{"rendered":"Notice de Confidentialit\u00e9"},"content":{"rendered":"\r\n\r\nBienvenue chez Cosy Owl. Cozy Owl maintient ce site (le \u00ab\u00a0Site\u00a0\u00bb) pour votre usage personnel, en fournissant des informations concernant nos produits et services. Cosy Owl respecte les pr\u00e9occupations des utilisateurs du site en mati\u00e8re de confidentialit\u00e9 et a cr\u00e9\u00e9 cette d\u00e9claration de confidentialit\u00e9 pour expliquer quelles informations nous recueillons lors de votre visite sur le site et comment ces informations peuvent \u00eatre utilis\u00e9es. Cosy Owl est enregistr\u00e9 en vertu du R\u00e8glement g\u00e9n\u00e9ral sur la protection des donn\u00e9es, entr\u00e9 en vigueur en mai 2018.\r\n<h2 class=\"wp-block-heading\">Collecte et utilisation de l&rsquo;information<\/h2>\r\nEn r\u00e8gle g\u00e9n\u00e9rale, aucune information personnellement identifiable, telle que votre nom, adresse, num\u00e9ro de t\u00e9l\u00e9phone (s) ou adresse e-mail, n&rsquo;est demand\u00e9e ou collect\u00e9e sur ce site. Cependant, si vous choisissez d&rsquo;acheter des biens ou de cr\u00e9er un compte sur ce site, il vous sera demand\u00e9 de nous fournir certaines informations personnellement identifiables telles que votre nom, votre domicile ou votre adresse postale, votre num\u00e9ro de t\u00e9l\u00e9phone ou votre adresse \u00e9lectronique. Les informations personnellement identifiables ne seront pas vendues et ne seront pas transmises \u00e0 des tiers sans votre consentement.\r\n\r\nPour des raisons l\u00e9gales, nous stockons le contenu du contrat relatif \u00e0 la vente de biens et vous enverrons les d\u00e9tails de votre commande ainsi que nos conditions g\u00e9n\u00e9rales par e-mail. Vous pouvez trouver les conditions de vente sur le site. Les d\u00e9tails concernant vos commandes r\u00e9centes peuvent \u00eatre trouv\u00e9s dans votre connexion client ou en nous contactant par d&rsquo;autres moyens.\r\n\r\nVos donn\u00e9es personnelles seront utilis\u00e9es pour vous fournir les informations, les biens et les services propos\u00e9s sur le Site, pour la facturation et l&rsquo;ex\u00e9cution des commandes. En outre, pour les clients qui acceptent le service de newsletter propos\u00e9, vos informations telles que votre adresse e-mail ne seront utilis\u00e9es par Cosy Owl qu&rsquo;\u00e0 des fins de marketing pour vous tenir inform\u00e9 de toute offre ou offre susceptible de vous int\u00e9resser. optez pour cette option qui n&rsquo;est pas utilis\u00e9e par d\u00e9faut. Nous ne transmettons jamais vos donn\u00e9es \u00e0 des tiers, sauf si cela est n\u00e9cessaire pour l&rsquo;ex\u00e9cution des commandes, par exemple lorsqu&rsquo;une entreprise de messagerie exige votre nom, adresse et parfois votre num\u00e9ro de t\u00e9l\u00e9phone pour livrer les marchandises que vous avez command\u00e9es chez nous.\r\n\r\nN&rsquo;h\u00e9sitez pas \u00e0 nous contacter si vous souhaitez plus de d\u00e9tails sur les informations que nous stockons et \/ ou si vous souhaitez que nous supprimions vos informations de notre syst\u00e8me. Les informations relatives aux commandes clients ne peuvent pas \u00eatre supprim\u00e9es, car la soci\u00e9t\u00e9 exige que ces commandes soient conserv\u00e9es pour des raisons juridiques (pour une p\u00e9riode de 7 ans). Veuillez pr\u00e9voir jusqu&rsquo;\u00e0 cinq jours ouvrables pour que les informations soient supprim\u00e9es (bien que cela puisse normalement \u00eatre fait plus t\u00f4t).\r\n\r\nVous avez le droit l\u00e9gal d&rsquo;obtenir une copie de toutes les informations que Cozy Owl d\u00e9tient sur vous &#8211; des frais de \u00a3 10 peuvent \u00eatre factur\u00e9s pour couvrir les frais administratifs li\u00e9s \u00e0 la collecte et \u00e0 l&rsquo;envoi de ces informations.\r\n\r\nSi vous avez une plainte concernant la d\u00e9tention et le traitement des informations vous concernant, veuillez nous contacter en premier lieu et nous sommes s\u00fbrs que nous serons en mesure de r\u00e9soudre votre r\u00e9clamation imm\u00e9diatement et \u00e0 votre satisfaction. Dans le cas peu probable o\u00f9 nous ne serions pas en mesure de le faire, vous pouvez contacter l\u2019OIC (Bureau du Commissaire \u00e0 l\u2019information) pour vous plaindre &#8211; vous trouverez les coordonn\u00e9es sur https:\/\/ico.org.uk\/. L&rsquo;ICO contactera alors Cosy Owl et recommandera un plan d&rsquo;action pour traiter votre plainte de mani\u00e8re appropri\u00e9e.\r\n<h2>S\u00e9curit\u00e9<\/h2>\r\nLa s\u00e9curit\u00e9 de toutes les informations personnellement identifiables est extr\u00eamement importante pour nous. Pour cette raison, nous utilisons la derni\u00e8re technologie de cryptage SSL (Secure Socket Layer). Malheureusement, aucune transmission de donn\u00e9es sur Internet ne peut \u00eatre garantie \u00e0 100%. Par cons\u00e9quent, m\u00eame si nous nous effor\u00e7ons de prot\u00e9ger vos informations personnelles, Cosy Owl ne peut garantir ou garantir la s\u00e9curit\u00e9 des informations que vous nous transmettez, et vous le faites \u00e0 vos risques et p\u00e9rils. Une fois que nous recevons votre \u00ab\u00a0transmission\u00a0\u00bb (informations qui nous sont fournies), nous mettons tout en \u0153uvre pour assurer sa s\u00e9curit\u00e9 sur nos syst\u00e8mes.\r\n<h2>Acc\u00e8s li\u00e9 \u00e0 l&rsquo;\u00e2ge<\/h2>\r\nCe site n&rsquo;est ni dirig\u00e9 ni destin\u00e9 aux personnes de moins de 18 ans.\r\n<h2>Biscuits<\/h2>\r\nLes cookies sont des \u00e9l\u00e9ments d&rsquo;information transf\u00e9r\u00e9s depuis un site et stock\u00e9s sur le disque dur de votre ordinateur \u00e0 des fins de tenue de registres. Les cookies peuvent nous indiquer quelles parties du site vous visitez et combien de temps vous y passez, ce qui nous permet d\u2019adapter le site aux pr\u00e9f\u00e9rences de nos clients actuels et futurs. Les cookies ne contiennent pas d&rsquo;informations personnelles identifiables. De plus, vous pouvez bloquer les cookies sur le site. Les donn\u00e9es sont collect\u00e9es via le Site \u00e0 l&rsquo;aide des outils d&rsquo;analyse Web AddThis et Google Analytics et \u00e0 l&rsquo;aide de cookies utilis\u00e9s pour g\u00e9n\u00e9rer des pseudonymes pour les profils d&rsquo;utilisateurs.\r\n<h2>Liens vers des sites non affili\u00e9s<\/h2>\r\nCosy Owl n&rsquo;est pas responsable du contenu ou des pratiques des sites Web tiers non affili\u00e9s pouvant \u00eatre li\u00e9s \u00e0 ou \u00e0 partir de ce site. Il est recommand\u00e9 que, si vous visitez des sites Web tiers non affili\u00e9s, vous devez vous reporter \u00e0 la politique et aux pratiques de confidentialit\u00e9 de ces sites avant d&rsquo;afficher du contenu ou d&rsquo;effectuer des achats de biens ou de services associ\u00e9s au site Web tiers.\r\n<h2>Consentement \u00e0 la maintenance et au traitement des informations personnelles<\/h2>\r\nEn utilisant ce site, vous consentez sans ambigu\u00eft\u00e9 au traitement de vos informations personnelles associ\u00e9es \u00e0 l\u2019achat de nos produits au Royaume-Uni, par Cosy Owl. Un rappel sur un point pr\u00e9c\u00e9dent selon lequel les clients peuvent demander des informations pr\u00e9cises sur les informations pouvant \u00eatre stock\u00e9es et utilis\u00e9es par Cosy Owl et r\u00e9voquer leur consentement pour acc\u00e9der et utiliser ces informations \u00e0 tout moment. Veuillez noter que toutes les informations associ\u00e9es au paiement des marchandises que vous avez achet\u00e9es aupr\u00e8s de Cosy Owl ne sont pas conserv\u00e9es sur notre syst\u00e8me informatique ou sur des documents papier. Ces informations ne sont utilis\u00e9es qu&rsquo;au moment de la vente.\r\n<h2>Contactez nous<\/h2>\r\nSi vous avez des questions ou des pr\u00e9occupations concernant cette d\u00e9claration de confidentialit\u00e9, les pratiques g\u00e9n\u00e9rales de Cosy Owl ou votre interaction avec le site, n&rsquo;h\u00e9sitez pas \u00e0 nous contacter par courrier \u00e9lectronique, par t\u00e9l\u00e9phone ou par \u00e9crit. Nous vous invitons \u00e0 faire vos suggestions.\r\n<h2>Votre acceptation de ces conditions<\/h2>\r\nEn utilisant ce site de quelque mani\u00e8re que ce soit, vous indiquez que vous acceptez la politique de confidentialit\u00e9 de cette soci\u00e9t\u00e9. Si vous n&rsquo;acceptez pas cette politique, vous pouvez, \u00e0 votre discr\u00e9tion, refuser de faire des achats. Cozy Owl se r\u00e9serve le droit de modifier, modifier ou mettre \u00e0 jour cette politique \u00e0 tout moment; Par cons\u00e9quent, nous vous encourageons \u00e0 consulter cette politique de temps \u00e0 autre, selon vos besoins, avant ou pendant vos achats. Votre utilisation continue du site apr\u00e8s la publication de toute modification de ces conditions signifie que vous acceptez ces modifications.\r\n\r\n","protected":false},"excerpt":{"rendered":"<p>Bienvenue chez Cosy Owl. Cozy Owl maintient ce site (le \u00ab\u00a0Site\u00a0\u00bb) pour votre usage personnel, en fournissant des informations concernant nos produits et services. Cosy Owl respecte les pr\u00e9occupations des utilisateurs du site en mati\u00e8re de confidentialit\u00e9 et a cr\u00e9\u00e9 cette d\u00e9claration de confidentialit\u00e9 pour expliquer quelles informations nous recueillons lors de votre visite sur [&hellip;]<\/p>\n","protected":false},"author":1,"featured_media":0,"parent":0,"menu_order":0,"comment_status":"closed","ping_status":"open","template":"","meta":{"_acf_changed":false,"footnotes":""},"class_list":["post-3","page","type-page","status-publish","hentry"],"acf":[],"_links":{"self":[{"href":"https:\/\/cosyowl.com\/fr\/wp-json\/wp\/v2\/pages\/3","targetHints":{"allow":["GET"]}}],"collection":[{"href":"https:\/\/cosyowl.com\/fr\/wp-json\/wp\/v2\/pages"}],"about":[{"href":"https:\/\/cosyowl.com\/fr\/wp-json\/wp\/v2\/types\/page"}],"author":[{"embeddable":true,"href":"https:\/\/cosyowl.com\/fr\/wp-json\/wp\/v2\/users\/1"}],"replies":[{"embeddable":true,"href":"https:\/\/cosyowl.com\/fr\/wp-json\/wp\/v2\/comments?post=3"}],"version-history":[{"count":0,"href":"https:\/\/cosyowl.com\/fr\/wp-json\/wp\/v2\/pages\/3\/revisions"}],"wp:attachment":[{"href":"https:\/\/cosyowl.com\/fr\/wp-json\/wp\/v2\/media?parent=3"}],"curies":[{"name":"wp","href":"https:\/\/api.w.org\/{rel}","templated":true}]}}