{"id":9964,"date":"2021-01-10T06:00:00","date_gmt":"2021-01-10T06:00:00","guid":{"rendered":"https:\/\/cosyowl.com\/product\/uncategorized\/import-placeholder-for-tcdl-cwik-bwed-s5mt-clx-206"},"modified":"2026-03-03T13:43:52","modified_gmt":"2026-03-03T13:43:52","slug":"wedo-lx-wick-raw","status":"publish","type":"product","link":"https:\/\/cosyowl.com\/es\/candle-wicks\/wedo-lx-wick-raw","title":{"rendered":"Mecha de vela Wedo LX - Cruda"},"content":{"rendered":"<p>Esta mecha se suministra en longitudes de 5 metros.<\/p>\n<p><a href=\"https:\/\/cosyowl.com\/es\/\">B\u00faho acogedor<\/a> suministra la mecha Wedo de la serie LX, dise\u00f1ada para recipientes y velas de pie fabricadas principalmente con <a href=\"https:\/\/cosyowl.com\/es\/guides\/the-truth-about-paraffin-wax-being-vegan-friendly\">parafina<\/a> pero tambi\u00e9n funciona bien en mezclas que contengan cera vegetal. Adem\u00e1s, la serie ofrece un alto rendimiento con cargas normales de fragancia y concentraciones de color. La serie tiene su propio <a href=\"https:\/\/cosyowl.com\/es\/candle-making-supplies\/fragrance-oils-for-candle-making\/all-fragrances\/alien-type-fragrance-oil\">\u00fanico<\/a> tratamiento qu\u00edmico \"X\". La construcci\u00f3n de mecha sin n\u00facleo con hilos de estabilidad adicionales proporciona una excelente resistencia estructural para su uso tanto en el moldeo\/vertido como en el prensado. <a href=\"https:\/\/cosyowl.com\/es\/guides\/a-summers-beach-gel-votive-candle\">vela<\/a> operaciones de fabricaci\u00f3n.<\/p>\n<p>La serie LX est\u00e1 fabricada exclusivamente con algod\u00f3n hilado en anillos de la m\u00e1s alta calidad. Esto mejora la consistencia general, ayudando a que las operaciones de fabricaci\u00f3n de velas se desarrollen sin problemas y ofrezcan mejores resultados de combusti\u00f3n.<\/p>\n<p>Las mechas Wedo combinan los materiales de mecha de la m\u00e1s alta calidad, la tecnolog\u00eda m\u00e1s avanzada de trenzado y enrollado, as\u00ed como la probada y <a href=\"https:\/\/cosyowl.com\/es\/finance-accepted\">aprobado<\/a> tratamientos qu\u00edmicos para proporcionar una combusti\u00f3n lo m\u00e1s limpia y segura posible de los materiales en cuesti\u00f3n. Los materiales y procesos tambi\u00e9n garantizan un producto homog\u00e9neo <a href=\"https:\/\/cosyowl.com\/es\/candle-wicks\/wedo-lx-wick-120mm\">calidad<\/a> de principio a fin y de lote a lote. La postura de la mecha de recorte autom\u00e1tico minimiza o elimina la formaci\u00f3n de dep\u00f3sitos de carbono y reduce en gran medida el resplandor posterior. Como proveedor acreditado, Wedo s\u00f3lo fabrica mechas que cumplen los estrictos requisitos del sello de calidad europeo RAL GZ 041. Wedo cuenta con la certificaci\u00f3n EN ISO 9001:2008.<\/p>\n<h3>Recomendaciones de mechas**<\/h3>\n<p><strong>Haga clic en el siguiente enlace para explorar nuestra mecha <a href=\"https:\/\/cosyowl.com\/es\/guides\/using-cotton-wicks-with-soyaluna-container-wax-recommendations\">recomendaciones<\/a> a la medida de sus necesidades de fabricaci\u00f3n de velas.<\/strong><\/p>\n<p><a href=\"https:\/\/cosyowl.com\/es\/guias\/porcentajes-y-medidas\/?wmc-currency=EUR\">Recomendaciones para mechas de b\u00faho<\/a><\/p>\n<p>*Tenga en cuenta que la cantidad de cera recomendada es una <a href=\"https:\/\/cosyowl.com\/es\/guides\/a-guide-to-creating-your-own-soap-products\">gu\u00eda<\/a> y se basa en la capacidad m\u00e1xima de ese recipiente espec\u00edfico. Por lo tanto, es posible utilizar menos cera, pero no recomendamos superar la capacidad m\u00e1xima. Aconsejamos utilizar las cantidades de cera indicadas s\u00f3lo como punto de partida y ajustarlas en funci\u00f3n de las necesidades. <a href=\"https:\/\/cosyowl.com\/es\/guides\/weighing-fragrance\">medidas<\/a> seg\u00fan sus preferencias.<\/p>\n<p>**Tenga en cuenta que todas las recomendaciones de mechas se basan \u00fanicamente en el uso con nuestra cera. La m\u00e1s peque\u00f1a <a href=\"https:\/\/cosyowl.com\/es\/guides\/candle-wick-size-chart\">Tama\u00f1o de la mecha<\/a> recomendada es s\u00f3lo para uso con Cera. El tama\u00f1o de mecha m\u00e1s grande recomendado es para usar cuando <a href=\"https:\/\/cosyowl.com\/es\/candle-making-supplies\/fragrance-oils-for-candle-making\/premium-fragrance-oils\/cosy-owl-premium-1-million-type-fragrance-oil\">Aceite con fragancia<\/a> y\/o Tinte. Toda la informaci\u00f3n proporcionada debe ser utilizada s\u00f3lo como una gu\u00eda para ayudar a encontrar un punto de partida cuando se experimenta con mechas como las temperaturas variables y <a href=\"https:\/\/cosyowl.com\/es\/guides\/2023-spring-fragrance-oil-trends\">Aceites arom\u00e1ticos<\/a> influir\u00e1 en el \u00e9xito de una mecha.<\/p>","protected":false},"excerpt":{"rendered":"<p>This wick is supplied in 5 metre lengths. Cosy Owl supplies the LX series Wedo wick which is designed for containers and free standing candles made primarily of paraffin wax but also performs well in blends containing vegetable wax. In addition, the series gives high performance with normal fragrance loads and color concentrations. The series [&hellip;]<\/p>\n","protected":false},"featured_media":11924,"comment_status":"open","ping_status":"closed","template":"","meta":{"_acf_changed":false},"product_brand":[],"product_cat":[499],"product_tag":[945],"class_list":{"0":"post-9964","1":"product","2":"type-product","3":"status-publish","4":"has-post-thumbnail","6":"product_cat-candle-wicks","7":"product_tag-wicks-lx-series","9":"first","10":"instock","11":"taxable","12":"shipping-taxable","13":"purchasable","14":"product-type-variable"},"acf":[],"_links":{"self":[{"href":"https:\/\/cosyowl.com\/es\/wp-json\/wp\/v2\/product\/9964","targetHints":{"allow":["GET"]}}],"collection":[{"href":"https:\/\/cosyowl.com\/es\/wp-json\/wp\/v2\/product"}],"about":[{"href":"https:\/\/cosyowl.com\/es\/wp-json\/wp\/v2\/types\/product"}],"replies":[{"embeddable":true,"href":"https:\/\/cosyowl.com\/es\/wp-json\/wp\/v2\/comments?post=9964"}],"wp:featuredmedia":[{"embeddable":true,"href":"https:\/\/cosyowl.com\/es\/wp-json\/wp\/v2\/media\/11924"}],"wp:attachment":[{"href":"https:\/\/cosyowl.com\/es\/wp-json\/wp\/v2\/media?parent=9964"}],"wp:term":[{"taxonomy":"product_brand","embeddable":true,"href":"https:\/\/cosyowl.com\/es\/wp-json\/wp\/v2\/product_brand?post=9964"},{"taxonomy":"product_cat","embeddable":true,"href":"https:\/\/cosyowl.com\/es\/wp-json\/wp\/v2\/product_cat?post=9964"},{"taxonomy":"product_tag","embeddable":true,"href":"https:\/\/cosyowl.com\/es\/wp-json\/wp\/v2\/product_tag?post=9964"}],"curies":[{"name":"wp","href":"https:\/\/api.w.org\/{rel}","templated":true}]}}