{"id":9903,"date":"2021-01-10T06:00:00","date_gmt":"2021-01-10T06:00:00","guid":{"rendered":"https:\/\/cosyowl.com\/product\/uncategorized\/import-placeholder-for-tcdl-cwik-bowl-ctcr-204"},"modified":"2026-05-01T13:08:49","modified_gmt":"2026-05-01T12:08:49","slug":"mecha-serie-tcr-de-120-mm-de-longitud","status":"publish","type":"product","link":"https:\/\/cosyowl.com\/es\/candle-wicks\/tcr-series-wick-120mm","title":{"rendered":"Mecha de vela de la serie TCR - 120 mm de longitud"},"content":{"rendered":"<p><a href=\"https:\/\/cosyowl.com\/es\/\">B\u00faho acogedor<\/a> suministra TCR Wick, un <a href=\"https:\/\/cosyowl.com\/es\/candle-wicks\/wedo-lx-wick-raw\">calidad<\/a> Mecha adecuada tanto para ceras vegetales como de soja, con o sin colorantes y\/o fragancias. La mecha ya est\u00e1 firmemente incorporada a un soporte (leng\u00fceta met\u00e1lica) lista para su colocaci\u00f3n en un recipiente resistente al calor. La mecha TCR tiene hilos estructurados de papel que proporcionan un alto nivel de rigidez y es auto-recortante, lo que significa que hay una menor probabilidad de formaci\u00f3n de hongos y la producci\u00f3n de humo y holl\u00edn.<\/p>\n<p>Estas mechas de la serie TCR se cortan a 120 mm de longitud y se colocan en un soporte met\u00e1lico de 15 mm x 3 mm x 2,4 mm. <strong>El nombre dado a cada opci\u00f3n de mecha refleja el haz interior y la cubierta exterior de hilos. Por ejemplo, TCR 33\/18 es m\u00e1s grande que TCR 30\/18, ya que contiene m\u00e1s hilos de algod\u00f3n en el interior a pesar de que ambos tienen la misma cantidad en la cubierta exterior.<\/strong><\/p>\n<h3>Recomendaciones de mechas**<\/h3>\n<p><strong>Haga clic en el siguiente enlace para explorar nuestra mecha <a href=\"https:\/\/cosyowl.com\/es\/guides\/using-cotton-wicks-with-soyaluna-container-wax-recommendations\">recomendaciones<\/a> a la medida de sus necesidades de fabricaci\u00f3n de velas.<\/strong><\/p>\n<p><a href=\"https:\/\/cosyowl.com\/es\/guias\/porcentajes-y-medidas\/?wmc-currency=EUR\">Recomendaciones para mechas de b\u00faho<\/a><\/p>\n<p>*Tenga en cuenta que la cantidad de cera recomendada es una <a href=\"https:\/\/cosyowl.com\/es\/guides\/a-guide-to-creating-your-own-soap-products\">gu\u00eda<\/a> y se basa en la capacidad m\u00e1xima de ese recipiente espec\u00edfico. Por lo tanto, es posible utilizar menos cera, pero no recomendamos superar la capacidad m\u00e1xima. Aconsejamos utilizar las cantidades de cera indicadas s\u00f3lo como punto de partida y ajustarlas en funci\u00f3n de las necesidades. <a href=\"https:\/\/cosyowl.com\/es\/guides\/weighing-fragrance\">medidas<\/a> seg\u00fan sus preferencias.<\/p>\n<p>**Tenga en cuenta que todas las recomendaciones de mechas se basan \u00fanicamente en el uso con nuestra cera. La m\u00e1s peque\u00f1a <a href=\"https:\/\/cosyowl.com\/es\/guides\/candle-wick-size-chart\">Tama\u00f1o de la mecha<\/a> recomendada es s\u00f3lo para uso con Cera. El tama\u00f1o de mecha m\u00e1s grande recomendado es para usar cuando <a href=\"https:\/\/cosyowl.com\/es\/candle-making-supplies\/fragrance-oils-for-candle-making\/premium-fragrance-oils\/cosy-owl-premium-1-million-type-fragrance-oil\">Aceite con fragancia<\/a> y\/o Tinte. Toda la informaci\u00f3n proporcionada debe ser utilizada s\u00f3lo como una gu\u00eda para ayudar a encontrar un punto de partida cuando se experimenta con mechas como las temperaturas variables y <a href=\"https:\/\/cosyowl.com\/es\/guides\/2023-spring-fragrance-oil-trends\">Aceites arom\u00e1ticos<\/a> influir\u00e1 en el \u00e9xito de una mecha.<\/p>","protected":false},"excerpt":{"rendered":"<p>Cosy Owl supplies TCR Wick, a high quality wick appropriate for both vegetable and soy waxes whether with or without dye and\/or fragrances. The wick is already firmly incorporated into a sustainer (metal tab) ready for placing into a heat resistant container. TCR wick has paper structured threads that provides a high level of stiffness [&hellip;]<\/p>\n","protected":false},"featured_media":11922,"comment_status":"open","ping_status":"closed","template":"","meta":{"_acf_changed":false},"product_brand":[],"product_cat":[499],"product_tag":[943],"class_list":{"0":"post-9903","1":"product","2":"type-product","3":"status-publish","4":"has-post-thumbnail","6":"product_cat-candle-wicks","7":"product_tag-wicks-tcr-series","9":"first","10":"instock","11":"taxable","12":"shipping-taxable","13":"purchasable","14":"product-type-variable"},"acf":[],"_links":{"self":[{"href":"https:\/\/cosyowl.com\/es\/wp-json\/wp\/v2\/product\/9903","targetHints":{"allow":["GET"]}}],"collection":[{"href":"https:\/\/cosyowl.com\/es\/wp-json\/wp\/v2\/product"}],"about":[{"href":"https:\/\/cosyowl.com\/es\/wp-json\/wp\/v2\/types\/product"}],"replies":[{"embeddable":true,"href":"https:\/\/cosyowl.com\/es\/wp-json\/wp\/v2\/comments?post=9903"}],"wp:featuredmedia":[{"embeddable":true,"href":"https:\/\/cosyowl.com\/es\/wp-json\/wp\/v2\/media\/11922"}],"wp:attachment":[{"href":"https:\/\/cosyowl.com\/es\/wp-json\/wp\/v2\/media?parent=9903"}],"wp:term":[{"taxonomy":"product_brand","embeddable":true,"href":"https:\/\/cosyowl.com\/es\/wp-json\/wp\/v2\/product_brand?post=9903"},{"taxonomy":"product_cat","embeddable":true,"href":"https:\/\/cosyowl.com\/es\/wp-json\/wp\/v2\/product_cat?post=9903"},{"taxonomy":"product_tag","embeddable":true,"href":"https:\/\/cosyowl.com\/es\/wp-json\/wp\/v2\/product_tag?post=9903"}],"curies":[{"name":"wp","href":"https:\/\/api.w.org\/{rel}","templated":true}]}}