{"id":9816,"date":"2021-01-10T06:00:11","date_gmt":"2021-01-10T06:00:11","guid":{"rendered":"https:\/\/cosyowl.com\/product\/uncategorized\/import-placeholder-for-tcdl-cdye-bbek-lblu-197"},"modified":"2026-03-03T13:43:39","modified_gmt":"2026-03-03T13:43:39","slug":"bekro-51-4027-tinte-azul-para-velas","status":"publish","type":"product","link":"https:\/\/cosyowl.com\/es\/candle-dyes\/bekro-51-4027-blue-candle-dye","title":{"rendered":"Bekro 51\/4027 Tinte azul para velas"},"content":{"rendered":"<p>Estos <a href=\"https:\/\/cosyowl.com\/es\/craft-supplies\/wax-melt-supplies\/mica-powder-glitter\/light-copper-biodegradable-candle-glitter\">ecol\u00f3gico<\/a>Los colorantes, no t\u00f3xicos, son muy concentrados, f\u00e1ciles de trabajar y proporcionan una gran profundidad de color. El colorante se a\u00f1ade y remueve en la cera fundida y se disipa uniformemente por toda la cera, proporcionando la consistencia necesaria. El resultado es un <a href=\"https:\/\/cosyowl.com\/es\/guides\/a-summers-beach-gel-votive-candle\">vela<\/a> con una coloraci\u00f3n igual a la de los producidos profesionalmente. Los precios competitivos de Cosy Owl hacen que el nivel profesional <a href=\"https:\/\/cosyowl.com\/es\/guides\/how-to-make-a-candle\">fabricaci\u00f3n de velas<\/a> muy asequible y fant\u00e1stica relaci\u00f3n calidad-precio.<\/p>\n<p>Se pueden mezclar tintes de diferentes colores con la cera para crear colores compuestos, lo que le permite experimentar con sus habilidades creativas para producir velas que se adapten perfectamente a la est\u00e9tica de cualquier habitaci\u00f3n, combinando o complementando el color de las paredes, los muebles, las cortinas, los cojines o las alfombras.<\/p>\n<p>Una bolsa de 10 gramos es suficiente para fabricar hasta 10 kg de cera coloreada, lo que puede variar en funci\u00f3n de la intensidad del color deseado. Tenga en cuenta que la imagen del tinte s\u00f3lido (como se muestra arriba) no siempre representa el color de la vela una vez terminada. Haga clic en la imagen de la vela mostrada arriba para ver el color real. Este producto no es adecuado para su uso con cera en gel.<\/p>","protected":false},"excerpt":{"rendered":"<p>These eco-friendly, non-toxic dyes are highly concentrated, easy to work with and provide a great depth of colour. The dye is very simply added and stirred into the molten wax and dissipates evenly throughout the wax providing the consistency required. The result is a candle with a colouration no different to those which are professionally [&hellip;]<\/p>\n","protected":false},"featured_media":11915,"comment_status":"open","ping_status":"closed","template":"","meta":{"_acf_changed":false},"product_brand":[],"product_cat":[496,497],"product_tag":[916],"class_list":{"0":"post-9816","1":"product","2":"type-product","3":"status-publish","4":"has-post-thumbnail","6":"product_cat-candle-dyes","7":"product_cat-wax-melts-dyes","8":"product_tag-dye","10":"first","11":"instock","12":"taxable","13":"shipping-taxable","14":"purchasable","15":"product-type-variable"},"acf":[],"_links":{"self":[{"href":"https:\/\/cosyowl.com\/es\/wp-json\/wp\/v2\/product\/9816","targetHints":{"allow":["GET"]}}],"collection":[{"href":"https:\/\/cosyowl.com\/es\/wp-json\/wp\/v2\/product"}],"about":[{"href":"https:\/\/cosyowl.com\/es\/wp-json\/wp\/v2\/types\/product"}],"replies":[{"embeddable":true,"href":"https:\/\/cosyowl.com\/es\/wp-json\/wp\/v2\/comments?post=9816"}],"wp:featuredmedia":[{"embeddable":true,"href":"https:\/\/cosyowl.com\/es\/wp-json\/wp\/v2\/media\/11915"}],"wp:attachment":[{"href":"https:\/\/cosyowl.com\/es\/wp-json\/wp\/v2\/media?parent=9816"}],"wp:term":[{"taxonomy":"product_brand","embeddable":true,"href":"https:\/\/cosyowl.com\/es\/wp-json\/wp\/v2\/product_brand?post=9816"},{"taxonomy":"product_cat","embeddable":true,"href":"https:\/\/cosyowl.com\/es\/wp-json\/wp\/v2\/product_cat?post=9816"},{"taxonomy":"product_tag","embeddable":true,"href":"https:\/\/cosyowl.com\/es\/wp-json\/wp\/v2\/product_tag?post=9816"}],"curies":[{"name":"wp","href":"https:\/\/api.w.org\/{rel}","templated":true}]}}