{"id":9754,"date":"2021-01-10T05:59:00","date_gmt":"2021-01-10T05:59:00","guid":{"rendered":"https:\/\/cosyowl.com\/product\/uncategorized\/import-placeholder-for-tcdl-cwax-bker-n4600-cppp-181"},"modified":"2026-03-03T13:43:33","modified_gmt":"2026-03-03T13:43:33","slug":"kerawax-4600-parafina-para-pilares","status":"publish","type":"product","link":"https:\/\/cosyowl.com\/es\/candle-making-supplies\/candle-wax\/paraffin-wax\/kerawax-4600-paraffin-pillar-wax","title":{"rendered":"KeraWax 4600 Cera parafina para pilares"},"content":{"rendered":"<p>Este <a href=\"https:\/\/cosyowl.com\/es\/craft-supplies\/wax-melt-supplies\/mica-powder-glitter\/light-copper-biodegradable-candle-glitter\">ecol\u00f3gico<\/a> <a href=\"https:\/\/cosyowl.com\/es\/guides\/the-truth-about-paraffin-wax-being-vegan-friendly\">parafina<\/a> se ha desarrollado espec\u00edficamente para producir velas de pilar y para su uso en moldes para crear velas de nivel profesional. Al igual que nuestra cera para recipientes mezclada, posee excelentes cualidades que permiten mezclarla con nuestra cera de alta calidad. <a href=\"https:\/\/cosyowl.com\/es\/candle-wicks\/wedo-lx-wick-raw\">calidad<\/a> fragancias y colorantes.<\/p>\n<p>La cera le permitir\u00e1 crear velas con un acabado suave y brillante, mejorado con la incorporaci\u00f3n de un tinte que combine o complemente la est\u00e9tica de su habitaci\u00f3n. Esta cera se presenta en forma de pastillas y, una vez solidificada, la <a href=\"https:\/\/cosyowl.com\/es\/guides\/a-summers-beach-gel-votive-candle\">vela<\/a> se desmolda f\u00e1cilmente. En el caso de la cera para pilares, al solidificarse se contrae ligeramente y se separa de los bordes del molde. Recomendamos dejar la vela entre 24 y 48 horas a temperatura ambiente antes de desmoldarla.<\/p>\n<p>Aunque existen diferentes tipos de mechas, recomendamos utilizar nuestra mecha de la serie LX para una <a href=\"https:\/\/cosyowl.com\/es\/candle-making-supplies\/glitters\/pure-white-biodegradable\">limpiar<\/a> y de larga duraci\u00f3n. <a href=\"https:\/\/cosyowl.com\/es\/\">B\u00faho acogedor<\/a> adquiere esta cera a un fabricante brit\u00e1nico especializado de gran reputaci\u00f3n y se presenta en cantidades de 800 gramos, 5 kg y 25 kg.<\/p>","protected":false},"excerpt":{"rendered":"<p>This eco-friendly paraffin wax is specifically developed to produce pillar candles and for use in moulds to create candles of a professional standard. As with our Blended Container Wax it has excellent qualities to allow further blending with our high quality fragrances and dyes. The wax will allow you to create candles which have a [&hellip;]<\/p>\n","protected":false},"featured_media":53340,"comment_status":"open","ping_status":"closed","template":"","meta":{"_acf_changed":false},"product_brand":[],"product_cat":[492,495],"product_tag":[928],"class_list":{"0":"post-9754","1":"product","2":"type-product","3":"status-publish","4":"has-post-thumbnail","6":"product_cat-paraffin-wax","7":"product_cat-wax-melts-wax","8":"product_tag-wax","10":"first","11":"instock","12":"taxable","13":"shipping-taxable","14":"purchasable","15":"product-type-variable"},"acf":[],"_links":{"self":[{"href":"https:\/\/cosyowl.com\/es\/wp-json\/wp\/v2\/product\/9754","targetHints":{"allow":["GET"]}}],"collection":[{"href":"https:\/\/cosyowl.com\/es\/wp-json\/wp\/v2\/product"}],"about":[{"href":"https:\/\/cosyowl.com\/es\/wp-json\/wp\/v2\/types\/product"}],"replies":[{"embeddable":true,"href":"https:\/\/cosyowl.com\/es\/wp-json\/wp\/v2\/comments?post=9754"}],"wp:featuredmedia":[{"embeddable":true,"href":"https:\/\/cosyowl.com\/es\/wp-json\/wp\/v2\/media\/53340"}],"wp:attachment":[{"href":"https:\/\/cosyowl.com\/es\/wp-json\/wp\/v2\/media?parent=9754"}],"wp:term":[{"taxonomy":"product_brand","embeddable":true,"href":"https:\/\/cosyowl.com\/es\/wp-json\/wp\/v2\/product_brand?post=9754"},{"taxonomy":"product_cat","embeddable":true,"href":"https:\/\/cosyowl.com\/es\/wp-json\/wp\/v2\/product_cat?post=9754"},{"taxonomy":"product_tag","embeddable":true,"href":"https:\/\/cosyowl.com\/es\/wp-json\/wp\/v2\/product_tag?post=9754"}],"curies":[{"name":"wp","href":"https:\/\/api.w.org\/{rel}","templated":true}]}}