{"id":9753,"date":"2021-01-10T05:59:00","date_gmt":"2021-01-10T05:59:00","guid":{"rendered":"https:\/\/cosyowl.com\/product\/uncategorized\/import-placeholder-for-tcdl-cwax-bker-n4105-cpcp-180"},"modified":"2026-03-24T17:11:56","modified_gmt":"2026-03-24T17:11:56","slug":"kerawax-4105-parafina-para-contenedores","status":"publish","type":"product","link":"https:\/\/cosyowl.com\/es\/candle-making-supplies\/candle-wax\/paraffin-wax\/kerawax-4105-paraffin-container-wax","title":{"rendered":"KeraWax 4105 Cera para contenedores de parafina"},"content":{"rendered":"<p>Este <a href=\"https:\/\/cosyowl.com\/es\/craft-supplies\/wax-melt-supplies\/mica-powder-glitter\/light-copper-biodegradable-candle-glitter\">ecol\u00f3gico<\/a> mezcla de <a href=\"https:\/\/cosyowl.com\/es\/guides\/the-truth-about-paraffin-wax-being-vegan-friendly\">parafina<\/a> y ceras vegetales se ha desarrollado espec\u00edficamente para producir velas formadas en recipientes y con un nivel lujoso y profesional, igual que las que se compran en muchos puntos de venta. Al igual que nuestra cera de pilares, posee excelentes cualidades para permitir una mezcla posterior con nuestras ceras de alta calidad. <a href=\"https:\/\/cosyowl.com\/es\/candle-wicks\/wedo-lx-wick-raw\">calidad<\/a> fragancias y colorantes.<\/p>\n<p>La cera le permitir\u00e1 crear velas dentro de cualquier tipo de recipiente resistente al calor con total adherencia al duro interior. Los recipientes de vidrio son los m\u00e1s comunes y est\u00e9ticamente atractivos. Una vez que la <a href=\"https:\/\/cosyowl.com\/es\/guides\/a-summers-beach-gel-votive-candle\">vela<\/a> el recipiente puede limpiarse y reutilizarse (consulte nuestro <a href=\"https:\/\/cosyowl.com\/es\/guides\/a-guide-to-creating-your-own-soap-products\">gu\u00eda<\/a> en <a href=\"https:\/\/cosyowl.com\/es\/guides\/how-to-make-a-candle\">fabricaci\u00f3n de velas<\/a> para m\u00e1s informaci\u00f3n sobre la limpieza del recipiente). Es mejor evitar el uso de recipientes de pl\u00e1stico.<\/p>\n<p><a href=\"https:\/\/cosyowl.com\/es\/\">B\u00faho acogedor<\/a> adquiere esta cera a un fabricante brit\u00e1nico especializado de gran reputaci\u00f3n y se presenta en cantidades de 800 gramos, 5 kg, 10 kg y 25 kg.<\/p>","protected":false},"excerpt":{"rendered":"<p>This eco-friendly blend of paraffin wax and vegetable waxes is specifically developed to produce candles formed in containers and to a luxurious and professional standard, no different from those purchased in many retail outlets. As with our Pillar Wax, it has excellent qualities to allow further blending with our high quality fragrances and dyes. The [&hellip;]<\/p>\n","protected":false},"featured_media":53341,"comment_status":"open","ping_status":"closed","template":"","meta":{"_acf_changed":false},"product_brand":[],"product_cat":[492],"product_tag":[928],"class_list":{"0":"post-9753","1":"product","2":"type-product","3":"status-publish","4":"has-post-thumbnail","6":"product_cat-paraffin-wax","7":"product_tag-wax","9":"first","10":"instock","11":"taxable","12":"shipping-taxable","13":"purchasable","14":"product-type-variable"},"acf":[],"_links":{"self":[{"href":"https:\/\/cosyowl.com\/es\/wp-json\/wp\/v2\/product\/9753","targetHints":{"allow":["GET"]}}],"collection":[{"href":"https:\/\/cosyowl.com\/es\/wp-json\/wp\/v2\/product"}],"about":[{"href":"https:\/\/cosyowl.com\/es\/wp-json\/wp\/v2\/types\/product"}],"replies":[{"embeddable":true,"href":"https:\/\/cosyowl.com\/es\/wp-json\/wp\/v2\/comments?post=9753"}],"wp:featuredmedia":[{"embeddable":true,"href":"https:\/\/cosyowl.com\/es\/wp-json\/wp\/v2\/media\/53341"}],"wp:attachment":[{"href":"https:\/\/cosyowl.com\/es\/wp-json\/wp\/v2\/media?parent=9753"}],"wp:term":[{"taxonomy":"product_brand","embeddable":true,"href":"https:\/\/cosyowl.com\/es\/wp-json\/wp\/v2\/product_brand?post=9753"},{"taxonomy":"product_cat","embeddable":true,"href":"https:\/\/cosyowl.com\/es\/wp-json\/wp\/v2\/product_cat?post=9753"},{"taxonomy":"product_tag","embeddable":true,"href":"https:\/\/cosyowl.com\/es\/wp-json\/wp\/v2\/product_tag?post=9753"}],"curies":[{"name":"wp","href":"https:\/\/api.w.org\/{rel}","templated":true}]}}