{"id":80167,"date":"2024-06-25T14:57:47","date_gmt":"2024-06-25T13:57:47","guid":{"rendered":"https:\/\/cosyowl.com\/?post_type=product&#038;p=80167"},"modified":"2026-03-03T13:46:20","modified_gmt":"2026-03-03T13:46:20","slug":"porex-canas-naturales-para-difusores-240mm-x-o-3mm","status":"publish","type":"product","link":"https:\/\/cosyowl.com\/es\/porex-natural-reeds-for-diffusers-240mm-x-o-3mm","title":{"rendered":"Porex Juncos Naturales Para Difusores - 240mm x \u00d8 3mm"},"content":{"rendered":"<p><a href=\"https:\/\/cosyowl.com\/es\/guides\/a-beginners-guide-to-making-reed-diffusers\">Difusores Reed<\/a> son un <a href=\"https:\/\/cosyowl.com\/es\/candle-making-supplies\/glitters\/pure-white-biodegradable\">elegante<\/a> soluci\u00f3n para que la fragancia de su hogar sea m\u00e1s segura y duradera. Nuestra gama de canutos POREX resistentes a los colores y de secado r\u00e1pido son el acompa\u00f1amiento ideal para ayudarle a liberar todo el potencial de su <a href=\"https:\/\/cosyowl.com\/es\/guides\/essential-oil-benefits\">aceites esenciales<\/a>.<\/p>\n<p>Controlar la velocidad de liberaci\u00f3n de la fragancia es crucial para <a href=\"https:\/\/cosyowl.com\/es\/candle-wicks\/wedo-lx-wick-raw\">calidad<\/a>. Reed y POREX se caracterizan por una difusi\u00f3n de fragancias y una capilaridad de alto rendimiento, combinadas con una tecnolog\u00eda anti-todo-color que permite a estos juncos mantener una difusi\u00f3n de fragancias y una coloraci\u00f3n estables sin necesidad de \"voltearlos\".<\/p>","protected":false},"excerpt":{"rendered":"<p>Reed Diffusers are an elegant solution to making your home&#8217;s fragrance safer and longer lasting. Our range of colour-resistant and quick-drying POREX reeds are the ideal accompaniment to help you unlock the full potential of your essential oils. Controlling the fragrance release rate is crucial for quality. Reed and POREX feature high-performance fragrance diffusion and [&hellip;]<\/p>\n","protected":false},"featured_media":80172,"comment_status":"open","ping_status":"closed","template":"","meta":{"_acf_changed":false},"product_brand":[],"product_cat":[648],"product_tag":[937],"class_list":{"0":"post-80167","1":"product","2":"type-product","3":"status-publish","4":"has-post-thumbnail","6":"product_cat-reed-diffusers-reeds","7":"product_tag-reeds","9":"first","10":"instock","11":"taxable","12":"shipping-taxable","13":"purchasable","14":"product-type-variable"},"acf":[],"_links":{"self":[{"href":"https:\/\/cosyowl.com\/es\/wp-json\/wp\/v2\/product\/80167","targetHints":{"allow":["GET"]}}],"collection":[{"href":"https:\/\/cosyowl.com\/es\/wp-json\/wp\/v2\/product"}],"about":[{"href":"https:\/\/cosyowl.com\/es\/wp-json\/wp\/v2\/types\/product"}],"replies":[{"embeddable":true,"href":"https:\/\/cosyowl.com\/es\/wp-json\/wp\/v2\/comments?post=80167"}],"wp:featuredmedia":[{"embeddable":true,"href":"https:\/\/cosyowl.com\/es\/wp-json\/wp\/v2\/media\/80172"}],"wp:attachment":[{"href":"https:\/\/cosyowl.com\/es\/wp-json\/wp\/v2\/media?parent=80167"}],"wp:term":[{"taxonomy":"product_brand","embeddable":true,"href":"https:\/\/cosyowl.com\/es\/wp-json\/wp\/v2\/product_brand?post=80167"},{"taxonomy":"product_cat","embeddable":true,"href":"https:\/\/cosyowl.com\/es\/wp-json\/wp\/v2\/product_cat?post=80167"},{"taxonomy":"product_tag","embeddable":true,"href":"https:\/\/cosyowl.com\/es\/wp-json\/wp\/v2\/product_tag?post=80167"}],"curies":[{"name":"wp","href":"https:\/\/api.w.org\/{rel}","templated":true}]}}