{"id":79491,"date":"2024-05-30T16:15:23","date_gmt":"2024-05-30T15:15:23","guid":{"rendered":"https:\/\/cosyowl.com\/?post_type=product&#038;p=79491"},"modified":"2026-03-03T13:46:18","modified_gmt":"2026-03-03T13:46:18","slug":"kit-para-fundir-arandanos-escarchados","status":"publish","type":"product","link":"https:\/\/cosyowl.com\/es\/craft-kits\/wax-melt-making-kits\/frosted-cranberries-wax-melt-making-kit","title":{"rendered":"Kit de Fundici\u00f3n de Cera de Ar\u00e1ndanos Escarchados"},"content":{"rendered":"<p data-start=\"125\" data-end=\"542\">Sea creativo en casa con nuestro <strong data-start=\"226\" data-end=\"262\">Ar\u00e1ndanos escarchados <a href=\"https:\/\/cosyowl.com\/es\/craft-kits\/wax-melt-making-kits\/lavender-wax-melt-making-kit\">Kit de fusi\u00f3n de cera<\/a><\/strong>es la elecci\u00f3n perfecta para cualquiera que desee sumergirse en el divertido y satisfactorio mundo de las manualidades con cera fundida. Tanto si eres un principiante como un artesano experimentado, este kit todo en uno incluye todo lo que necesitas para crear hermosas fragancias, <a href=\"https:\/\/cosyowl.com\/es\/candle-making-kits\/soy-wax-christmas-spice-candle-making-kit\">festivo<\/a> <a href=\"https:\/\/cosyowl.com\/es\/guides\/sandalwood-vanilla-leaf-wax-melts-guide\">cera fundida<\/a> en una variedad de <a href=\"https:\/\/cosyowl.com\/es\/candle-making-supplies\/fragrance-oils-for-candle-making\/all-fragrances\/alien-type-fragrance-oil\">\u00fanico<\/a> formas. Con una rica fragancia de temporada y <a href=\"https:\/\/cosyowl.com\/es\/candle-making-supplies\/glitters\/fluorescent-peach\">llamativo<\/a> color, tus fundentes caseros tendr\u00e1n tan buen aspecto como olor. Ideal para uso personal, regalos o creativo. <a href=\"https:\/\/cosyowl.com\/es\/candle-making-kits\/winter-pine-candle-making-kit\">vacaciones<\/a> \u00a1proyectos!<\/p>\n<h3>Qu\u00e9 contiene su kit de fusi\u00f3n de cera:<\/h3>\n<ul>\n<li><span style=\"color: #080000\"><a style=\"color: #080000\" href=\"https:\/\/cosyowl.com\/es\/suministros-para-la-fabricacion-de-velas\/aceites-aromaticos-para-la-fabricacion-de-velas\/todas-las-fragancias\/aceite-con-fragancia-frosted-cranberries\/?wmc-currency=EUR\">50ml - <span style=\"color: #ff6600\"><strong data-start=\"182\" data-end=\"224\">Aceite con fragancia Ar\u00e1ndanos escarchados<\/strong> <\/span>- Un aroma festivo dulce y \u00e1cido que llena tu espacio de alegr\u00eda navide\u00f1a<\/a><\/span><\/li>\n<li data-start=\"303\" data-end=\"389\"><span style=\"color: #080000\"><a style=\"color: #080000\" href=\"https:\/\/cosyowl.com\/es\/materiales-de-artesania\/materiales-para-fundir-cera\/purpurina-en-polvo-de-mica\/polvo-de-mica-roja-nacarada\/?wmc-currency=EUR\">25g - <span style=\"color: #ff6600\"><strong data-start=\"303\" data-end=\"332\">Polvo de mica rojo perla<\/strong><\/span> - A\u00f1ade un bonito acabado brillante a tus ceras fundidas<\/a><\/span><\/li>\n<li data-start=\"392\" data-end=\"485\"><span style=\"color: #080000\"><a style=\"color: #080000\" href=\"https:\/\/cosyowl.com\/es\/tintes-para-velas\/bekro-6133-34-tinte-rojo-para-velas\/?wmc-currency=EUR\">3g - <span style=\"color: #ff6600\"><strong data-start=\"392\" data-end=\"417\">Tinte Rojo Oscuro Bekro<\/strong><\/span> - Un rojo intenso y vibrante para un look atrevido y de temporada<\/a><\/span><\/li>\n<li data-start=\"883\" data-end=\"942\"><span style=\"color: #080000\"><a style=\"color: #080000\" href=\"https:\/\/cosyowl.com\/es\/materiales-de-artesania\/materiales-para-fundir-cera\/cera-para-fundir\/ceras-naturales-cera-meltpillar-soyaluna\/?wmc-currency=EUR\">350g - <span style=\"color: #ff6600\"><strong data-start=\"883\" data-end=\"902\">Cera de pilares<\/strong><\/span> - Cera de primera calidad perfecta para moldes<\/a><\/span><\/li>\n<li data-start=\"945\" data-end=\"1023\"><span style=\"color: #080000\"><a style=\"color: #080000\" href=\"https:\/\/cosyowl.com\/es\/cera-fundida\/moldes\/?wmc-currency=EUR\">4<span style=\"color: #ff6600\"><strong> Moldes<\/strong><\/span> - 1x Almeja, 1x Almeja Coraz\u00f3n, 1x Almeja Estrella, 1x Olla Deli<\/a><\/span><\/li>\n<li data-start=\"1026\" data-end=\"1112\"><span style=\"color: #080000\"><a style=\"color: #080000\" href=\"https:\/\/cosyowl.com\/es\/guias\/guia-para-principiantes\/?wmc-currency=EUR\"><span style=\"color: #ff6600\"><strong data-start=\"1026\" data-end=\"1060\">Gu\u00eda de instrucciones paso a paso<\/strong><\/span> - Instrucciones f\u00e1ciles de seguir para crear sus fundidos<\/a><\/span><\/li>\n<\/ul>\n<p>Nuestra <span style=\"color: #080000\"><a style=\"color: #080000\" href=\"https:\/\/cosyowl.com\/es\/suministros-para-la-fabricacion-de-velas\/aceites-aromaticos-para-la-fabricacion-de-velas\/todas-las-fragancias\/aceite-con-fragancia-frosted-cranberries\/?wmc-currency=EUR\"><span style=\"color: #ff6600\"><strong data-start=\"182\" data-end=\"224\">Aceite con fragancia Ar\u00e1ndanos escarchados<\/strong><\/span><\/a><\/span> es un <a href=\"https:\/\/cosyowl.com\/es\/craft-supplies\/wax-melt-supplies\/mica-powder-glitter\/bright-peach-biodegradable-candle-glitter\">espumoso<\/a> mezcla rosa de burbujas efervescentes, <a href=\"https:\/\/cosyowl.com\/es\/candle-making-supplies\/essential-oils\/eucalyptus-globulus-essential-oil\">fresco<\/a> <strong>pomelo jugoso<\/strong>y un toque de <strong>ar\u00e1ndano<\/strong>. Sobre una deliciosa base de <strong>caramelo, vainilla e iris<\/strong>este aroma es a la vez <a href=\"https:\/\/cosyowl.com\/es\/candle-making-supplies\/essential-oils\/rosemary-essential-oil\">tonificante<\/a> y reconfortante.<\/p>\n<p>Nos enorgullecemos de ofrecer <a href=\"https:\/\/cosyowl.com\/es\/candle-wicks\/wedo-lx-wick-raw\">calidad<\/a> ingredientes disponibles en el mercado para hacer los Wax Melts perfectos en casa. Nuestros kits son perfectos tanto para los que acaban de empezar como para los que ya dominan la t\u00e9cnica, as\u00ed que coge tu delantal y manos a la obra.<\/p>\n<p>&nbsp;<\/p>\n<h3 data-start=\"2493\" data-end=\"2542\">Recursos \u00fatiles para fabricar velas con \u00e9xito<\/h3>\n<ul>\n<li><strong><span style=\"color: #ff6600\"><a style=\"color: #ff6600\" href=\"https:\/\/cosyowl.com\/es\/guias\/guia-para-principiantes\/?wmc-currency=EUR\">Gu\u00eda para principiantes sobre la fabricaci\u00f3n de ceras fundidas<\/a><\/span><br \/>\n<\/strong><\/li>\n<li><span style=\"color: #ff6600\"><strong><a style=\"color: #ff6600\" href=\"https:\/\/cosyowl.com\/es\/guias\/guia-de-uso-de-la-cera-colorante-bekro\/?wmc-currency=EUR\">Gu\u00eda de uso de los tintes de cera Bekro<\/a><\/strong><\/span><\/li>\n<li><strong><span style=\"color: #ff6600\"><a style=\"color: #ff6600\" href=\"https:\/\/cosyowl.com\/es\/guias\/las-6-preguntas-mas-frecuentes-sobre-la-fabricacion-de-cera-fundida\/?wmc-currency=EUR\">Las 6 preguntas m\u00e1s frecuentes - Edici\u00f3n sobre la fabricaci\u00f3n de ceras fundidas<\/a><\/span><\/strong><\/li>\n<li><strong><span style=\"color: #ff6600\"><a style=\"color: #ff6600\" href=\"https:\/\/cosyowl.com\/es\/guias\/como-hacer-cera-fundida-en-casa\/?wmc-currency=EUR\">C\u00f3mo hacer cera fundida en casa<\/a><\/span><\/strong><\/li>\n<li><strong><span style=\"color: #ff6600\"><a style=\"color: #ff6600\" href=\"https:\/\/cosyowl.com\/es\/guias\/?wmc-currency=EUR\">Gu\u00edas y recetas<\/a><\/span><\/strong><\/li>\n<\/ul>","protected":false},"excerpt":{"rendered":"<p>Get creative at home with our Frosted Cranberries Wax Melt Kit, the perfect choice for anyone looking to dive into the fun and satisfying world of wax melt crafting. Whether you\u2019re a beginner or experienced crafter, this all-in-one kit includes everything you need to make beautifully scented, festive wax melts in a variety of unique [&hellip;]<\/p>\n","protected":false},"featured_media":79479,"comment_status":"open","ping_status":"closed","template":"","meta":{"_acf_changed":false},"product_brand":[],"product_cat":[655,498,653,800,727],"product_tag":[1594,927],"class_list":{"0":"post-79491","1":"product","2":"type-product","3":"status-publish","4":"has-post-thumbnail","6":"product_cat-wax-melt-making-kits","7":"product_cat-christmas","8":"product_cat-craft-kits","9":"product_cat-new","10":"product_cat-wax-melt-making-kits-wax-melts","11":"product_tag-christmas","12":"product_tag-wax-melt-making-kit","13":"product_shipping_class-royal_mail_kits","15":"first","16":"instock","17":"taxable","18":"shipping-taxable","19":"purchasable","20":"product-type-simple"},"acf":[],"_links":{"self":[{"href":"https:\/\/cosyowl.com\/es\/wp-json\/wp\/v2\/product\/79491","targetHints":{"allow":["GET"]}}],"collection":[{"href":"https:\/\/cosyowl.com\/es\/wp-json\/wp\/v2\/product"}],"about":[{"href":"https:\/\/cosyowl.com\/es\/wp-json\/wp\/v2\/types\/product"}],"replies":[{"embeddable":true,"href":"https:\/\/cosyowl.com\/es\/wp-json\/wp\/v2\/comments?post=79491"}],"wp:featuredmedia":[{"embeddable":true,"href":"https:\/\/cosyowl.com\/es\/wp-json\/wp\/v2\/media\/79479"}],"wp:attachment":[{"href":"https:\/\/cosyowl.com\/es\/wp-json\/wp\/v2\/media?parent=79491"}],"wp:term":[{"taxonomy":"product_brand","embeddable":true,"href":"https:\/\/cosyowl.com\/es\/wp-json\/wp\/v2\/product_brand?post=79491"},{"taxonomy":"product_cat","embeddable":true,"href":"https:\/\/cosyowl.com\/es\/wp-json\/wp\/v2\/product_cat?post=79491"},{"taxonomy":"product_tag","embeddable":true,"href":"https:\/\/cosyowl.com\/es\/wp-json\/wp\/v2\/product_tag?post=79491"}],"curies":[{"name":"wp","href":"https:\/\/api.w.org\/{rel}","templated":true}]}}