{"id":79490,"date":"2024-05-30T16:12:01","date_gmt":"2024-05-30T15:12:01","guid":{"rendered":"https:\/\/cosyowl.com\/?post_type=product&#038;p=79490"},"modified":"2026-03-03T13:46:18","modified_gmt":"2026-03-03T13:46:18","slug":"kit-para-hacer-cera-fundida-fresh-unstoppables","status":"publish","type":"product","link":"https:\/\/cosyowl.com\/es\/craft-kits\/wax-melt-making-kits\/fresh-unstoppables-wax-melt-making-kit","title":{"rendered":"Kit para hacer cera fundida Fresh Unstoppables"},"content":{"rendered":"<p data-start=\"110\" data-end=\"501\">Nuestra <strong data-start=\"183\" data-end=\"200\">Kits para fundir cera<\/strong> son la elecci\u00f3n perfecta para cualquier persona dispuesta a ser creativa y empezar a hacer sus propias fragancias. <a href=\"https:\/\/cosyowl.com\/es\/guides\/sandalwood-vanilla-leaf-wax-melts-guide\">cera fundida<\/a> en casa. Si usted es un principiante total o un crafter experimentado, este kit todo-en-uno le da todo lo que necesita para crear una variedad de formas \u00fanicas de cera fundida con un <a href=\"https:\/\/cosyowl.com\/es\/candle-making-supplies\/glitters\/pure-white-biodegradable\">limpiar<\/a>, <a href=\"https:\/\/cosyowl.com\/es\/candle-making-supplies\/essential-oils\/eucalyptus-globulus-essential-oil\">fresco<\/a> aroma. Repleto de ingredientes de primera calidad y <a href=\"https:\/\/cosyowl.com\/es\/candle-making-supplies\/glitters\/fluorescent-peach\">llamativo<\/a> color, es ideal para uso personal, para hacer regalos o simplemente para disfrutar de la <a href=\"https:\/\/cosyowl.com\/es\/guides\/how-to-make-wax-melts-at-home\">artesan\u00eda<\/a> de <a href=\"https:\/\/cosyowl.com\/es\/guides\/how-to-melt-wax-soap-bases\">fusi\u00f3n de cera<\/a>.<\/p>\n<h3>Qu\u00e9 contiene su kit de fusi\u00f3n de cera:<\/h3>\n<ul>\n<li><span style=\"color: #050000\"><a style=\"color: #050000\" href=\"https:\/\/cosyowl.com\/es\/suministros-para-la-fabricacion-de-velas\/aceites-aromaticos-para-la-fabricacion-de-velas\/todas-las-fragancias\/aceite-con-fragancia-fresh-unstoppables\/?wmc-currency=EUR\">50ml - <span style=\"color: #ff6600\"><strong>Aceite con fragancia Fresh Unstoppables<\/strong><\/span> - Un aroma vibrante y limpio inspirado en las fragancias de lavander\u00eda m\u00e1s populares<\/a><\/span><\/li>\n<li><span style=\"color: #050000\"><a style=\"color: #050000\" href=\"https:\/\/cosyowl.com\/es\/suministros-para-la-fabricacion-de-velas\/polvos-de-mica\/azul-flash\/?wmc-currency=EUR\">25g - <span style=\"color: #ff6600\"><strong>Flash Blue Mica Polvo<\/strong> <\/span>- A\u00f1ade un acabado brillante y llamativo a tus fundidos<\/a><\/span><\/li>\n<li><span style=\"color: #050000\"><a style=\"color: #050000\" href=\"https:\/\/cosyowl.com\/es\/tintes-para-velas\/bekro-52-5561-tinte-azul-para-velas\/?wmc-currency=EUR\">3g - <span style=\"color: #ff6600\"><strong>Tinte azul claro Bekro<\/strong><\/span> - Crea un color azul suave y refrescante a juego con el aroma limpio<\/a><\/span><\/li>\n<li><span style=\"color: #050000\"><a style=\"color: #050000\" href=\"https:\/\/cosyowl.com\/es\/materiales-de-artesania\/materiales-para-fundir-cera\/cera-para-fundir\/ceras-naturales-cera-meltpillar-soyaluna\/?wmc-currency=EUR\">350g - <span style=\"color: #ff6600\"><strong data-start=\"883\" data-end=\"902\">Cera de pilares<\/strong><\/span> - Cera de primera calidad perfecta para moldes<\/a><\/span><\/li>\n<li><span style=\"color: #050000\"><a style=\"color: #050000\" href=\"https:\/\/cosyowl.com\/es\/cera-fundida\/moldes\/?wmc-currency=EUR\">4<strong><span style=\"color: #ff6600\"> Moldes<\/span><\/strong> - 1x Almeja, 1x Almeja Coraz\u00f3n, 1x Almeja Estrella, 1x Olla Deli<\/a><\/span><\/li>\n<li><span style=\"color: #050000\"><a style=\"color: #050000\" href=\"https:\/\/cosyowl.com\/es\/guias\/guia-para-principiantes\/?wmc-currency=EUR\"><span style=\"color: #ff6600\"><strong data-start=\"1026\" data-end=\"1060\">Gu\u00eda de instrucciones paso a paso<\/strong><\/span> - Instrucciones f\u00e1ciles de seguir para crear sus fundidos<\/a><\/span><\/li>\n<\/ul>\n<p>Experimente la esencia de la frescura como nunca antes con <span style=\"color: #050000\"><a style=\"color: #050000\" href=\"https:\/\/cosyowl.com\/es\/suministros-para-la-fabricacion-de-velas\/aceites-aromaticos-para-la-fabricacion-de-velas\/todas-las-fragancias\/aceite-con-fragancia-fresh-unstoppables\/?wmc-currency=EUR\"><span style=\"color: #ff6600\"><strong>Aceite con fragancia Fresh Unstoppables <\/strong><\/span><\/a><\/span>Inspirado en los populares potenciadores de fragancia, Combinando un difusor\u00a0<strong>afrutado-floral<\/strong>\u00a0acuerdo que se abre con una sinfon\u00eda de\u00a0<strong>notas oz\u00f3nicas limpias<\/strong>entrelazados sin esfuerzo con la brillante esencia de\u00a0<strong>c\u00edtrico de naranja, jugoso melocot\u00f3n y crujiente <a href=\"https:\/\/cosyowl.com\/es\/fragrance-oils\/fresh-cut-grass\">verde<\/a> manzana<\/strong>. Esta armoniosa mezcla prepara el escenario para un cautivador coraz\u00f3n floral, donde los delicados aromas de la transl\u00facida\u00a0<strong><a href=\"https:\/\/cosyowl.com\/es\/candle-making-supplies\/fragrance-oils-for-candle-making\/all-fragrances\/jasmine-fragrance-oil\">jazm\u00edn<\/a>, <a href=\"https:\/\/cosyowl.com\/es\/candle-making-supplies\/candle-containers\/candle-glasses\/glass-candle-container-50cl-classic-jar-with-lid\">elegante<\/a> rosa<\/strong>y el edificante neroli bailan juntos, realzados por sutiles <a href=\"https:\/\/cosyowl.com\/es\/fragrance-oils\/coffee\">arom\u00e1tico<\/a> matices de an\u00eds, <a href=\"https:\/\/cosyowl.com\/es\/candle-making-supplies\/glitters\/turquoise-blue-candle-glitter\">refrescante<\/a> eucalipto y exuberantes notas verdes. Para completar este viaje olfativo, la fragancia concluye elegantemente con una suave estela de\u00a0<strong>pachul\u00ed y vainilla<\/strong>dejando a su paso una persistente sensaci\u00f3n de confort y calidez.<\/p>\n<p>Nos enorgullecemos de ofrecer <a href=\"https:\/\/cosyowl.com\/es\/candle-wicks\/wedo-lx-wick-raw\">calidad<\/a> ingredientes disponibles en el mercado para hacer los Wax Melts perfectos en casa. Nuestros kits son perfectos tanto para los que acaban de empezar como para los que ya dominan la t\u00e9cnica, as\u00ed que coge tu delantal y manos a la obra.<\/p>\n<p>&nbsp;<\/p>\n<h3 data-start=\"2493\" data-end=\"2542\">Recursos \u00fatiles para fabricar velas con \u00e9xito<\/h3>\n<ul>\n<li><strong><span style=\"color: #ff6600\"><a style=\"color: #ff6600\" href=\"https:\/\/cosyowl.com\/es\/guias\/guia-para-principiantes\/?wmc-currency=EUR\">Gu\u00eda para principiantes sobre la fabricaci\u00f3n de ceras fundidas<\/a><\/span><br \/>\n<\/strong><\/li>\n<li><span style=\"color: #ff6600\"><strong><a style=\"color: #ff6600\" href=\"https:\/\/cosyowl.com\/es\/guias\/guia-de-uso-de-la-cera-colorante-bekro\/?wmc-currency=EUR\">Gu\u00eda de uso de los tintes de cera Bekro<\/a><\/strong><\/span><\/li>\n<li><strong><span style=\"color: #ff6600\"><a style=\"color: #ff6600\" href=\"https:\/\/cosyowl.com\/es\/guias\/las-6-preguntas-mas-frecuentes-sobre-la-fabricacion-de-cera-fundida\/?wmc-currency=EUR\">Las 6 preguntas m\u00e1s frecuentes - Edici\u00f3n sobre la fabricaci\u00f3n de ceras fundidas<\/a><\/span><\/strong><\/li>\n<li><strong><span style=\"color: #ff6600\"><a style=\"color: #ff6600\" href=\"https:\/\/cosyowl.com\/es\/guias\/como-hacer-cera-fundida-en-casa\/?wmc-currency=EUR\">C\u00f3mo hacer cera fundida en casa<\/a><\/span><\/strong><\/li>\n<li><strong><span style=\"color: #ff6600\"><a style=\"color: #ff6600\" href=\"https:\/\/cosyowl.com\/es\/guias\/?wmc-currency=EUR\">Gu\u00edas y recetas<\/a><\/span><\/strong><\/li>\n<\/ul>","protected":false},"excerpt":{"rendered":"<p>Our Wax Melt Kits are the perfect pick for anyone ready to get creative and start making their own beautifully scented wax melts at home. Whether you&#8217;re a total beginner or a seasoned crafter, this all-in-one kit gives you everything you need to create a variety of uniquely shaped wax melts with a clean, fresh [&hellip;]<\/p>\n","protected":false},"featured_media":79475,"comment_status":"open","ping_status":"closed","template":"","meta":{"_acf_changed":false},"product_brand":[],"product_cat":[655,653,800,727],"product_tag":[927],"class_list":{"0":"post-79490","1":"product","2":"type-product","3":"status-publish","4":"has-post-thumbnail","6":"product_cat-wax-melt-making-kits","7":"product_cat-craft-kits","8":"product_cat-new","9":"product_cat-wax-melt-making-kits-wax-melts","10":"product_tag-wax-melt-making-kit","11":"product_shipping_class-royal_mail_kits","13":"first","14":"instock","15":"taxable","16":"shipping-taxable","17":"purchasable","18":"product-type-simple"},"acf":[],"_links":{"self":[{"href":"https:\/\/cosyowl.com\/es\/wp-json\/wp\/v2\/product\/79490","targetHints":{"allow":["GET"]}}],"collection":[{"href":"https:\/\/cosyowl.com\/es\/wp-json\/wp\/v2\/product"}],"about":[{"href":"https:\/\/cosyowl.com\/es\/wp-json\/wp\/v2\/types\/product"}],"replies":[{"embeddable":true,"href":"https:\/\/cosyowl.com\/es\/wp-json\/wp\/v2\/comments?post=79490"}],"wp:featuredmedia":[{"embeddable":true,"href":"https:\/\/cosyowl.com\/es\/wp-json\/wp\/v2\/media\/79475"}],"wp:attachment":[{"href":"https:\/\/cosyowl.com\/es\/wp-json\/wp\/v2\/media?parent=79490"}],"wp:term":[{"taxonomy":"product_brand","embeddable":true,"href":"https:\/\/cosyowl.com\/es\/wp-json\/wp\/v2\/product_brand?post=79490"},{"taxonomy":"product_cat","embeddable":true,"href":"https:\/\/cosyowl.com\/es\/wp-json\/wp\/v2\/product_cat?post=79490"},{"taxonomy":"product_tag","embeddable":true,"href":"https:\/\/cosyowl.com\/es\/wp-json\/wp\/v2\/product_tag?post=79490"}],"curies":[{"name":"wp","href":"https:\/\/api.w.org\/{rel}","templated":true}]}}