{"id":79482,"date":"2024-05-30T16:05:11","date_gmt":"2024-05-30T15:05:11","guid":{"rendered":"https:\/\/cosyowl.com\/?post_type=product&#038;p=79482"},"modified":"2026-03-03T13:46:18","modified_gmt":"2026-03-03T13:46:18","slug":"kit-para-fundir-cera-de-sandalo-y-mirra","status":"publish","type":"product","link":"https:\/\/cosyowl.com\/es\/craft-kits\/wax-melt-making-kits\/sandalwood-myrrh-wax-melt-making-kit","title":{"rendered":"Kit para fundir cera de s\u00e1ndalo y mirra"},"content":{"rendered":"<p data-start=\"123\" data-end=\"476\">Nuestra <strong data-start=\"200\" data-end=\"235\">S\u00e1ndalo y mirra <a href=\"https:\/\/cosyowl.com\/es\/craft-kits\/wax-melt-making-kits\/lavender-wax-melt-making-kit\">Kit de fusi\u00f3n de cera<\/a><\/strong> es la forma perfecta de sumergirse en el mundo de las ceras artesanales. Dise\u00f1ado tanto para principiantes como para expertos en bricolaje, este kit todo en uno incluye todo lo que necesitas para hacer cera con formas bonitas y lujosas fragancias. <a href=\"https:\/\/cosyowl.com\/es\/guides\/sandalwood-vanilla-leaf-wax-melts-guide\">cera fundida<\/a> desde la comodidad del hogar. Con una fragancia rica y terrosa y un <a href=\"https:\/\/cosyowl.com\/es\/craft-kits\/candle-making-kits\/soy-wax-mulled-wine-christmas-candle-making-kit\">caliente<\/a> dorados, sus fundidos artesanales le aportar\u00e1n un <a href=\"https:\/\/cosyowl.com\/es\/candle-making-supplies\/glitters\/pure-white-biodegradable\">elegante<\/a>Un ambiente relajante para cualquier espacio.<\/p>\n<h3>Qu\u00e9 contiene su kit de fusi\u00f3n de cera:<\/h3>\n<ul>\n<li data-start=\"653\" data-end=\"754\"><span style=\"color: #080000\"><a style=\"color: #080000\" href=\"https:\/\/cosyowl.com\/es\/suministros-para-la-fabricacion-de-velas\/aceites-aromaticos-para-la-fabricacion-de-velas\/todas-las-fragancias\/aceite-con-fragancia-de-mirra-y-sandalo\/?wmc-currency=EUR\">50 ml <span style=\"color: #ff6600\"><strong data-start=\"653\" data-end=\"694\">Aceite con fragancia de s\u00e1ndalo y mirra<\/strong><\/span> - Una mezcla calmante y amaderada con un toque de especias y calidez<\/a><\/span><\/li>\n<li data-start=\"757\" data-end=\"841\"><span style=\"color: #080000\"><a style=\"color: #080000\" href=\"https:\/\/cosyowl.com\/es\/suministros-para-la-fabricacion-de-velas\/polvos-de-mica\/saten-dorado\/?wmc-currency=EUR\">25g <span style=\"color: #ff6600\"><strong data-start=\"757\" data-end=\"787\">Polvo de mica satinado dorado<\/strong><\/span> - A\u00f1ade un sofisticado brillo dorado a tus fundidos<\/a><\/span><\/li>\n<li data-start=\"844\" data-end=\"944\"><span style=\"color: #080000\"><a style=\"color: #080000\" href=\"https:\/\/cosyowl.com\/es\/tintes-para-velas\/bekro-227-crema-tinte-vela\/?wmc-currency=EUR\">3g<\/a> <span style=\"color: #ff6600\"><strong data-start=\"844\" data-end=\"866\">Tinte en crema Bekro<\/strong><\/span> - Produce un tono crema suave y neutro que combina a la perfecci\u00f3n con el aroma<\/span><\/li>\n<li data-start=\"883\" data-end=\"942\"><span style=\"color: #080000\"><a style=\"color: #080000\" href=\"https:\/\/cosyowl.com\/es\/materiales-de-artesania\/materiales-para-fundir-cera\/cera-para-fundir\/ceras-naturales-cera-meltpillar-soyaluna\/?wmc-currency=EUR\">350g - <span style=\"color: #ff6600\"><strong data-start=\"883\" data-end=\"902\">Cera de pilares<\/strong><\/span> - Cera de primera calidad perfecta para moldes<\/a><\/span><\/li>\n<li data-start=\"945\" data-end=\"1023\"><span style=\"color: #080000\"><a style=\"color: #080000\" href=\"https:\/\/cosyowl.com\/es\/cera-fundida\/moldes\/?wmc-currency=EUR\">4<span style=\"color: #ff6600\"><strong> Moldes<\/strong> <\/span>- 1x Almeja, 1x Almeja Coraz\u00f3n, 1x Almeja Estrella, 1x Olla Deli<\/a><\/span><\/li>\n<li data-start=\"1026\" data-end=\"1112\"><span style=\"color: #080000\"><a style=\"color: #080000\" href=\"https:\/\/cosyowl.com\/es\/guias\/guia-para-principiantes\/?wmc-currency=EUR\"><strong data-start=\"1026\" data-end=\"1060\"><span style=\"color: #ff6600\">Gu\u00eda de instrucciones paso a paso<\/span><\/strong> - Instrucciones f\u00e1ciles de seguir para crear sus fundidos<\/a><\/span><\/li>\n<\/ul>\n<p data-start=\"139\" data-end=\"856\">Una mezcla atemporal de brillo y profundidad, <span style=\"color: #080000\"><a style=\"color: #080000\" href=\"https:\/\/cosyowl.com\/es\/suministros-para-la-fabricacion-de-velas\/aceites-aromaticos-para-la-fabricacion-de-velas\/todas-las-fragancias\/aceite-con-fragancia-de-mirra-y-sandalo\/?wmc-currency=EUR\"><span style=\"color: #ff6600\"><strong data-start=\"653\" data-end=\"694\">Aceite con fragancia de s\u00e1ndalo y mirra<\/strong><\/span><\/a><\/span>\u00a0se abre con un <a href=\"https:\/\/cosyowl.com\/es\/candle-making-supplies\/essential-oils\/eucalyptus-globulus-essential-oil\">fresco<\/a>, <a href=\"https:\/\/cosyowl.com\/es\/candle-making-supplies\/essential-oils\/rosemary-essential-oil\">tonificante<\/a> brisa de <strong data-start=\"270\" data-end=\"285\">ralladura de c\u00edtricos<\/strong>refrigeraci\u00f3n <strong data-start=\"295\" data-end=\"309\" data-is-only-node=\"\">eucalipto<\/strong>, crujiente <strong data-start=\"317\" data-end=\"328\">enebro<\/strong>y suave <strong data-start=\"339\" data-end=\"351\">lavanda<\/strong>-una introducci\u00f3n arom\u00e1tica que eleva y despierta. En su coraz\u00f3n, una fusi\u00f3n c\u00e1lida y especiada de <strong data-start=\"442\" data-end=\"454\">canela<\/strong> y <strong data-start=\"459\" data-end=\"468\">clavo<\/strong> baila con la elegancia floral empolvada de <strong data-start=\"512\" data-end=\"521\">orris<\/strong>, evocando un refinado, <a href=\"https:\/\/cosyowl.com\/es\/candle-making-supplies\/fragrance-oils-for-candle-making\/all-fragrances\/midnight-passion-fragrance-oil\">misterioso<\/a> encanto. La fragancia se apoya en una base rica y sensual en la que <a href=\"https:\/\/cosyowl.com\/es\/candle-making-supplies\/fragrance-oils-for-candle-making\/all-fragrances\/french-vanilla-fragrance-oil\">cremoso<\/a> <strong data-start=\"622\" data-end=\"636\">s\u00e1ndalo<\/strong> y antigua <strong data-start=\"649\" data-end=\"658\">mirra<\/strong> conoce a golden <strong data-start=\"671\" data-end=\"680\">\u00e1mbar<\/strong>, terroso <strong data-start=\"689\" data-end=\"702\">pachul\u00ed<\/strong>, ahumado <strong data-start=\"710\" data-end=\"719\">cedro<\/strong>y una seductora mezcla de <strong data-start=\"746\" data-end=\"754\">almizcle<\/strong> y <strong data-start=\"759\" data-end=\"770\">vainilla<\/strong>. El resultado es una fragancia compleja y conmovedora, fresca pero ahumada, luminosa pero profundamente arraigada.<\/p>\n<p>Nos enorgullecemos de ofrecer <a href=\"https:\/\/cosyowl.com\/es\/candle-wicks\/wedo-lx-wick-raw\">calidad<\/a> ingredientes disponibles en el mercado para hacer los Wax Melts perfectos en casa. Nuestros kits son perfectos tanto para los que acaban de empezar como para los que ya dominan la t\u00e9cnica, as\u00ed que coge tu delantal y manos a la obra.<\/p>\n<p>&nbsp;<\/p>\n<h3 data-start=\"2493\" data-end=\"2542\">Recursos \u00fatiles para fabricar velas con \u00e9xito<\/h3>\n<ul>\n<li><strong><span style=\"color: #ff6600\"><a style=\"color: #ff6600\" href=\"https:\/\/cosyowl.com\/es\/guias\/guia-para-principiantes\/?wmc-currency=EUR\">Gu\u00eda para principiantes sobre la fabricaci\u00f3n de ceras fundidas<\/a><\/span><br \/>\n<\/strong><\/li>\n<li><span style=\"color: #ff6600\"><strong><a style=\"color: #ff6600\" href=\"https:\/\/cosyowl.com\/es\/guias\/guia-de-uso-de-la-cera-colorante-bekro\/?wmc-currency=EUR\">Gu\u00eda de uso de los tintes de cera Bekro<\/a><\/strong><\/span><\/li>\n<li><strong><span style=\"color: #ff6600\"><a style=\"color: #ff6600\" href=\"https:\/\/cosyowl.com\/es\/guias\/las-6-preguntas-mas-frecuentes-sobre-la-fabricacion-de-cera-fundida\/?wmc-currency=EUR\">Las 6 preguntas m\u00e1s frecuentes - Edici\u00f3n sobre la fabricaci\u00f3n de ceras fundidas<\/a><\/span><\/strong><\/li>\n<li><strong><span style=\"color: #ff6600\"><a style=\"color: #ff6600\" href=\"https:\/\/cosyowl.com\/es\/guias\/como-hacer-cera-fundida-en-casa\/?wmc-currency=EUR\">C\u00f3mo hacer cera fundida en casa<\/a><\/span><\/strong><\/li>\n<li><strong><span style=\"color: #ff6600\"><a style=\"color: #ff6600\" href=\"https:\/\/cosyowl.com\/es\/guias\/?wmc-currency=EUR\">Gu\u00edas y recetas<\/a><\/span><\/strong><\/li>\n<\/ul>","protected":false},"excerpt":{"rendered":"<p>Our Sandalwood &amp; Myrrh Wax Melt Kit is the perfect way to dive into the world of wax crafting. Designed for both beginners and seasoned DIYers, this all-in-one kit includes everything you need to make beautifully shaped, luxuriously scented wax melts from the comfort of home.\u00a0With a rich, earthy fragrance and a warm golden shimmer, [&hellip;]<\/p>\n","protected":false},"featured_media":79483,"comment_status":"open","ping_status":"closed","template":"","meta":{"_acf_changed":false},"product_brand":[],"product_cat":[655,498,653,800,727],"product_tag":[1594,927],"class_list":{"0":"post-79482","1":"product","2":"type-product","3":"status-publish","4":"has-post-thumbnail","6":"product_cat-wax-melt-making-kits","7":"product_cat-christmas","8":"product_cat-craft-kits","9":"product_cat-new","10":"product_cat-wax-melt-making-kits-wax-melts","11":"product_tag-christmas","12":"product_tag-wax-melt-making-kit","13":"product_shipping_class-royal_mail_kits","15":"first","16":"instock","17":"taxable","18":"shipping-taxable","19":"purchasable","20":"product-type-simple"},"acf":[],"_links":{"self":[{"href":"https:\/\/cosyowl.com\/es\/wp-json\/wp\/v2\/product\/79482","targetHints":{"allow":["GET"]}}],"collection":[{"href":"https:\/\/cosyowl.com\/es\/wp-json\/wp\/v2\/product"}],"about":[{"href":"https:\/\/cosyowl.com\/es\/wp-json\/wp\/v2\/types\/product"}],"replies":[{"embeddable":true,"href":"https:\/\/cosyowl.com\/es\/wp-json\/wp\/v2\/comments?post=79482"}],"wp:featuredmedia":[{"embeddable":true,"href":"https:\/\/cosyowl.com\/es\/wp-json\/wp\/v2\/media\/79483"}],"wp:attachment":[{"href":"https:\/\/cosyowl.com\/es\/wp-json\/wp\/v2\/media?parent=79482"}],"wp:term":[{"taxonomy":"product_brand","embeddable":true,"href":"https:\/\/cosyowl.com\/es\/wp-json\/wp\/v2\/product_brand?post=79482"},{"taxonomy":"product_cat","embeddable":true,"href":"https:\/\/cosyowl.com\/es\/wp-json\/wp\/v2\/product_cat?post=79482"},{"taxonomy":"product_tag","embeddable":true,"href":"https:\/\/cosyowl.com\/es\/wp-json\/wp\/v2\/product_tag?post=79482"}],"curies":[{"name":"wp","href":"https:\/\/api.w.org\/{rel}","templated":true}]}}