{"id":79470,"date":"2024-05-30T15:52:41","date_gmt":"2024-05-30T14:52:41","guid":{"rendered":"https:\/\/cosyowl.com\/?post_type=product&#038;p=79470"},"modified":"2026-03-03T13:46:18","modified_gmt":"2026-03-03T13:46:18","slug":"kit-para-fundir-cera-de-lavanda","status":"publish","type":"product","link":"https:\/\/cosyowl.com\/es\/craft-kits\/wax-melt-making-kits\/lavender-wax-melt-making-kit","title":{"rendered":"Kit de cera fundida de lavanda"},"content":{"rendered":"<p data-start=\"231\" data-end=\"533\">D\u00e9 rienda suelta a su creatividad y aporte una sensaci\u00f3n de <a href=\"https:\/\/cosyowl.com\/es\/guides\/scent-and-relaxation\">calma<\/a> a su espacio con nuestro <strong data-start=\"304\" data-end=\"329\"><a href=\"https:\/\/cosyowl.com\/es\/guides\/how-to-lavender-wax-melts\">Cera de lavanda<\/a> Kit de fusi\u00f3n<\/strong>. Tanto si eres nuevo en el mundo de las manualidades como si ya tienes experiencia, este kit incluye todo lo que necesitas para crear hermosas formas y fragancias. <a href=\"https:\/\/cosyowl.com\/es\/guides\/sandalwood-vanilla-leaf-wax-melts-guide\">cera fundida<\/a> en un relajante aroma a lavanda con un toque de <a href=\"https:\/\/cosyowl.com\/es\/craft-supplies\/wax-melt-supplies\/mica-powder-glitter\/light-copper-biodegradable-candle-glitter\">resplandeciente<\/a> violeta.<\/p>\n<h3>Qu\u00e9 contiene su kit de fusi\u00f3n de cera:<\/h3>\n<ul>\n<li data-start=\"859\" data-end=\"958\"><span style=\"color: #050000\"><a style=\"color: #050000\" href=\"https:\/\/cosyowl.com\/es\/suministros-para-la-fabricacion-de-velas\/aceites-aromaticos-para-la-fabricacion-de-velas\/todas-las-fragancias\/aceite-con-fragancia-de-lavanda\/?wmc-currency=EUR\">50ml - <span style=\"color: #ff6600\"><strong data-start=\"859\" data-end=\"890\">Aceite con fragancia de lavanda<\/strong><\/span> - Una hermosa mezcla floral en capas con notas frescas y herb\u00e1ceas<\/a><\/span><\/li>\n<li data-start=\"961\" data-end=\"1040\"><span style=\"color: #050000\"><a style=\"color: #050000\" href=\"https:\/\/cosyowl.com\/es\/materiales-de-artesania\/materiales-para-fundir-cera\/purpurina-en-polvo-de-mica\/polvo-de-mica-violeta-magica\/?wmc-currency=EUR\">25g - <span style=\"color: #ff6600\"><strong data-start=\"961\" data-end=\"993\">Polvo de mica violeta m\u00e1gico<\/strong><\/span> - A\u00f1ade un llamativo brillo a tus fundidos<\/a><\/span><\/li>\n<li data-start=\"1043\" data-end=\"1121\"><span style=\"color: #050000\"><a style=\"color: #050000\" href=\"https:\/\/cosyowl.com\/es\/suministros-para-la-fabricacion-de-velas\/tintes-para-velas\/bekro-601127-tinte-lila-para-velas\/?wmc-currency=EUR\">3g - <span style=\"color: #ff6600\"><strong data-start=\"1043\" data-end=\"1065\">Bekro Tinte Lila<\/strong> <\/span>- Produce un suave tono lavanda para una est\u00e9tica de ensue\u00f1o<\/a><\/span><\/li>\n<li data-start=\"883\" data-end=\"942\"><span style=\"color: #050000\"><a style=\"color: #050000\" href=\"https:\/\/cosyowl.com\/es\/materiales-de-artesania\/materiales-para-fundir-cera\/cera-para-fundir\/ceras-naturales-cera-meltpillar-soyaluna\/?wmc-currency=EUR\">350g - <span style=\"color: #ff6600\"><strong data-start=\"883\" data-end=\"902\">Cera de pilares<\/strong><\/span> - Cera de primera calidad perfecta para moldes<\/a><\/span><\/li>\n<li data-start=\"945\" data-end=\"1023\"><span style=\"color: #050000\"><a style=\"color: #050000\" href=\"https:\/\/cosyowl.com\/es\/cera-fundida\/moldes\/?wmc-currency=EUR\">4<span style=\"color: #ff6600\"><strong> Moldes<\/strong> <\/span>- 1x Almeja, 1x Almeja Coraz\u00f3n, 1x Almeja Estrella, 1x Olla Deli<\/a><\/span><\/li>\n<li data-start=\"1026\" data-end=\"1112\"><span style=\"color: #050000\"><a style=\"color: #050000\" href=\"https:\/\/cosyowl.com\/es\/guias\/guia-para-principiantes\/?wmc-currency=EUR\"><strong data-start=\"1026\" data-end=\"1060\"><span style=\"color: #ff6600\">Gu\u00eda de instrucciones paso a paso<\/span><\/strong> - Instrucciones f\u00e1ciles de seguir para crear sus fundidos<\/a><\/span><\/li>\n<\/ul>\n<p>Un sencillo pero llamativo <a href=\"https:\/\/cosyowl.com\/es\/candle-making-supplies\/candle-containers\/candle-glasses\/glass-candle-container-50cl-classic-jar-with-lid\">elegante<\/a> acuerdo, este <span style=\"color: #050000\"><a style=\"color: #050000\" href=\"https:\/\/cosyowl.com\/es\/suministros-para-la-fabricacion-de-velas\/aceites-aromaticos-para-la-fabricacion-de-velas\/todas-las-fragancias\/aceite-con-fragancia-de-lavanda\/?wmc-currency=EUR\"><span style=\"color: #ff6600\"><strong data-start=\"859\" data-end=\"890\">Aceite con fragancia de lavanda<\/strong><\/span><\/a><\/span>\u00a0capta la esencia de la calma con un <a href=\"https:\/\/cosyowl.com\/es\/candle-making-supplies\/glitters\/turquoise-blue-candle-glitter\">refrescante<\/a> giro. Se abre con notas de salida chispeantes de <strong data-start=\"369\" data-end=\"396\"><a href=\"https:\/\/cosyowl.com\/es\/candle-making-supplies\/essential-oils\/eucalyptus-globulus-essential-oil\">fresco<\/a> hojas de eucalipto<\/strong> y el delicado brillo de <strong data-start=\"428\" data-end=\"450\" data-is-only-node=\"\">m\u00e9dula blanda de bergamota<\/strong>creando un <a href=\"https:\/\/cosyowl.com\/es\/candle-making-supplies\/glitters\/pure-white-biodegradable\">limpiar<\/a> y presentaci\u00f3n de enfriamiento. En el coraz\u00f3n, cl\u00e1sico <strong data-start=\"517\" data-end=\"529\">lavanda<\/strong> se calienta con la tierra <strong data-start=\"550\" data-end=\"563\">pachul\u00ed<\/strong> y la sutil dulzura de <strong data-start=\"592\" data-end=\"606\">haba tonka<\/strong>que confiere a la fragancia una profundidad acogedora y reconfortante. Por \u00faltimo, la base se despliega en un abrazo duradero de <strong data-start=\"703\" data-end=\"716\">musgo suave<\/strong> y <strong data-start=\"721\" data-end=\"736\"><a href=\"https:\/\/cosyowl.com\/es\/fragrance-oils\/teakwood\">woody<\/a> almizcles<\/strong>, anclando la fragancia en un sereno, <a href=\"https:\/\/cosyowl.com\/es\/candle-making-supplies\/fragrance-oils-for-candle-making\/all-fragrances\/honey-fragrance-oil\">natural<\/a> calidez que perdura maravillosamente.<\/p>\n<p>Nos enorgullecemos de ofrecer <a href=\"https:\/\/cosyowl.com\/es\/candle-wicks\/wedo-lx-wick-raw\">calidad<\/a> ingredientes disponibles en el mercado para hacer los Wax Melts perfectos en casa. Nuestros kits son perfectos tanto para los que acaban de empezar como para los que ya dominan la t\u00e9cnica, as\u00ed que coge tu delantal y manos a la obra.<\/p>\n<p>&nbsp;<\/p>\n<h3 data-start=\"2493\" data-end=\"2542\">Recursos \u00fatiles para fabricar velas con \u00e9xito<\/h3>\n<ul>\n<li><strong><span style=\"color: #ff6600\"><a style=\"color: #ff6600\" href=\"https:\/\/cosyowl.com\/es\/guias\/guia-para-principiantes\/?wmc-currency=EUR\">Gu\u00eda para principiantes sobre la fabricaci\u00f3n de ceras fundidas<\/a><\/span><br \/>\n<\/strong><\/li>\n<li><span style=\"color: #ff6600\"><strong><a style=\"color: #ff6600\" href=\"https:\/\/cosyowl.com\/es\/guias\/guia-de-uso-de-la-cera-colorante-bekro\/?wmc-currency=EUR\">Gu\u00eda de uso de los tintes de cera Bekro<\/a><\/strong><\/span><\/li>\n<li><strong><span style=\"color: #ff6600\"><a style=\"color: #ff6600\" href=\"https:\/\/cosyowl.com\/es\/guias\/las-6-preguntas-mas-frecuentes-sobre-la-fabricacion-de-cera-fundida\/?wmc-currency=EUR\">Las 6 preguntas m\u00e1s frecuentes - Edici\u00f3n sobre la fabricaci\u00f3n de ceras fundidas<\/a><\/span><\/strong><\/li>\n<li><strong><span style=\"color: #ff6600\"><a style=\"color: #ff6600\" href=\"https:\/\/cosyowl.com\/es\/guias\/como-hacer-cera-fundida-en-casa\/?wmc-currency=EUR\">C\u00f3mo hacer cera fundida en casa<\/a><\/span><\/strong><\/li>\n<li><strong><span style=\"color: #ff6600\"><a style=\"color: #ff6600\" href=\"https:\/\/cosyowl.com\/es\/guias\/?wmc-currency=EUR\">Gu\u00edas y recetas<\/a><\/span><\/strong><\/li>\n<\/ul>","protected":false},"excerpt":{"rendered":"<p>Unleash your creativity and bring a sense of calm to your space with our Lavender Wax Melt Kit. Whether you&#8217;re new to crafting or a seasoned maker, this kit includes everything you need to create beautifully shaped, fragrant wax melts in a relaxing lavender scent with a touch of shimmering violet. What\u2019s Inside Your Wax [&hellip;]<\/p>\n","protected":false},"featured_media":79474,"comment_status":"open","ping_status":"closed","template":"","meta":{"_acf_changed":false},"product_brand":[],"product_cat":[655,653,800,727],"product_tag":[927],"class_list":{"0":"post-79470","1":"product","2":"type-product","3":"status-publish","4":"has-post-thumbnail","6":"product_cat-wax-melt-making-kits","7":"product_cat-craft-kits","8":"product_cat-new","9":"product_cat-wax-melt-making-kits-wax-melts","10":"product_tag-wax-melt-making-kit","11":"product_shipping_class-royal_mail_kits","13":"first","14":"instock","15":"taxable","16":"shipping-taxable","17":"purchasable","18":"product-type-simple"},"acf":[],"_links":{"self":[{"href":"https:\/\/cosyowl.com\/es\/wp-json\/wp\/v2\/product\/79470","targetHints":{"allow":["GET"]}}],"collection":[{"href":"https:\/\/cosyowl.com\/es\/wp-json\/wp\/v2\/product"}],"about":[{"href":"https:\/\/cosyowl.com\/es\/wp-json\/wp\/v2\/types\/product"}],"replies":[{"embeddable":true,"href":"https:\/\/cosyowl.com\/es\/wp-json\/wp\/v2\/comments?post=79470"}],"wp:featuredmedia":[{"embeddable":true,"href":"https:\/\/cosyowl.com\/es\/wp-json\/wp\/v2\/media\/79474"}],"wp:attachment":[{"href":"https:\/\/cosyowl.com\/es\/wp-json\/wp\/v2\/media?parent=79470"}],"wp:term":[{"taxonomy":"product_brand","embeddable":true,"href":"https:\/\/cosyowl.com\/es\/wp-json\/wp\/v2\/product_brand?post=79470"},{"taxonomy":"product_cat","embeddable":true,"href":"https:\/\/cosyowl.com\/es\/wp-json\/wp\/v2\/product_cat?post=79470"},{"taxonomy":"product_tag","embeddable":true,"href":"https:\/\/cosyowl.com\/es\/wp-json\/wp\/v2\/product_tag?post=79470"}],"curies":[{"name":"wp","href":"https:\/\/api.w.org\/{rel}","templated":true}]}}