{"id":79461,"date":"2024-05-30T15:32:26","date_gmt":"2024-05-30T14:32:26","guid":{"rendered":"https:\/\/cosyowl.com\/?post_type=product&#038;p=79461"},"modified":"2026-04-28T17:22:03","modified_gmt":"2026-04-28T16:22:03","slug":"kit-para-hacer-difusores-de-lavanda-y-manzanilla","status":"publish","type":"product","link":"https:\/\/cosyowl.com\/es\/craft-kits\/diffuser-making-kits\/lavender-chamomile-diffuser-making-kit","title":{"rendered":"Kit para hacer difusores de lavanda y manzanilla"},"content":{"rendered":"<p>\u00bfQuiere crear su propia fragancia para el hogar? Nuestra <strong data-start=\"305\" data-end=\"325\"><a href=\"https:\/\/cosyowl.com\/es\/guides\/making-a-reed-diffuser\">Difusor DIY<\/a> Kit<\/strong> es la soluci\u00f3n \"todo en uno\" perfecta tanto para principiantes como para artesanos experimentados. Con este completo set, podr\u00e1 hacer <strong data-start=\"444\" data-end=\"478\">tres hermosas <a href=\"https:\/\/cosyowl.com\/es\/guides\/a-beginners-guide-to-making-reed-diffusers\">difusores carrizo<\/a><\/strong> desde cero, en casa.<\/p>\n<h3>\u00bfQu\u00e9 contiene su kit de fabricaci\u00f3n de difusores?<\/h3>\n<ul>\n<li><span style=\"color: #080000\"><a href=\"https:\/\/cosyowl.com\/es\/candle-containers\/candle-tins\/rose-gold-round-candle-tin-with-welded-side-seam-100ml-single\">100 ml<\/a> - <strong><a style=\"color: #080000\" href=\"https:\/\/cosyowl.com\/es\/suministros-para-la-fabricacion-de-velas\/aceites-aromaticos-para-la-fabricacion-de-velas\/todas-las-fragancias\/aceite-con-fragancia-de-lavanda-y-manzanilla\/?wmc-currency=EUR\">Aceite con fragancia de Lavanda y Camomila<\/a> - <\/strong>Una mezcla calmante y equilibrada inspirada en la naturaleza. <a href=\"https:\/\/cosyowl.com\/es\/candle-making-supplies\/essential-oils\/eucalyptus-globulus-essential-oil\">Fresco<\/a> lavanda y <a href=\"https:\/\/cosyowl.com\/es\/craft-kits\/candle-making-kits\/soy-wax-cheeky-cherry-candle-making-kit\">afrutado<\/a> manzanilla brillan en las notas de salida, mientras que el geranio a\u00f1ade <a href=\"https:\/\/cosyowl.com\/es\/candle-making-supplies\/fragrance-oils-for-candle-making\/all-fragrances\/jasmine-fragrance-oil\">floral<\/a> profundidad en el coraz\u00f3n. La fragancia est\u00e1 maravillosamente arraigada con pachul\u00ed terroso y musgo, creando un ambiente... <a href=\"https:\/\/cosyowl.com\/es\/candle-making-supplies\/fragrance-oils-for-candle-making\/all-fragrances\/green-tea-fragrance-oil\">relajante<\/a>aroma de spa.<\/span><\/li>\n<li><span style=\"color: #080000\">500g <a href=\"https:\/\/cosyowl.com\/es\/difusores-carrizo\/aceite-base-para-difusores-de-carrizo\/?wmc-currency=EUR\"><strong>Aceite base difusor m\u00faltiple limpio Augeo<\/strong><\/a> - Especialmente formulado para mezclarse con <a href=\"https:\/\/cosyowl.com\/es\/candle-making-supplies\/fragrance-oils-for-candle-making\/premium-fragrance-oils\/cosy-owl-premium-1-million-type-fragrance-oil\">aceite con fragancia<\/a> para garantizar una <a href=\"https:\/\/cosyowl.com\/es\/candle-making-supplies\/glitters\/pure-white-biodegradable\">limpiar<\/a>Aroma de larga duraci\u00f3n.<\/span><\/li>\n<li><span style=\"color: #080000\"><a href=\"https:\/\/cosyowl.com\/es\/candle-making-supplies\/candle-containers\/other-containers\/wax-melt-christmas-tree-mould-3\">3<\/a> Elegante <a href=\"https:\/\/cosyowl.com\/es\/craft-supplies\/reed-diffuser-supplies\/reed-diffuser-bottles\/14mm-clear-glass-marble-balls-for-diffuser-bottles\">Botellas difusoras<\/a>:\u00a0<strong><a style=\"color: #080000\" href=\"https:\/\/cosyowl.com\/es\/materiales-de-artesania\/suministros-para-difusores-de-carrizo\/frascos-difusores-de-carrizo\/recipiente-de-vidrio-100ml-cubo-difusor\/?wmc-currency=EUR\">Difusor en cubo de cristal de 100 ml<\/a>,<a style=\"color: #080000\" href=\"https:\/\/cosyowl.com\/es\/materiales-de-artesania\/suministros-para-difusores-de-carrizo\/frascos-difusores-de-carrizo\/recipiente-de-vidrio-200ml-botella-difusora-karen\/?wmc-currency=EUR\"> 2x <\/a><\/strong><strong><a style=\"color: #080000\" href=\"https:\/\/cosyowl.com\/es\/materiales-de-artesania\/suministros-para-difusores-de-carrizo\/frascos-difusores-de-carrizo\/recipiente-de-vidrio-200ml-botella-difusora-karen\/?wmc-currency=EUR\">Botellas de vidrio Karen de 100 ml<\/a><\/strong><\/span><\/li>\n<li data-start=\"975\" data-end=\"1019\"><span style=\"color: #080000\">3 <a style=\"color: #080000\" href=\"https:\/\/cosyowl.com\/es\/materiales-de-artesania\/suministros-para-difusores-de-carrizo\/frascos-difusores-de-carrizo\/tapa-difusora-de-concha-metalica-oro-brillante\/?wmc-currency=EUR\"><strong data-start=\"975\" data-end=\"1000\">Tapas de difusor met\u00e1licas<\/strong><\/a> (1 oro, 2 plata)<\/span><\/li>\n<li data-start=\"1022\" data-end=\"1064\"><span style=\"color: #080000\">30 <a style=\"color: #080000\" href=\"https:\/\/cosyowl.com\/es\/difusores-carrizo\/canas\/?wmc-currency=EUR\"><strong data-start=\"1022\" data-end=\"1043\">Juncos difusores<\/strong><\/a> (20 negros, 10 blancos)<\/span><\/li>\n<li data-start=\"1067\" data-end=\"1087\"><span style=\"color: #080000\">3 <a style=\"color: #080000\" href=\"https:\/\/cosyowl.com\/es\/materiales-de-artesania\/suministros-para-difusores-de-carrizo\/frascos-difusores-de-carrizo\/difusor-botella-tapon\/?wmc-currency=EUR\"><strong data-start=\"1067\" data-end=\"1087\">Tapones difusores<\/strong><\/a><\/span><\/li>\n<li data-start=\"1067\" data-end=\"1087\"><span style=\"color: #080000\"><a style=\"color: #080000\" href=\"https:\/\/cosyowl.com\/es\/guias\/guia-para-principiantes-sobre-la-fabricacion-de-difusores-de-carrizo\/?wmc-currency=EUR\"><strong data-start=\"1090\" data-end=\"1124\">Gu\u00eda de instrucciones paso a paso<\/strong><\/a><\/span><\/li>\n<\/ul>\n<p>A <a href=\"https:\/\/cosyowl.com\/es\/fragrance-oils\/strawberry-bon-bon\">delicioso<\/a> fragancia que capta la esencia de <a href=\"https:\/\/cosyowl.com\/es\/craft-kits\/candle-making-kits\/soy-wax-mulled-wine-christmas-candle-making-kit\">caliente<\/a>campos ba\u00f1ados por el sol.\u00a0<strong>Lavanda fresca\u00a0<\/strong>y\u00a0<strong>manzanilla afrutada<\/strong>\u00a0se mezclan en las notas de cabeza, mientras que\u00a0<strong>geranio<\/strong>\u00a0a\u00f1ade profundidad en el centro. La base de\u00a0<strong>pachul\u00ed\u00a0<\/strong>y\u00a0<strong>musgo<\/strong>\u00a0se funden con la fragancia, evocando una sensaci\u00f3n serena y reconfortante.<\/p>\n<p>Nos enorgullecemos de ofrecer <a href=\"https:\/\/cosyowl.com\/es\/candle-wicks\/wedo-lx-wick-raw\">calidad<\/a> ingredientes disponibles en el mercado para hacer los difusores perfectos en casa. Nuestros kits son perfectos tanto para los que acaban de empezar como para los que ya dominan la t\u00e9cnica, as\u00ed que coge tu delantal y manos a la obra.<\/p>\n<p>&nbsp;<\/p>\n<h3 data-start=\"2493\" data-end=\"2542\">Recursos \u00fatiles para fabricar velas con \u00e9xito<\/h3>\n<ul>\n<li><a href=\"https:\/\/cosyowl.com\/es\/guias\/guia-para-principiantes-sobre-la-fabricacion-de-difusores-de-carrizo\/?wmc-currency=EUR\"><strong><span style=\"color: #ff6600\">Gu\u00eda para principiantes sobre la fabricaci\u00f3n de difusores de carrizo<\/span><\/strong><\/a><\/li>\n<li><a href=\"https:\/\/cosyowl.com\/es\/guias\/fabricacion-de-un-difusor-de-juncos\/?wmc-currency=EUR\"><strong><span style=\"color: #ff6600\">C\u00f3mo hacer tus propios difusores de carrizo<\/span><\/strong><\/a><\/li>\n<li class=\"entry-title\"><a href=\"https:\/\/cosyowl.com\/es\/guias\/como-utilizar-los-aceites-aromaticos\/?wmc-currency=EUR\"><strong><span style=\"color: #ff6600\">C\u00f3mo utilizar los aceites arom\u00e1ticos<\/span><\/strong><\/a><\/li>\n<li><strong><span style=\"color: #ff6600\"><a style=\"color: #ff6600\" href=\"https:\/\/cosyowl.com\/es\/guias\/cmrs-y-ftalatos-en-aceites-de-fragancia\/?wmc-currency=EUR\">CMRs, Ftalatos, Parabenos, PEG y Silicona en Aceites de Fragancia - Nuestra Gu\u00eda Libre de.<\/a><\/span><\/strong><\/li>\n<li><a href=\"https:\/\/cosyowl.com\/es\/guias\/?wmc-currency=EUR\"><span style=\"color: #ff6600\"><strong>Gu\u00edas y recetas<\/strong><\/span><\/a><\/li>\n<\/ul>","protected":false},"excerpt":{"rendered":"<p>Looking to create your own signature home fragrance? Our DIY Diffuser Kit is the perfect all-in-one solution for beginners and experienced crafters alike. With this complete set, you can make three beautiful reed diffusers from scratch, right at home. What\u2019s Inside Your Diffuser Making Kit? 100ml &#8211; Lavender &amp; Chamomile Fragrance Oil &#8211; A calming [&hellip;]<\/p>\n","protected":false},"featured_media":79462,"comment_status":"open","ping_status":"closed","template":"","meta":{"_acf_changed":false},"product_brand":[],"product_cat":[654,653,800,726],"product_tag":[929],"class_list":{"0":"post-79461","1":"product","2":"type-product","3":"status-publish","4":"has-post-thumbnail","6":"product_cat-diffuser-making-kits","7":"product_cat-craft-kits","8":"product_cat-new","9":"product_cat-reed-diffuser-kits","10":"product_tag-diffuser-making-kit","11":"product_shipping_class-royal_mail_kits","13":"first","14":"instock","15":"taxable","16":"shipping-taxable","17":"purchasable","18":"product-type-simple"},"acf":[],"_links":{"self":[{"href":"https:\/\/cosyowl.com\/es\/wp-json\/wp\/v2\/product\/79461","targetHints":{"allow":["GET"]}}],"collection":[{"href":"https:\/\/cosyowl.com\/es\/wp-json\/wp\/v2\/product"}],"about":[{"href":"https:\/\/cosyowl.com\/es\/wp-json\/wp\/v2\/types\/product"}],"replies":[{"embeddable":true,"href":"https:\/\/cosyowl.com\/es\/wp-json\/wp\/v2\/comments?post=79461"}],"wp:featuredmedia":[{"embeddable":true,"href":"https:\/\/cosyowl.com\/es\/wp-json\/wp\/v2\/media\/79462"}],"wp:attachment":[{"href":"https:\/\/cosyowl.com\/es\/wp-json\/wp\/v2\/media?parent=79461"}],"wp:term":[{"taxonomy":"product_brand","embeddable":true,"href":"https:\/\/cosyowl.com\/es\/wp-json\/wp\/v2\/product_brand?post=79461"},{"taxonomy":"product_cat","embeddable":true,"href":"https:\/\/cosyowl.com\/es\/wp-json\/wp\/v2\/product_cat?post=79461"},{"taxonomy":"product_tag","embeddable":true,"href":"https:\/\/cosyowl.com\/es\/wp-json\/wp\/v2\/product_tag?post=79461"}],"curies":[{"name":"wp","href":"https:\/\/api.w.org\/{rel}","templated":true}]}}