{"id":76167,"date":"2024-03-19T09:21:02","date_gmt":"2024-03-19T09:21:02","guid":{"rendered":"https:\/\/cosyowl.com\/?post_type=product&#038;p=76167"},"modified":"2026-03-03T13:45:59","modified_gmt":"2026-03-03T13:45:59","slug":"flora-30cl-vela-contenedor-negro-mate-paquete-de-6-copia","status":"publish","type":"product","link":"https:\/\/cosyowl.com\/es\/candle-making-supplies\/candle-containers\/metal-containers\/flora-30cl-candle-container-matt-black-pack-of-6-x100","title":{"rendered":"Flora Recipiente Para Velas 30cl | Negro Mate | Pack De 6 x100 (600 Total)"},"content":{"rendered":"<p data-start=\"39\" data-end=\"122\"><strong data-start=\"39\" data-end=\"122\">Este anuncio incluye 100 paquetes, con 6 art\u00edculos en cada paquete (600 art\u00edculos en total).<\/strong><\/p>\n<p>Se trata de un recipiente met\u00e1lico perfecto para que sus velas destaquen. Este recipiente tiene capacidad para 300 ml de <a href=\"https:\/\/cosyowl.com\/es\/guides\/a-summers-beach-gel-votive-candle\">vela<\/a> cera.<\/p>\n<p><strong>Tama\u00f1o:<\/strong> 78 mm x 79 mm<\/p>\n<p><strong>Material:\u00a0<\/strong>Hierro<\/p>\n<p><strong>Color:<\/strong> <a href=\"https:\/\/cosyowl.com\/es\/candle-making-supplies\/candle-containers\/candle-glasses\/karen-30cl-candle-glass-matt-black-pack-of-12\">Negro mate<\/a><\/p>","protected":false},"excerpt":{"rendered":"<p>Este anuncio incluye 100 paquetes, con 6 art\u00edculos en cada paquete (600 art\u00edculos en total). Se trata de un recipiente met\u00e1lico perfecto para que tus velas destaquen. Este recipiente puede contener 300 ml de cera para velas. Tama\u00f1o: 78mm x 79mm Material: Hierro Color: Negro mate<\/p>","protected":false},"featured_media":53985,"comment_status":"open","ping_status":"closed","template":"","meta":{"_acf_changed":false},"product_brand":[],"product_cat":[501,752,717],"product_tag":[922],"class_list":{"0":"post-76167","1":"product","2":"type-product","3":"status-publish","4":"has-post-thumbnail","6":"product_cat-metal-containers","7":"product_cat-sale-containers","8":"product_cat-sale","9":"product_tag-metal-container","10":"product_shipping_class-royal_mail","12":"first","13":"instock","14":"sale","15":"taxable","16":"shipping-taxable","17":"purchasable","18":"product-type-simple"},"acf":[],"_links":{"self":[{"href":"https:\/\/cosyowl.com\/es\/wp-json\/wp\/v2\/product\/76167","targetHints":{"allow":["GET"]}}],"collection":[{"href":"https:\/\/cosyowl.com\/es\/wp-json\/wp\/v2\/product"}],"about":[{"href":"https:\/\/cosyowl.com\/es\/wp-json\/wp\/v2\/types\/product"}],"replies":[{"embeddable":true,"href":"https:\/\/cosyowl.com\/es\/wp-json\/wp\/v2\/comments?post=76167"}],"wp:featuredmedia":[{"embeddable":true,"href":"https:\/\/cosyowl.com\/es\/wp-json\/wp\/v2\/media\/53985"}],"wp:attachment":[{"href":"https:\/\/cosyowl.com\/es\/wp-json\/wp\/v2\/media?parent=76167"}],"wp:term":[{"taxonomy":"product_brand","embeddable":true,"href":"https:\/\/cosyowl.com\/es\/wp-json\/wp\/v2\/product_brand?post=76167"},{"taxonomy":"product_cat","embeddable":true,"href":"https:\/\/cosyowl.com\/es\/wp-json\/wp\/v2\/product_cat?post=76167"},{"taxonomy":"product_tag","embeddable":true,"href":"https:\/\/cosyowl.com\/es\/wp-json\/wp\/v2\/product_tag?post=76167"}],"curies":[{"name":"wp","href":"https:\/\/api.w.org\/{rel}","templated":true}]}}