{"id":76002,"date":"2024-03-15T15:37:08","date_gmt":"2024-03-15T15:37:08","guid":{"rendered":"https:\/\/cosyowl.com\/?post_type=product&#038;p=76002"},"modified":"2026-03-03T13:45:59","modified_gmt":"2026-03-03T13:45:59","slug":"set-de-6-moldes-de-silicona-para-jabon-de-abeja-pack-de-50","status":"publish","type":"product","link":"https:\/\/cosyowl.com\/es\/clearance\/containers-moulds\/bee-silicone-soap-mould-set-of-6-x50","title":{"rendered":"Molde de silicona para jab\u00f3n con forma de abeja - Juego de 6 - Paquete de 50"},"content":{"rendered":"<p>Este <a href=\"https:\/\/cosyowl.com\/es\/craft-supplies\/wax-melt-supplies\/mica-powder-glitter\/royal-blue-purple-biodegradable-candle-glitter\">llamativo<\/a> El molde redondo para jab\u00f3n de abeja es una de las formas m\u00e1s bonitas de <a href=\"https:\/\/cosyowl.com\/es\/guides\/a-beginners-guide-to-soap-making\">fabricaci\u00f3n de jab\u00f3n<\/a>. Este jab\u00f3n es ideal para aquellos que buscan a\u00f1adir un delicado art\u00edculo casero a sus suministros para hacer jab\u00f3n.<\/p>\n<p>Ofrecemos este molde en silicona semiflexible, que adem\u00e1s es reutilizable, \u00a1para que siempre pueda estar haciendo sus jabones favoritos!<\/p>\n<p>Medici\u00f3n del molde*:<\/p>\n<p>Molde completo (largo x ancho): 214 mm x 145 mm<\/p>\n<p>Tama\u00f1o del jab\u00f3n: 58 mm de di\u00e1metro x 20 mm de profundidad<\/p>\n<p>*Tenga en cuenta que todas las medidas son aproximadas y que el color del producto est\u00e1 sujeto a cambios.<\/p>","protected":false},"excerpt":{"rendered":"<p>This striking round bee soap mould is one of the most beautiful shapes in soap making. This soap is ideal for those looking to add a delicate homemade addition to your soap making supplies. We offer this mould in a semi-flexible silicone, it is also re-usable, so you can always be making your favourite soaps! [&hellip;]<\/p>\n","protected":false},"featured_media":55479,"comment_status":"open","ping_status":"closed","template":"","meta":{"_acf_changed":false},"product_brand":[],"product_cat":[752,717,546],"product_tag":[926],"class_list":{"0":"post-76002","1":"product","2":"type-product","3":"status-publish","4":"has-post-thumbnail","6":"product_cat-sale-containers","7":"product_cat-sale","8":"product_cat-soap-making-supplies-soap-moulds","9":"product_tag-mould","10":"product_shipping_class-royal_mail","12":"first","13":"instock","14":"sale","15":"taxable","16":"shipping-taxable","17":"purchasable","18":"product-type-simple"},"acf":[],"_links":{"self":[{"href":"https:\/\/cosyowl.com\/es\/wp-json\/wp\/v2\/product\/76002","targetHints":{"allow":["GET"]}}],"collection":[{"href":"https:\/\/cosyowl.com\/es\/wp-json\/wp\/v2\/product"}],"about":[{"href":"https:\/\/cosyowl.com\/es\/wp-json\/wp\/v2\/types\/product"}],"replies":[{"embeddable":true,"href":"https:\/\/cosyowl.com\/es\/wp-json\/wp\/v2\/comments?post=76002"}],"wp:featuredmedia":[{"embeddable":true,"href":"https:\/\/cosyowl.com\/es\/wp-json\/wp\/v2\/media\/55479"}],"wp:attachment":[{"href":"https:\/\/cosyowl.com\/es\/wp-json\/wp\/v2\/media?parent=76002"}],"wp:term":[{"taxonomy":"product_brand","embeddable":true,"href":"https:\/\/cosyowl.com\/es\/wp-json\/wp\/v2\/product_brand?post=76002"},{"taxonomy":"product_cat","embeddable":true,"href":"https:\/\/cosyowl.com\/es\/wp-json\/wp\/v2\/product_cat?post=76002"},{"taxonomy":"product_tag","embeddable":true,"href":"https:\/\/cosyowl.com\/es\/wp-json\/wp\/v2\/product_tag?post=76002"}],"curies":[{"name":"wp","href":"https:\/\/api.w.org\/{rel}","templated":true}]}}