{"id":76001,"date":"2024-03-15T15:33:18","date_gmt":"2024-03-15T15:33:18","guid":{"rendered":"https:\/\/cosyowl.com\/?post_type=product&#038;p=76001"},"modified":"2026-03-03T13:45:59","modified_gmt":"2026-03-03T13:45:59","slug":"mini-molde-rectangular-de-silicona-para-jabon-set-de-9-pack-de-50","status":"publish","type":"product","link":"https:\/\/cosyowl.com\/es\/clearance\/containers-moulds\/mini-rectangle-silicone-soap-mould-set-of-9-x50","title":{"rendered":"Mini molde rectangular de silicona para jab\u00f3n - Juego de 9 - Paquete de 50"},"content":{"rendered":"<p>Este <a href=\"https:\/\/cosyowl.com\/es\/candle-making-extras\/50mm-candle-safety-label-white-black-text\">borrar<\/a> molde de jab\u00f3n es una de las formas m\u00e1s discretas de <a href=\"https:\/\/cosyowl.com\/es\/guides\/a-beginners-guide-to-soap-making\">fabricaci\u00f3n de jab\u00f3n<\/a>. Este jab\u00f3n es ideal para aquellos que buscan a\u00f1adir una miniatura cl\u00e1sica de producci\u00f3n casera a sus suministros para hacer jab\u00f3n.<\/p>\n<p>Ofrecemos este molde en silicona semiflexible, que tambi\u00e9n es reutilizable, \u00a1para que pueda estar haciendo regularmente sus minijabones favoritos!<\/p>\n<p>Medici\u00f3n del molde*:<\/p>\n<p>Molde completo (largo x ancho): 242 mm x 171 mm<\/p>\n<p>Tama\u00f1o del jab\u00f3n: (largo x ancho x profundidad): 60mm x 37mm x 15mm<\/p>\n<p>*Tenga en cuenta que <a href=\"https:\/\/cosyowl.com\/es\/guides\/weighing-fragrance\">medidas<\/a> son aproximados y el color del producto est\u00e1 sujeto a cambios.<\/p>","protected":false},"excerpt":{"rendered":"<p>This clear soap mould is one of the most understated shapes in soap making. This soap is ideal for those looking to add a miniature classic homemade addition to your soap making supplies. We offer this mould in a semi-flexible silicone, it is also re-usable, so you can regularly be making your favourite mini soaps! [&hellip;]<\/p>\n","protected":false},"featured_media":4552,"comment_status":"open","ping_status":"closed","template":"","meta":{"_acf_changed":false},"product_brand":[],"product_cat":[752,717,546],"product_tag":[926],"class_list":{"0":"post-76001","1":"product","2":"type-product","3":"status-publish","4":"has-post-thumbnail","6":"product_cat-sale-containers","7":"product_cat-sale","8":"product_cat-soap-making-supplies-soap-moulds","9":"product_tag-mould","10":"product_shipping_class-royal_mail","12":"first","13":"instock","14":"sale","15":"taxable","16":"shipping-taxable","17":"purchasable","18":"product-type-simple"},"acf":[],"_links":{"self":[{"href":"https:\/\/cosyowl.com\/es\/wp-json\/wp\/v2\/product\/76001","targetHints":{"allow":["GET"]}}],"collection":[{"href":"https:\/\/cosyowl.com\/es\/wp-json\/wp\/v2\/product"}],"about":[{"href":"https:\/\/cosyowl.com\/es\/wp-json\/wp\/v2\/types\/product"}],"replies":[{"embeddable":true,"href":"https:\/\/cosyowl.com\/es\/wp-json\/wp\/v2\/comments?post=76001"}],"wp:featuredmedia":[{"embeddable":true,"href":"https:\/\/cosyowl.com\/es\/wp-json\/wp\/v2\/media\/4552"}],"wp:attachment":[{"href":"https:\/\/cosyowl.com\/es\/wp-json\/wp\/v2\/media?parent=76001"}],"wp:term":[{"taxonomy":"product_brand","embeddable":true,"href":"https:\/\/cosyowl.com\/es\/wp-json\/wp\/v2\/product_brand?post=76001"},{"taxonomy":"product_cat","embeddable":true,"href":"https:\/\/cosyowl.com\/es\/wp-json\/wp\/v2\/product_cat?post=76001"},{"taxonomy":"product_tag","embeddable":true,"href":"https:\/\/cosyowl.com\/es\/wp-json\/wp\/v2\/product_tag?post=76001"}],"curies":[{"name":"wp","href":"https:\/\/api.w.org\/{rel}","templated":true}]}}