{"id":74591,"date":"2024-02-20T13:18:40","date_gmt":"2024-02-20T13:18:40","guid":{"rendered":"https:\/\/cosyowl.com\/?post_type=product&#038;p=74591"},"modified":"2026-03-24T16:27:32","modified_gmt":"2026-03-24T16:27:32","slug":"aceite-con-fragancia-craftovator-rhubarb-custard","status":"publish","type":"product","link":"https:\/\/cosyowl.com\/es\/candle-making-supplies\/fragrance-oils-for-candle-making\/all-fragrances\/rhubarb-custard-fragrance-oil","title":{"rendered":"Aceite con fragancia de ruibarbo y natillas"},"content":{"rendered":"<p><strong>Nota: todos los modelos de 5, 10 y 25 kg. <a href=\"https:\/\/cosyowl.com\/es\/guides\/2023-spring-fragrance-oil-trends\">Aceites arom\u00e1ticos<\/a> son art\u00edculos hechos a medida y tienen un plazo de entrega de hasta 6 semanas que no se refleja en las opciones de env\u00edo presentadas en <a href=\"https:\/\/cosyowl.com\/es\/checkout\">checkout<\/a>. Si su <a href=\"https:\/\/cosyowl.com\/es\/basket\">pedir<\/a> incluye cualquier Aceite con Fragancia de 5kg, 10kg o 25kg, el plazo de entrega para la totalidad del pedido ser\u00e1 de hasta 6 semanas. Los aceites con fragancia de 5 kg, 10 kg o 25 kg hechos a medida tampoco son reembolsables.<\/strong><\/p>\n<p>Elaborado con ingredientes naturales y aceites esenciales*.<\/p>\n<p>Nuestro irresistible ruibarbo y natillas <a href=\"https:\/\/cosyowl.com\/es\/candle-making-supplies\/fragrance-oils-for-candle-making\/premium-fragrance-oils\/cosy-owl-premium-1-million-type-fragrance-oil\">Aceite con fragancia<\/a> evoca la dulce nostalgia de tus golosinas favoritas. Rebosante de <a href=\"https:\/\/cosyowl.com\/es\/candle-making-supplies\/fragrance-oils-for-candle-making\/all-fragrances\/pink-grapefruit-fragrance-oil\">picante<\/a> estofado <strong>ruibarbo<\/strong>perfectamente equilibrada con la rica dulzura de <strong>notas de crumble de vainilla y natillas<\/strong>. Al igual que los dulces m\u00e1s queridos, nuestro Aceite con Fragancia de Ruibarbo y Natillas est\u00e1 repleto de... <strong>vainilla<\/strong> con un toque deliciosamente dulce.<\/p>\n<p><b>A partir de ahora almacenaremos las fragancias de Craftovator Ltd., ampliando as\u00ed nuestra gama de productos. <a href=\"https:\/\/cosyowl.com\/es\/helper\">soporte<\/a> a los antiguos clientes de Craftovator Ltd. Presentamos el aceite con fragancia Rhubarb &amp; Custard de la colecci\u00f3n Craftovator. Estas son las fragancias exactas que Craftovator Ltd vend\u00eda, no imitaciones. Aunque normalmente s\u00f3lo desarrollamos y almacenamos fragancias que son exclusivas de <a href=\"https:\/\/cosyowl.com\/es\/\">B\u00faho acogedor<\/a>se han incorporado para ayudar a los clientes de Craftovator Ltd.<\/b><\/p>\n<p><strong>\u00bfCu\u00e1nta fragancia debo a\u00f1adir?<\/strong><\/p>\n<p>Todas nuestras fragancias son de alta <a href=\"https:\/\/cosyowl.com\/es\/candle-wicks\/wedo-lx-wick-raw\">calidad<\/a> y dise\u00f1ado espec\u00edficamente para un excelente lanzamiento del aroma, lo que significa que, en t\u00e9rminos generales, menos es m\u00e1s. La cantidad a a\u00f1adir es un poco compleja y hemos desarrollado una <a href=\"https:\/\/cosyowl.com\/es\/guides\/a-guide-to-creating-your-own-soap-products\">gu\u00eda<\/a> para darle m\u00e1s detalles. En general, empezar con entre 5-8% es una buena idea y hasta 10% para fragancias menos fuertes deber\u00eda darte m\u00e1s que suficiente aroma. Siempre es mejor experimentar con cada combinaci\u00f3n de fragancia y cera, empezar con poca cantidad e ir aumentando. Si sigues la gu\u00eda y tienes en cuenta el punto de inflamaci\u00f3n, conseguir\u00e1s velas con un buen aroma con un poco de pr\u00e1ctica. En t\u00e9rminos generales, nunca debe poner m\u00e1s de 12% de fragancia, ya que el <a href=\"https:\/\/cosyowl.com\/es\/guides\/a-summers-beach-gel-votive-candle\">vela<\/a> empezar\u00e1 literalmente a sudar o a filtrar la fragancia.<\/p>\n<p>Todos los aceites con fragancia tienen lo que se denomina punto de inflamaci\u00f3n, es decir, la temperatura a la que el aceite empieza a combustionar y se libera la fragancia.<\/p>\n<p>En\u00a0<strong>El punto de inflamaci\u00f3n de Rhubarb &amp; Custard es de 92\u00b0C.<\/strong>Si desea m\u00e1s informaci\u00f3n sobre los Flash Points, siga este enlace\u00a0<a href=\"https:\/\/cosyowl.com\/es\/guias\/como-utilizar-los-aceites-aromaticos\/?wmc-currency=EUR\">https:\/\/www.cosyowl.com\/guides\/how-to-use-fragrance-oils\/<\/a><\/p>\n<p>Consulte tambi\u00e9n nuestra nota informativa CLP sobre el uso de aceites con fragancia en velas antes de comprar. Esta informaci\u00f3n se refiere a la composici\u00f3n qu\u00edmica del aceite y a las advertencias sobre posibles reacciones al\u00e9rgicas.<\/p>\n<p><strong>Sin crueldad<\/strong><\/p>\n<p>El abastecimiento \u00e9tico de productos es de suma importancia para nosotros y estamos muy orgullosos de decir que todos los aceites de fragancia suministrados por Cosy Owl, y sus materias primas, son libres de crueldad y absolutamente ninguna prueba en animales o seres humanos se lleva a cabo. Entendemos, sin embargo, que puede haber cierta confusi\u00f3n en cuanto a la seguridad de los aceites. <a href=\"https:\/\/cosyowl.com\/es\/data-sheets\">Fichas t\u00e9cnicas<\/a> (FDS) contienen valores de toxicidad para rata y conejo. Esta secci\u00f3n en particular se refiere a la DL50 (toxicidad) de determinados ingredientes que son necesarios para otras industrias (como para su uso en alimentos) y es obligatorio que los incluyamos cuando existan. Todos los datos de pruebas con animales se basan en pruebas que no fueron realizadas o sancionadas por nosotros o nuestros proveedores, en algunos casos, estas pruebas fueron ordenadas por una agencia gubernamental o realizadas hace d\u00e9cadas y categ\u00f3ricamente no se realizaron pruebas para el uso de estos ingredientes en los productos que suministramos.<\/p>\n<p><strong>Aconsejamos a todos los clientes que prueben las fragancias con nuestros frascos de prueba de 10 ml antes de realizar pedidos de mayor tama\u00f1o o cantidad, en el improbable caso de que no queden satisfechos con un aceite con fragancia. Consulte nuestra\u00a0<a href=\"https:\/\/cosyowl.com\/es\/shippinginfo\/?wmc-currency=EUR\" target=\"_blank\" rel=\"noopener\">Entregas y devoluciones<\/a>\u00a0p\u00e1gina para <a href=\"https:\/\/cosyowl.com\/es\/privacy\">t\u00e9rminos<\/a> y condiciones.<\/strong><\/p>\n<p>*Esta fragancia contiene elementos naturales (<a href=\"https:\/\/cosyowl.com\/es\/guides\/essential-oil-benefits\">aceites esenciales<\/a>(extractos, resinas, aislados), pero no es totalmente natural. Nuestros aceites de fragancia han sido dise\u00f1ados para ser tan simples, <a href=\"https:\/\/cosyowl.com\/es\/candle-making-supplies\/glitters\/pure-white-biodegradable\">limpiar<\/a> y natural posible, ofreciendo al mismo tiempo la mejor difusi\u00f3n y la mejor gama de notas olfativas. Los compuestos que no proceden directamente de la naturaleza son qu\u00edmicamente id\u00e9nticos a los naturales, se crean artificialmente o se modifican ligeramente, por lo general para conseguir un aroma m\u00e1s intenso. En ocasiones, se utilizan fragancias que no se encuentran en la naturaleza para dar el aroma distintivo que requieren algunas fragancias de tipo m\u00e1s artificial. Esto es lo mismo que ocurre con todos los aceites con fragancia del mercado actual.<\/p>\n<p>Los aceites con fragancia suelen tener una caducidad de un a\u00f1o a partir de la fecha de fabricaci\u00f3n; sin embargo, muchos aceites con fragancia pueden durar meses o incluso a\u00f1os despu\u00e9s de esta fecha si se almacenan correctamente. Se pueden realizar pruebas (no ofrecemos este servicio) en los aceites de fragancia para determinar su idoneidad m\u00e1s all\u00e1 de su fecha de caducidad.<\/p>","protected":false},"excerpt":{"rendered":"<p>Please note &#8211; all 5kg, 10kg and 25kg Fragrance Oils are bespoke made-to-order items and have an up to 6-week delivery lead time which isn\u2019t reflected in the shipping options presented at checkout. If your order includes any 5kg, 10kg or 25kg Fragrance Oils, lead time for the entirety of the order will be up [&hellip;]<\/p>\n","protected":false},"featured_media":74540,"comment_status":"open","ping_status":"closed","template":"","meta":{"_acf_changed":false},"product_brand":[],"product_cat":[504,517,753,636,586,509,512,511,698,843,800,531,717,516,526],"product_tag":[909,908,1593],"class_list":{"0":"post-74591","1":"product","2":"type-product","3":"status-publish","4":"has-post-thumbnail","6":"product_cat-fragrance-oils-all-fragrances","7":"product_cat-fragrance-oils-cravings","8":"product_cat-sale-fragrance-oils","9":"product_cat-body-care-fragrance-oils","10":"product_cat-hair-care-fragrance-oils","11":"product_cat-soap-making-supplies-fragrances","12":"product_cat-wax-melts-fragrances","13":"product_cat-beard-oil-fragrances","14":"product_cat-fruit-fragrance-oils","15":"product_cat-halloween","16":"product_cat-new","17":"product_cat-fragrance-oils-new","18":"product_cat-sale","19":"product_cat-fragrance-oils-sweet","20":"product_cat-fragrance-oils-vanilla","21":"product_tag-black-friday","22":"product_tag-fragrance-oil","23":"product_tag-halloween","24":"product_shipping_class-royal_mail","25":"pa_bottle-size-100ml","26":"pa_bottle-size-10kg","27":"pa_bottle-size-250ml","28":"pa_bottle-size-25kg","29":"pa_bottle-size-500ml","30":"pa_bottle-size-50ml","31":"pa_bottle-size-5kg","32":"pa_bottle-size-950ml","33":"pa_bottle-size-sample","35":"first","36":"instock","37":"taxable","38":"shipping-taxable","39":"purchasable","40":"product-type-variable"},"acf":[],"_links":{"self":[{"href":"https:\/\/cosyowl.com\/es\/wp-json\/wp\/v2\/product\/74591","targetHints":{"allow":["GET"]}}],"collection":[{"href":"https:\/\/cosyowl.com\/es\/wp-json\/wp\/v2\/product"}],"about":[{"href":"https:\/\/cosyowl.com\/es\/wp-json\/wp\/v2\/types\/product"}],"replies":[{"embeddable":true,"href":"https:\/\/cosyowl.com\/es\/wp-json\/wp\/v2\/comments?post=74591"}],"wp:featuredmedia":[{"embeddable":true,"href":"https:\/\/cosyowl.com\/es\/wp-json\/wp\/v2\/media\/74540"}],"wp:attachment":[{"href":"https:\/\/cosyowl.com\/es\/wp-json\/wp\/v2\/media?parent=74591"}],"wp:term":[{"taxonomy":"product_brand","embeddable":true,"href":"https:\/\/cosyowl.com\/es\/wp-json\/wp\/v2\/product_brand?post=74591"},{"taxonomy":"product_cat","embeddable":true,"href":"https:\/\/cosyowl.com\/es\/wp-json\/wp\/v2\/product_cat?post=74591"},{"taxonomy":"product_tag","embeddable":true,"href":"https:\/\/cosyowl.com\/es\/wp-json\/wp\/v2\/product_tag?post=74591"}],"curies":[{"name":"wp","href":"https:\/\/api.w.org\/{rel}","templated":true}]}}