{"id":42250,"date":"2022-05-27T11:25:55","date_gmt":"2022-05-27T10:25:55","guid":{"rendered":"https:\/\/cosyowl.com\/?post_type=product&#038;p=42250"},"modified":"2026-03-03T13:45:34","modified_gmt":"2026-03-03T13:45:34","slug":"paquete-de-purpurina-brillante","status":"publish","type":"product","link":"https:\/\/cosyowl.com\/es\/bundles\/glitter-bundles\/bright-glitter-bundle","title":{"rendered":"Paquete de purpurina brillante"},"content":{"rendered":"<h2 style=\"text-align: center\"><strong>Paquete de purpurina brillante<\/strong><\/h2>\n<table style=\"height: 72px;border-style: solid;border-color: black;background-color: white;margin-left: auto;margin-right: auto;width: 682px\" border=\"1\">\n<tbody>\n<tr>\n<td style=\"width: 217.135px;text-align: center\"><strong>PVP<\/strong><\/td>\n<td style=\"width: 220.729px;text-align: center\"><strong>Precio del paquete<\/strong><\/td>\n<td style=\"width: 224.861px;text-align: center\"><strong>Ahorra<\/strong><\/td>\n<\/tr>\n<tr style=\"height: 18px\">\n<td style=\"height: 18px;width: 217.135px;text-align: center\"><strong>\u00a3<\/strong><strong>42.98<\/strong><\/td>\n<td style=\"width: 220.729px;text-align: center\"><strong>\u00a334.99<\/strong><\/td>\n<td style=\"height: 18px;width: 224.861px;text-align: center\"><span style=\"color: #ff0000\">\u00a37.99<\/span><\/td>\n<\/tr>\n<\/tbody>\n<\/table>\n<p>&nbsp;<\/p>\n<p>Estos brillantes destellos son imprescindibles para tu <a href=\"https:\/\/cosyowl.com\/es\/guides\/sandalwood-vanilla-leaf-wax-melts-guide\">cera fundida<\/a>. Con sus potentes matices, estos brillos realzan otros brillos de colores similares.<\/p>\n<p>Este paquete incluye:<\/p>\n<p>25 g de <a href=\"https:\/\/cosyowl.com\/es\/suministros-para-la-fabricacion-de-velas\/brilla\/vela-roja-purpurina\/?wmc-currency=EUR\">Rojo<\/a><\/p>\n<p>25 g de <a href=\"https:\/\/cosyowl.com\/es\/suministros-para-la-fabricacion-de-velas\/brilla\/purpurina-azul-turquesa-para-velas\/?wmc-currency=EUR\">Azul turquesa<\/a><\/p>\n<p>25 g de <a href=\"https:\/\/cosyowl.com\/es\/suministros-para-la-fabricacion-de-velas\/brilla\/brillantina-rosa-arco-iris-para-velas\/?wmc-currency=EUR\">Rosa arco iris<\/a><\/p>\n<p>25 g de <a href=\"https:\/\/cosyowl.com\/es\/suministros-para-la-fabricacion-de-velas\/brilla\/manzana-verde-biodegradable\/?wmc-currency=EUR\">Verde manzana<\/a><\/p>\n<p>25 g de <a href=\"https:\/\/cosyowl.com\/es\/suministros-para-la-fabricacion-de-velas\/brilla\/amarillo-fluorescente\/?wmc-currency=EUR\">Amarillo fluorescente<\/a><\/p>\n<p>25 g de <a href=\"https:\/\/cosyowl.com\/es\/suministros-para-la-fabricacion-de-velas\/brilla\/melocoton-fluorescente\/?wmc-currency=EUR\">Melocot\u00f3n fluorescente<\/a><\/p>\n<p>25 g de <a href=\"https:\/\/cosyowl.com\/es\/suministros-para-la-fabricacion-de-velas\/brilla\/verde-fluorescente\/?wmc-currency=EUR\">Verde fluorescente<\/a><\/p>\n<p>25 g de <a href=\"https:\/\/cosyowl.com\/es\/suministros-para-la-fabricacion-de-velas\/brilla\/purpurina-magica-para-velas\/?wmc-currency=EUR\">P\u00farpura m\u00e1gico<\/a><\/p>\n<p>&nbsp;<\/p>\n<p>Esta purpurina puede utilizarse en cosm\u00e9ticos, sombras de ojos, jabones, decoraci\u00f3n de u\u00f1as y manualidades.<\/p>\n<p>Nota: Este producto se utiliza mejor en ceras fundidas, si se utiliza en velas puede obstruir la mecha.<\/p>","protected":false},"excerpt":{"rendered":"<p>Bright Glitter Bundle RRP Our Bundle Price You Save \u00a342.98 \u00a334.99 \u00a37.99 &nbsp; These bright glitters are a must-have for your wax melts. With their powerful hues, these glitters enhance other shimmers of similar colours. This Bundle Includes: 25g of Red 25g of Turquoise Blue 25g of Rainbow Pink 25g of Apple Green 25g of [&hellip;]<\/p>\n","protected":false},"featured_media":42290,"comment_status":"open","ping_status":"closed","template":"","meta":{"_acf_changed":false},"product_brand":[],"product_cat":[719,724,715,540,541],"product_tag":[914],"class_list":{"0":"post-42250","1":"product","2":"type-product","3":"status-publish","4":"has-post-thumbnail","6":"product_cat-bundles-candle-making-supplies","7":"product_cat-glitter-bundles-candle-making","8":"product_cat-glitter-bundles-bundles","9":"product_cat-candle-making-supplies-mica-powder-glitter","10":"product_cat-wax-melts-mica-powder-and-glitter","11":"product_tag-glitter","12":"product_shipping_class-royal_mail","14":"first","15":"instock","16":"taxable","17":"shipping-taxable","18":"purchasable","19":"product-type-simple"},"acf":[],"_links":{"self":[{"href":"https:\/\/cosyowl.com\/es\/wp-json\/wp\/v2\/product\/42250","targetHints":{"allow":["GET"]}}],"collection":[{"href":"https:\/\/cosyowl.com\/es\/wp-json\/wp\/v2\/product"}],"about":[{"href":"https:\/\/cosyowl.com\/es\/wp-json\/wp\/v2\/types\/product"}],"replies":[{"embeddable":true,"href":"https:\/\/cosyowl.com\/es\/wp-json\/wp\/v2\/comments?post=42250"}],"wp:featuredmedia":[{"embeddable":true,"href":"https:\/\/cosyowl.com\/es\/wp-json\/wp\/v2\/media\/42290"}],"wp:attachment":[{"href":"https:\/\/cosyowl.com\/es\/wp-json\/wp\/v2\/media?parent=42250"}],"wp:term":[{"taxonomy":"product_brand","embeddable":true,"href":"https:\/\/cosyowl.com\/es\/wp-json\/wp\/v2\/product_brand?post=42250"},{"taxonomy":"product_cat","embeddable":true,"href":"https:\/\/cosyowl.com\/es\/wp-json\/wp\/v2\/product_cat?post=42250"},{"taxonomy":"product_tag","embeddable":true,"href":"https:\/\/cosyowl.com\/es\/wp-json\/wp\/v2\/product_tag?post=42250"}],"curies":[{"name":"wp","href":"https:\/\/api.w.org\/{rel}","templated":true}]}}