{"id":42247,"date":"2022-05-27T11:20:29","date_gmt":"2022-05-27T10:20:29","guid":{"rendered":"https:\/\/cosyowl.com\/?post_type=product&#038;p=42247"},"modified":"2026-03-03T13:45:33","modified_gmt":"2026-03-03T13:45:33","slug":"paquete-de-tintes-arco-iris","status":"publish","type":"product","link":"https:\/\/cosyowl.com\/es\/bundles\/dye-bundles\/rainbow-dye-bundle","title":{"rendered":"Paquete de tintes arco iris"},"content":{"rendered":"<h2 style=\"text-align: center\"><strong>Paquete de tintes arco iris <\/strong><\/h2>\n<table style=\"height: 72px;border-style: solid;border-color: black;background-color: white;margin-left: auto;margin-right: auto;width: 682px\" border=\"1\">\n<tbody>\n<tr>\n<td style=\"width: 217.135px;text-align: center\"><strong>PVP<\/strong><\/td>\n<td style=\"width: 220.729px;text-align: center\"><strong>Precio del paquete<\/strong><\/td>\n<td style=\"width: 224.861px;text-align: center\"><strong>Ahorra<\/strong><\/td>\n<\/tr>\n<tr style=\"height: 18px\">\n<td style=\"height: 18px;width: 217.135px;text-align: center\"><span style=\"text-decoration: line-through\"><strong>\u00a3<\/strong><\/span><strong>7.86<\/strong><\/td>\n<td style=\"width: 220.729px;text-align: center\"><strong>\u00a35.29<\/strong><\/td>\n<td style=\"height: 18px;width: 224.861px;text-align: center\"><span style=\"color: #ff0000\">\u00a32.57<\/span><\/td>\n<\/tr>\n<\/tbody>\n<\/table>\n<p>&nbsp;<\/p>\n<p><a href=\"https:\/\/cosyowl.com\/es\/guides\/how-to-make-wax-melts-at-home\">Artesan\u00eda<\/a> con nuestra selecci\u00f3n de tintes Rainbow brillantes y <a href=\"https:\/\/cosyowl.com\/es\/craft-supplies\/wax-melt-supplies\/mica-powder-glitter\/bright-peach-biodegradable-candle-glitter\">vibrante<\/a> color a sus velas y <a href=\"https:\/\/cosyowl.com\/es\/guides\/sandalwood-vanilla-leaf-wax-melts-guide\">cera fundida<\/a>.<\/p>\n<p><strong>Este paquete incluye:<\/strong><\/p>\n<p>3g de <a href=\"https:\/\/cosyowl.com\/es\/tintes-para-velas\/bekro-6099-25-tinte-naranja-para-velas\/?wmc-currency=EUR\">Tinte naranja<\/a><\/p>\n<p>3g de <a href=\"https:\/\/cosyowl.com\/es\/tintes-para-velas\/bekro-30-6077-tinte-rojo-para-velas\/?wmc-currency=EUR\">Tinte rojo<\/a><\/p>\n<p>3g de <a href=\"https:\/\/cosyowl.com\/es\/tintes-para-velas\/bekro-10-937-colorante-amarillo-para-velas\/?wmc-currency=EUR\">Tinte amarillo<\/a><\/p>\n<p>3g de <a href=\"https:\/\/cosyowl.com\/es\/tintes-para-velas\/bekro-71-917-tinte-verde-para-velas\/?wmc-currency=EUR\">Tinte verde<\/a><\/p>\n<p>3g de <a href=\"https:\/\/cosyowl.com\/es\/tintes-para-velas\/bekro-51-4027-tinte-azul-para-velas\/?wmc-currency=EUR\">Tinte azul<\/a><\/p>\n<p>3g de <a href=\"https:\/\/cosyowl.com\/es\/tintes-para-velas\/bekro-6139-65-tinte-purpura-para-velas\/?wmc-currency=EUR\">Tinte morado<\/a><\/p>\n<p>Estos <a href=\"https:\/\/cosyowl.com\/es\/craft-supplies\/wax-melt-supplies\/mica-powder-glitter\/light-copper-biodegradable-candle-glitter\">ecol\u00f3gico<\/a>Los colorantes, no t\u00f3xicos, son muy concentrados, f\u00e1ciles de trabajar y proporcionan una gran profundidad de color. El colorante se a\u00f1ade y remueve en la cera fundida y se disipa uniformemente por toda la cera, proporcionando la consistencia necesaria. El resultado es un <a href=\"https:\/\/cosyowl.com\/es\/guides\/a-summers-beach-gel-votive-candle\">vela<\/a> con una coloraci\u00f3n igual a la de los producidos profesionalmente. Los precios competitivos de Cosy Owl hacen que el nivel profesional <a href=\"https:\/\/cosyowl.com\/es\/guides\/how-to-make-a-candle\">fabricaci\u00f3n de velas<\/a> muy asequible y fant\u00e1stica relaci\u00f3n calidad-precio.<\/p>\n<p>Se pueden mezclar tintes de distintos colores con la cera para crear colores compuestos, lo que le permitir\u00e1 experimentar con sus habilidades creativas para producir velas y wax Melts.<\/p>\n<p>Tenga en cuenta que la imagen del tinte s\u00f3lido no siempre representa el color de la vela una vez terminada. Este producto no es apto para su uso con cera en gel.<\/p>","protected":false},"excerpt":{"rendered":"<p>Rainbow Dye Bundle RRP Our Bundle Price You Save \u00a37.86 \u00a35.29 \u00a32.57 &nbsp; Craft with our selection of Rainbow dyes bright and vibrant colour to your candles and wax melts. This Bundle Includes: 3g of Orange Dye 3g of Red Dye 3g of Yellow Dye 3g of Green Dye 3g of Blue Dye 3g of [&hellip;]<\/p>\n","protected":false},"featured_media":42269,"comment_status":"open","ping_status":"closed","template":"","meta":{"_acf_changed":false},"product_brand":[],"product_cat":[708,719,496,722,497],"product_tag":[916],"class_list":{"0":"post-42247","1":"product","2":"type-product","3":"status-publish","4":"has-post-thumbnail","6":"product_cat-dye-bundles","7":"product_cat-bundles-candle-making-supplies","8":"product_cat-candle-dyes","9":"product_cat-bundles-dye-candle-making","10":"product_cat-wax-melts-dyes","11":"product_tag-dye","12":"product_shipping_class-royal_mail_letter","14":"first","15":"outofstock","16":"taxable","17":"shipping-taxable","18":"purchasable","19":"product-type-simple"},"acf":[],"_links":{"self":[{"href":"https:\/\/cosyowl.com\/es\/wp-json\/wp\/v2\/product\/42247","targetHints":{"allow":["GET"]}}],"collection":[{"href":"https:\/\/cosyowl.com\/es\/wp-json\/wp\/v2\/product"}],"about":[{"href":"https:\/\/cosyowl.com\/es\/wp-json\/wp\/v2\/types\/product"}],"replies":[{"embeddable":true,"href":"https:\/\/cosyowl.com\/es\/wp-json\/wp\/v2\/comments?post=42247"}],"wp:featuredmedia":[{"embeddable":true,"href":"https:\/\/cosyowl.com\/es\/wp-json\/wp\/v2\/media\/42269"}],"wp:attachment":[{"href":"https:\/\/cosyowl.com\/es\/wp-json\/wp\/v2\/media?parent=42247"}],"wp:term":[{"taxonomy":"product_brand","embeddable":true,"href":"https:\/\/cosyowl.com\/es\/wp-json\/wp\/v2\/product_brand?post=42247"},{"taxonomy":"product_cat","embeddable":true,"href":"https:\/\/cosyowl.com\/es\/wp-json\/wp\/v2\/product_cat?post=42247"},{"taxonomy":"product_tag","embeddable":true,"href":"https:\/\/cosyowl.com\/es\/wp-json\/wp\/v2\/product_tag?post=42247"}],"curies":[{"name":"wp","href":"https:\/\/api.w.org\/{rel}","templated":true}]}}