{"id":42244,"date":"2022-05-27T11:04:21","date_gmt":"2022-05-27T10:04:21","guid":{"rendered":"https:\/\/cosyowl.com\/?post_type=product&#038;p=42244"},"modified":"2026-03-03T13:45:33","modified_gmt":"2026-03-03T13:45:33","slug":"paquete-de-tintes-pastel","status":"publish","type":"product","link":"https:\/\/cosyowl.com\/es\/bundles\/dye-bundles\/pastel-dye-bundle","title":{"rendered":"Paquete de tintes pastel"},"content":{"rendered":"<h2 style=\"text-align: center\"><strong>Paquete de tintes pastel <\/strong><\/h2>\n<table style=\"height: 72px;border-style: solid;border-color: black;background-color: white;margin-left: auto;margin-right: auto;width: 682px\" border=\"1\">\n<tbody>\n<tr>\n<td style=\"width: 217.135px;text-align: center\"><strong>PVP<\/strong><\/td>\n<td style=\"width: 220.729px;text-align: center\"><strong>Precio del paquete<\/strong><\/td>\n<td style=\"width: 224.861px;text-align: center\"><strong>Ahorra<\/strong><\/td>\n<\/tr>\n<tr style=\"height: 18px\">\n<td style=\"height: 18px;width: 217.135px;text-align: center\"><span style=\"text-decoration: line-through\"><strong>\u00a3<\/strong><\/span><strong>6.55<\/strong><\/td>\n<td style=\"width: 220.729px;text-align: center\"><strong>\u00a34.99<\/strong><\/td>\n<td style=\"height: 18px;width: 224.861px;text-align: center\"><span style=\"color: #ff0000\">\u00a31.56<\/span><\/td>\n<\/tr>\n<\/tbody>\n<\/table>\n<p>&nbsp;<\/p>\n<p><a href=\"https:\/\/cosyowl.com\/es\/guides\/how-to-make-wax-melts-at-home\">Artesan\u00eda<\/a> con nuestra selecci\u00f3n de tintes pastel para a\u00f1adir suaves toques de color a sus velas y <a href=\"https:\/\/cosyowl.com\/es\/guides\/sandalwood-vanilla-leaf-wax-melts-guide\">cera fundida<\/a>.<\/p>\n<p><strong>Este paquete incluye:<\/strong><\/p>\n<p>3g de <a href=\"https:\/\/cosyowl.com\/es\/tintes-para-velas\/bekro-227-crema-tinte-vela\/?wmc-currency=EUR\">Crema para velas<\/a><\/p>\n<p>3g de <a href=\"https:\/\/cosyowl.com\/es\/tintes-para-velas\/bekro-35-4141-pink-candle-dye\/?wmc-currency=EUR\">Tinte rosa claro<\/a><\/p>\n<p>3g de <a href=\"https:\/\/cosyowl.com\/es\/tintes-para-velas\/bekro-60-1127-tinte-lila-para-velas\/?wmc-currency=EUR\">Tinte Lila<\/a><\/p>\n<p>3g de <a href=\"https:\/\/cosyowl.com\/es\/tintes-para-velas\/bekro-52-5561-tinte-azul-para-velas\/?wmc-currency=EUR\">Tinte azul claro<\/a><\/p>\n<p>3g de <a href=\"https:\/\/cosyowl.com\/es\/tintes-para-velas\/bekro-72-7427-tinte-verde-para-velas\/?wmc-currency=EUR\">Tinte verde claro<\/a><\/p>\n<p>Estos <a href=\"https:\/\/cosyowl.com\/es\/craft-supplies\/wax-melt-supplies\/mica-powder-glitter\/light-copper-biodegradable-candle-glitter\">ecol\u00f3gico<\/a>Los colorantes, no t\u00f3xicos, son muy concentrados, f\u00e1ciles de trabajar y proporcionan una gran profundidad de color. El colorante se a\u00f1ade y remueve en la cera fundida y se disipa uniformemente por toda la cera, proporcionando la consistencia necesaria. El resultado es un <a href=\"https:\/\/cosyowl.com\/es\/guides\/a-summers-beach-gel-votive-candle\">vela<\/a> con una coloraci\u00f3n igual a la de los producidos profesionalmente. Los precios competitivos de Cosy Owl hacen que el nivel profesional <a href=\"https:\/\/cosyowl.com\/es\/guides\/how-to-make-a-candle\">fabricaci\u00f3n de velas<\/a> muy asequible y fant\u00e1stica relaci\u00f3n calidad-precio.<\/p>\n<p>Se pueden mezclar tintes de distintos colores con la cera para crear colores compuestos, lo que le permitir\u00e1 experimentar con sus habilidades creativas para producir velas y wax Melts.<\/p>\n<p>Tenga en cuenta que la imagen del tinte s\u00f3lido no siempre representa el color de la vela una vez terminada. Este producto no es apto para su uso con cera en gel.<\/p>","protected":false},"excerpt":{"rendered":"<p>Pastel Dye Bundle RRP Our Bundle Price You Save \u00a36.55 \u00a34.99 \u00a31.56 &nbsp; Craft with our selection of pastel dyes to add soft hints of colour to your candles and wax melts. This Bundle Includes: 3g of Cream Candle Dye 3g of Light Rose Pink Dye 3g of Lilac Dye 3g of Light Blue Dye [&hellip;]<\/p>\n","protected":false},"featured_media":42255,"comment_status":"open","ping_status":"closed","template":"","meta":{"_acf_changed":false},"product_brand":[],"product_cat":[708,719,496,722,497,790],"product_tag":[916,1595],"class_list":{"0":"post-42244","1":"product","2":"type-product","3":"status-publish","4":"has-post-thumbnail","6":"product_cat-dye-bundles","7":"product_cat-bundles-candle-making-supplies","8":"product_cat-candle-dyes","9":"product_cat-bundles-dye-candle-making","10":"product_cat-wax-melts-dyes","11":"product_cat-easter","12":"product_tag-dye","13":"product_tag-easter","14":"product_shipping_class-royal_mail_letter","16":"first","17":"instock","18":"taxable","19":"shipping-taxable","20":"purchasable","21":"product-type-simple"},"acf":[],"_links":{"self":[{"href":"https:\/\/cosyowl.com\/es\/wp-json\/wp\/v2\/product\/42244","targetHints":{"allow":["GET"]}}],"collection":[{"href":"https:\/\/cosyowl.com\/es\/wp-json\/wp\/v2\/product"}],"about":[{"href":"https:\/\/cosyowl.com\/es\/wp-json\/wp\/v2\/types\/product"}],"replies":[{"embeddable":true,"href":"https:\/\/cosyowl.com\/es\/wp-json\/wp\/v2\/comments?post=42244"}],"wp:featuredmedia":[{"embeddable":true,"href":"https:\/\/cosyowl.com\/es\/wp-json\/wp\/v2\/media\/42255"}],"wp:attachment":[{"href":"https:\/\/cosyowl.com\/es\/wp-json\/wp\/v2\/media?parent=42244"}],"wp:term":[{"taxonomy":"product_brand","embeddable":true,"href":"https:\/\/cosyowl.com\/es\/wp-json\/wp\/v2\/product_brand?post=42244"},{"taxonomy":"product_cat","embeddable":true,"href":"https:\/\/cosyowl.com\/es\/wp-json\/wp\/v2\/product_cat?post=42244"},{"taxonomy":"product_tag","embeddable":true,"href":"https:\/\/cosyowl.com\/es\/wp-json\/wp\/v2\/product_tag?post=42244"}],"curies":[{"name":"wp","href":"https:\/\/api.w.org\/{rel}","templated":true}]}}