{"id":42134,"date":"2022-04-20T16:54:30","date_gmt":"2022-04-20T15:54:30","guid":{"rendered":"https:\/\/cosyowl.com\/?post_type=product&#038;p=42134"},"modified":"2026-03-24T16:27:33","modified_gmt":"2026-03-24T16:27:33","slug":"cosy-owl-coleccion-de-aceites-con-fragancia-tropical-pack-de-5","status":"publish","type":"product","link":"https:\/\/cosyowl.com\/es\/candle-making-supplies\/fragrance-oils-for-candle-making\/fragrance-oil-sets\/cosy-owl-tropical-fragrance-oil-collection-pack-of-5","title":{"rendered":"Colecci\u00f3n de Aceites con Fragancia Cosy Owl Tropical - (Pack de 5)"},"content":{"rendered":"<p><strong><a href=\"https:\/\/cosyowl.com\/es\/candle-making-supplies\/fragrance-oils-for-candle-making\/all-fragrances\/black-coconut-fragrance-oil\">Tropical<\/a> <a href=\"https:\/\/cosyowl.com\/es\/candle-making-supplies\/fragrance-oils-for-candle-making\/premium-fragrance-oils\/cosy-owl-premium-1-million-type-fragrance-oil\">Aceite con fragancia<\/a> Colecci\u00f3n.<\/strong><\/p>\n<p>Nuestros sets de aceite con fragancia son la forma perfecta de probar nuestros superventas <a href=\"https:\/\/cosyowl.com\/es\/guides\/2023-spring-fragrance-oil-trends\">aceites arom\u00e1ticos<\/a>.<\/p>\n<p>Este Set Incluye 5 Aceites de Fragancia de 10ml de nuestra Colecci\u00f3n Tropical.<\/p>\n<ul>\n<li><span style=\"color: #000000\"><strong><a href=\"https:\/\/cosyowl.com\/es\/aceites-aromaticos\/coco-lima\/?wmc-currency=EUR\" target=\"_blank\" rel=\"noopener\">Coco Lima<\/a><\/strong>\u00a0<\/span>- Nuestro <a href=\"https:\/\/cosyowl.com\/es\/craft-kits\/wax-melt-making-kits\/coconut-lime-wax-melt-making-kit\">Coco Lima<\/a> El aceite con fragancia se ha formulado especialmente para evocar el aroma familiar asociado a esta gran semilla marr\u00f3n ovalada de una palmera tropical, combinado con el sabor ligeramente c\u00edtrico de la lima. El aceite y la leche de la <a href=\"https:\/\/cosyowl.com\/es\/fragrance-oils\/coconut\">coco<\/a> junto con la c\u00e1scara de lima se mezclan sint\u00e9ticamente en nuestro aceite de fragancia y esto inmediatamente emana un olor fuerte y prominente asociado con el agua de coco, agrio <a href=\"https:\/\/cosyowl.com\/es\/fragrance-oils\/lemon\">lim\u00f3n<\/a>zumo de lima, jengibre rallado. Este aroma inicial es el m\u00e1s pronunciado a medida que su <a href=\"https:\/\/cosyowl.com\/es\/guides\/a-summers-beach-gel-votive-candle\">vela<\/a> comienza a arder, llenando su habitaci\u00f3n con un aroma que luego se realza con ligeros matices de coco batido y flor de verbena. Incorporado en la formulaci\u00f3n de esta fragancia distintiva es un regusto delicioso rastro de vainilla, cedro blanco y almizcle desnudo.<\/li>\n<\/ul>\n<ul>\n<li><a href=\"https:\/\/cosyowl.com\/es\/aceites-aromaticos\/pina-mango\/?wmc-currency=EUR\" target=\"_blank\" rel=\"noopener\"><strong>Pi\u00f1a Mango<\/strong><\/a> - Nuestro Aceite con Fragancia de Pi\u00f1a y Mango se ha formulado especialmente para evocar los olores familiares y queridos asociados a estas maravillosas frutas tropicales y desprende un olor fuerte y prominente asociado a la pi\u00f1a, la melaza, el pomelo rosa y la ralladura de naranja. Este aroma inicial es el m\u00e1s pronunciado a medida que la vela comienza a arder, llenando la habitaci\u00f3n con un aroma que se realza con ligeros matices de mango, \u00f3xido de rosa, ciclamen y guayaba. Incorporado a la formulaci\u00f3n de esta fragancia distintiva hay un delicioso rastro de almizcle afrutado, vainilla y vainilla. <a href=\"https:\/\/cosyowl.com\/es\/candle-making-supplies\/fragrance-oils-for-candle-making\/all-fragrances\/french-vanilla-fragrance-oil\">cremoso<\/a> nuez moscada.<\/li>\n<\/ul>\n<ul>\n<li><strong><a href=\"https:\/\/cosyowl.com\/es\/aceites-aromaticos\/pomegranate\/?wmc-currency=EUR\" target=\"_blank\" rel=\"noopener\">Granada<\/a>\u00a0<\/strong>- Nuestro aceite con fragancia tipo granada se ha formulado especialmente para liberar el potente aroma de esta fruta esf\u00e9rica con su resistente piel exterior de color naranja dorado y su pulpa gelatinosa de color rojo dulce que nace de un \u00e1rbol originario del norte de \u00c1frica y el oeste de Asia. La fragancia proporciona un olor fuerte y prominente asociado a lima y <a href=\"https:\/\/cosyowl.com\/es\/candle-making-supplies\/fragrance-oils-for-candle-making\/all-fragrances\/lemon-lavender-fragrance-oil\">c\u00e1scara de lim\u00f3n<\/a>. Este aroma inicial es el m\u00e1s pronunciado a medida que la vela comienza a arder, llenando la habitaci\u00f3n con un aroma que se realza con ligeros matices de granada, <a href=\"https:\/\/cosyowl.com\/es\/fragrance-oils\/raspberry\">frambuesa<\/a> y ciruela. Incorporado en la formulaci\u00f3n de esta fragancia distintiva es un maravilloso rastro regusto de vainilla, almizcle dulce y musgo.<\/li>\n<\/ul>\n<ul>\n<li><a href=\"https:\/\/cosyowl.com\/es\/suministros-para-la-fabricacion-de-velas\/aceites-aromaticos-para-la-fabricacion-de-velas\/todas-las-fragancias\/aceite-con-fragancia-tropics\/?wmc-currency=EUR\"><strong>Tr\u00f3picos<\/strong><\/a> - El aceite con fragancia Tropics captura la esencia de un verano tropical con su <a href=\"https:\/\/cosyowl.com\/es\/craft-supplies\/wax-melt-supplies\/mica-powder-glitter\/bright-peach-biodegradable-candle-glitter\">vibrante<\/a> mezcla. Se abre con <a href=\"https:\/\/cosyowl.com\/es\/candle-making-supplies\/essential-oils\/rosemary-essential-oil\">tonificante<\/a> notas altas de <a href=\"https:\/\/cosyowl.com\/es\/candle-making-supplies\/essential-oils\/eucalyptus-globulus-essential-oil\">fresco<\/a> pi\u00f1a, melocot\u00f3n, fruta de la pasi\u00f3n, <a href=\"https:\/\/cosyowl.com\/es\/all-fragrances\/sumptious-fruits-fragrance-oil\">frutas ex\u00f3ticas<\/a>, y jugoso pomelo, que da paso a un coraz\u00f3n de delicioso mango y frutas tropicales. La base de almizcle suave proporciona un acabado c\u00e1lido y reconfortante a esta deliciosa fragancia.<\/li>\n<\/ul>\n<ul>\n<li><a href=\"https:\/\/cosyowl.com\/es\/suministros-para-la-fabricacion-de-velas\/aceites-aromaticos-para-la-fabricacion-de-velas\/todas-las-fragancias\/aceite-con-fragancia-brazilian-crush\/?wmc-currency=EUR\"><strong>Crush brasile\u00f1o<\/strong><\/a> - Presentamos Brazilian Crush, un cautivador aceite de fragancia inspirado en las soleadas playas de Brasil. Con notas de almendra, <a href=\"https:\/\/cosyowl.com\/es\/candle-making-supplies\/fragrance-oils-for-candle-making\/all-fragrances\/chocolate-fragrance-oil\">chocolate<\/a>Con coco, caf\u00e9, vainilla, caramelo y un toque de almizcle, es una deliciosa mezcla que evoca la esencia de la indulgencia tropical.<\/li>\n<\/ul>\n<p>Todas las fragancias incluidas en este set pueden adquirirse por separado.<\/p>","protected":false},"excerpt":{"rendered":"<p>Tropical Fragrance Oil Collection. Our Fragrance oil sets are the perfect way to test out our best-selling fragrance oils. This Set Includes 5x 10ml Fragrance Oils from our Tropical Collection. Coconut Lime\u00a0&#8211; Our Coconut Lime Fragrance Oil has been specially formulated to evoke the familiar scent associated with this large oval brown seed of a [&hellip;]<\/p>\n","protected":false},"featured_media":86737,"comment_status":"open","ping_status":"closed","template":"","meta":{"_acf_changed":false},"product_brand":[],"product_cat":[719,723,711,504,636,586,509,512,730,800,531],"product_tag":[908],"class_list":{"0":"post-42134","1":"product","2":"type-product","3":"status-publish","4":"has-post-thumbnail","6":"product_cat-bundles-candle-making-supplies","7":"product_cat-fragrance-oil-sets-candle-making","8":"product_cat-bundles-fragrance-oil-sets","9":"product_cat-fragrance-oils-all-fragrances","10":"product_cat-body-care-fragrance-oils","11":"product_cat-hair-care-fragrance-oils","12":"product_cat-soap-making-supplies-fragrances","13":"product_cat-wax-melts-fragrances","14":"product_cat-fragrances-for-reed-diffusers","15":"product_cat-new","16":"product_cat-fragrance-oils-new","17":"product_tag-fragrance-oil","18":"product_shipping_class-royal_mail","20":"first","21":"instock","22":"taxable","23":"shipping-taxable","24":"purchasable","25":"product-type-simple"},"acf":[],"_links":{"self":[{"href":"https:\/\/cosyowl.com\/es\/wp-json\/wp\/v2\/product\/42134","targetHints":{"allow":["GET"]}}],"collection":[{"href":"https:\/\/cosyowl.com\/es\/wp-json\/wp\/v2\/product"}],"about":[{"href":"https:\/\/cosyowl.com\/es\/wp-json\/wp\/v2\/types\/product"}],"replies":[{"embeddable":true,"href":"https:\/\/cosyowl.com\/es\/wp-json\/wp\/v2\/comments?post=42134"}],"wp:featuredmedia":[{"embeddable":true,"href":"https:\/\/cosyowl.com\/es\/wp-json\/wp\/v2\/media\/86737"}],"wp:attachment":[{"href":"https:\/\/cosyowl.com\/es\/wp-json\/wp\/v2\/media?parent=42134"}],"wp:term":[{"taxonomy":"product_brand","embeddable":true,"href":"https:\/\/cosyowl.com\/es\/wp-json\/wp\/v2\/product_brand?post=42134"},{"taxonomy":"product_cat","embeddable":true,"href":"https:\/\/cosyowl.com\/es\/wp-json\/wp\/v2\/product_cat?post=42134"},{"taxonomy":"product_tag","embeddable":true,"href":"https:\/\/cosyowl.com\/es\/wp-json\/wp\/v2\/product_tag?post=42134"}],"curies":[{"name":"wp","href":"https:\/\/api.w.org\/{rel}","templated":true}]}}