{"id":42132,"date":"2022-04-20T16:49:55","date_gmt":"2022-04-20T15:49:55","guid":{"rendered":"https:\/\/cosyowl.com\/?post_type=product&#038;p=42132"},"modified":"2026-03-24T16:27:33","modified_gmt":"2026-03-24T16:27:33","slug":"cosy-owl-premium-fragrance-oil-collection-pack-de-5","status":"publish","type":"product","link":"https:\/\/cosyowl.com\/es\/candle-making-supplies\/fragrance-oils-for-candle-making\/fragrance-oil-sets\/cosy-owl-premium-fragrance-oil-collection-pack-of-5","title":{"rendered":"Colecci\u00f3n Premium de Aceites con Fragancia Cosy Owl - (Pack de 5)"},"content":{"rendered":"<p><strong>Premium <a href=\"https:\/\/cosyowl.com\/es\/candle-making-supplies\/fragrance-oils-for-candle-making\/premium-fragrance-oils\/cosy-owl-premium-1-million-type-fragrance-oil\">Aceite con fragancia<\/a> Colecci\u00f3n.<\/strong><\/p>\n<p>Nuestros sets de aceite con fragancia son la forma perfecta de probar nuestros superventas <a href=\"https:\/\/cosyowl.com\/es\/guides\/2023-spring-fragrance-oil-trends\">aceites arom\u00e1ticos<\/a>.<\/p>\n<p>Este set incluye 5 aceites de fragancia de 10 ml de nuestra colecci\u00f3n Premium.<\/p>\n<ul>\n<li><strong><a href=\"https:\/\/cosyowl.com\/es\/aceites-aromaticos\/aceite-con-fragancia-de-mora-y-laurel\/?wmc-currency=EUR\" target=\"_blank\" rel=\"noopener\">Mora y laurel<\/a><\/strong> - Otro elemento b\u00e1sico de las filas de la gama alta m\u00e1s famosa del Reino Unido <a href=\"https:\/\/cosyowl.com\/es\/looking-for-a-new-supplier-of-candle-making-materials\">proveedor de velas<\/a>reformulado para el <a href=\"https:\/\/cosyowl.com\/es\/guides\/new-cosy-owl-premium-candle-fragrances\">B\u00faho Premium<\/a> gama. Una fragancia floral y afrutada dirigida principalmente a las mujeres. Las notas de salida de ciruela blanca, madreselva, melocot\u00f3n y t\u00e9 negro dan paso a notas medias de mora, azahar y laurel, y a notas de fondo de vainilla, musgo de roble, cedro y vainilla. <a href=\"https:\/\/cosyowl.com\/es\/candle-making-supplies\/fragrance-oils-for-candle-making\/all-fragrances\/french-vanilla-fragrance-oil\">cremoso<\/a> s\u00e1ndalo que <a href=\"https:\/\/cosyowl.com\/es\/helper\">soporte<\/a> toda la fragancia.<\/li>\n<\/ul>\n<ul>\n<li><strong><a href=\"https:\/\/cosyowl.com\/es\/aceites-aromaticos\/english-pear-fresia-fragrance-oil\/?wmc-currency=EUR\" target=\"_blank\" rel=\"noopener\">Pera inglesa y fresia<\/a>\u00a0<\/strong>- De la que posiblemente sea la gama alta m\u00e1s conocida <a href=\"https:\/\/cosyowl.com\/es\/guides\/a-summers-beach-gel-votive-candle\">vela<\/a> en el Reino Unido, esta fragancia es uno de los productos b\u00e1sicos de la gama y aportar\u00e1 un toque brillante a sus productos. Notas de salida de madreselva, pera inglesa, cassis, bergamota y fresia. Notas medias de lirio de los valles, <a href=\"https:\/\/cosyowl.com\/es\/fragrance-oils\/lilac\">lila<\/a>y suaves notas de fondo de cipr\u00e9s, s\u00e1ndalo y flor de vainilla.<\/li>\n<\/ul>\n<ul>\n<li><strong><a href=\"https:\/\/cosyowl.com\/es\/aceites-aromaticos\/aceite-de-fragancia-tipo-grace\/?wmc-currency=EUR\" target=\"_blank\" rel=\"noopener\">Tipo Sweet Grace<\/a><\/strong> - Esta fragancia de culto cuenta con seguidores muy entregados y sus defensores la describen como adictiva. Esta fragancia de culto cuenta con seguidores muy entregados y ha sido descrita como adictiva por sus defensores. <a href=\"https:\/\/cosyowl.com\/es\/\">B\u00faho acogedor<\/a> La versi\u00f3n Premium es una excelente reproducci\u00f3n de esta fragancia cl\u00e1sica. Con notas de salida de c\u00e1scara de naranja, bergamota, <a href=\"https:\/\/cosyowl.com\/es\/fragrance-oils\/lemon\">lim\u00f3n<\/a> c\u00e1scara y cidra rosa, medios de tonka, calone, lila y geranio combinados con las notas de fondo de almizcle, vaina de vainilla, pachul\u00ed ligero y \u00e1mbar para crear esta fragancia con cuerpo que ha demostrado ser tan popular.<\/li>\n<\/ul>\n<ul>\n<li><strong><a href=\"https:\/\/cosyowl.com\/es\/aceites-aromaticos\/sun-drenched-apricot-rose-fragrance-oil\/?wmc-currency=EUR\" target=\"_blank\" rel=\"noopener\">Albaricoque ba\u00f1ado por el sol<\/a><\/strong> - Otra gran incorporaci\u00f3n a la gama de fragancias Cosy Owl Premium es esta popular fragancia para velas de una de las marcas de velas m\u00e1s conocidas. Una fragancia rica e intensa con tops de aldeh\u00eddos burbujeantes, ciruela y flores de amapola, en medio de frutos rojos, <a href=\"https:\/\/cosyowl.com\/es\/candle-making-supplies\/fragrance-oils-for-candle-making\/all-fragrances\/peony-petals-fragrance-oil\">p\u00e9talos de peon\u00eda<\/a>Con notas de salida de nen\u00fafar y nectarina dulce y notas de fondo de almizcle dulce, vaina de vainilla y geranio, se trata de una fragancia realmente potente. Elaborada con ingredientes de primera calidad a juego con esta conocida fragancia.<\/li>\n<\/ul>\n<ul>\n<li><strong>\u00a0<a href=\"https:\/\/cosyowl.com\/es\/aceites-aromaticos\/todas-las-fragancias\/aceite-con-fragancia-de-salvia-marina\/?wmc-currency=EUR\" target=\"_blank\" rel=\"noopener\">Salvia de bosque y sal marina<\/a><\/strong>- Un <a href=\"https:\/\/cosyowl.com\/es\/fragrance-oils\/coffee\">arom\u00e1tico<\/a> y almizclada inspirada en la famosa fragancia de Jo Malone.  Con la riqueza y profundidad que caracterizan a nuestra gama de fragancias premium, esta <a href=\"https:\/\/cosyowl.com\/es\/candle-making-supplies\/fragrance-oils-for-candle-making\/all-fragrances\/ocean-fragrance-oil\">marina<\/a> tiene toques c\u00edtricos y ofrece una excelente mezcla de madera, sal, especias y dulzura.  Esta fragancia, que no es abrumadora pero s\u00ed muy duradera, evoluciona y madura con el paso del tiempo.<\/li>\n<\/ul>\n<p>Todas las fragancias incluidas en este set pueden adquirirse por separado.<\/p>","protected":false},"excerpt":{"rendered":"<p>Premium Fragrance Oil Collection. Our Fragrance oil sets are the perfect way to test out our best-selling fragrance oils. This Set Includes 5x 10ml Fragrance Oils from our Premium Collection. Blackberry and Bay &#8211; Another staple from the ranks of the UK\u2019s most famous top end candle supplier, re-formulated for the Cosy Owl Premium range. [&hellip;]<\/p>\n","protected":false},"featured_media":86735,"comment_status":"open","ping_status":"closed","template":"","meta":{"_acf_changed":false},"product_brand":[],"product_cat":[669,719,711,723,504,636,586,509,512,511,730,800,531,536],"product_tag":[908],"class_list":{"0":"post-42132","1":"product","2":"type-product","3":"status-publish","4":"has-post-thumbnail","6":"product_cat-fragrance-oils-sets","7":"product_cat-bundles-candle-making-supplies","8":"product_cat-bundles-fragrance-oil-sets","9":"product_cat-fragrance-oil-sets-candle-making","10":"product_cat-fragrance-oils-all-fragrances","11":"product_cat-body-care-fragrance-oils","12":"product_cat-hair-care-fragrance-oils","13":"product_cat-soap-making-supplies-fragrances","14":"product_cat-wax-melts-fragrances","15":"product_cat-beard-oil-fragrances","16":"product_cat-fragrances-for-reed-diffusers","17":"product_cat-new","18":"product_cat-fragrance-oils-new","19":"product_cat-fragrance-oils-premium-fragrances","20":"product_tag-fragrance-oil","21":"product_shipping_class-royal_mail","23":"first","24":"instock","25":"taxable","26":"shipping-taxable","27":"purchasable","28":"product-type-simple"},"acf":[],"_links":{"self":[{"href":"https:\/\/cosyowl.com\/es\/wp-json\/wp\/v2\/product\/42132","targetHints":{"allow":["GET"]}}],"collection":[{"href":"https:\/\/cosyowl.com\/es\/wp-json\/wp\/v2\/product"}],"about":[{"href":"https:\/\/cosyowl.com\/es\/wp-json\/wp\/v2\/types\/product"}],"replies":[{"embeddable":true,"href":"https:\/\/cosyowl.com\/es\/wp-json\/wp\/v2\/comments?post=42132"}],"wp:featuredmedia":[{"embeddable":true,"href":"https:\/\/cosyowl.com\/es\/wp-json\/wp\/v2\/media\/86735"}],"wp:attachment":[{"href":"https:\/\/cosyowl.com\/es\/wp-json\/wp\/v2\/media?parent=42132"}],"wp:term":[{"taxonomy":"product_brand","embeddable":true,"href":"https:\/\/cosyowl.com\/es\/wp-json\/wp\/v2\/product_brand?post=42132"},{"taxonomy":"product_cat","embeddable":true,"href":"https:\/\/cosyowl.com\/es\/wp-json\/wp\/v2\/product_cat?post=42132"},{"taxonomy":"product_tag","embeddable":true,"href":"https:\/\/cosyowl.com\/es\/wp-json\/wp\/v2\/product_tag?post=42132"}],"curies":[{"name":"wp","href":"https:\/\/api.w.org\/{rel}","templated":true}]}}