{"id":42125,"date":"2022-04-20T16:40:50","date_gmt":"2022-04-20T15:40:50","guid":{"rendered":"https:\/\/cosyowl.com\/?post_type=product&#038;p=42125"},"modified":"2026-03-24T16:27:33","modified_gmt":"2026-03-24T16:27:33","slug":"cosy-owl-fruity-fragrance-oil-collection-pack-de-5","status":"publish","type":"product","link":"https:\/\/cosyowl.com\/es\/candle-making-supplies\/fragrance-oils-for-candle-making\/fragrance-oil-sets\/cosy-owl-fruity-fragrance-oil-collection-pack-of-5","title":{"rendered":"Cosy Owl Colecci\u00f3n de Aceites con Fragancia Frutal - (Pack de 5)"},"content":{"rendered":"<p><strong>Afrutado <a href=\"https:\/\/cosyowl.com\/es\/candle-making-supplies\/fragrance-oils-for-candle-making\/premium-fragrance-oils\/cosy-owl-premium-1-million-type-fragrance-oil\">Aceite con fragancia<\/a> Colecci\u00f3n.<\/strong><\/p>\n<p>Nuestros sets de aceite con fragancia son la forma perfecta de probar nuestros superventas <a href=\"https:\/\/cosyowl.com\/es\/guides\/2023-spring-fragrance-oil-trends\">aceites arom\u00e1ticos<\/a>.<\/p>\n<p>Este set incluye 5 aceites de fragancia de 10 ml de nuestra colecci\u00f3n Fruity.<\/p>\n<ul>\n<li><strong><a href=\"https:\/\/cosyowl.com\/es\/aceites-aromaticos\/cereza-negra\/?wmc-currency=EUR\" target=\"_blank\" rel=\"noopener\">Cerezo negro<\/a> <\/strong>- Nuestro <a href=\"https:\/\/cosyowl.com\/es\/candle-making-supplies\/fragrance-oils-for-candle-making\/all-fragrances\/black-cherry-fragrance-oil\">Cerezo negro<\/a> El aceite con fragancia se ha formulado especialmente para evocar la familiar y querida <a href=\"https:\/\/cosyowl.com\/es\/candle-making-supplies\/fragrance-oils-for-candle-making\/all-fragrances\/opium-fragrance-oil\">aroma intenso<\/a> asociado a esta rica fruta con cuerpo. La fragancia desprende inicialmente un olor fuerte y prominente asociado tanto a la cereza como a la granada. Este aroma es m\u00e1s pronunciado a medida que <a href=\"https:\/\/cosyowl.com\/es\/guides\/a-summers-beach-gel-votive-candle\">vela<\/a> comienza a arder, llenando la habitaci\u00f3n con un aroma que se realza con ligeros matices de ciruela azucarada, <a href=\"https:\/\/cosyowl.com\/es\/fragrance-oils\/raspberry\">frambuesa<\/a>, y cereza negra. Incorporado en la formulaci\u00f3n de esta fragancia distintiva es un regusto delicioso rastro de t\u00e9 negro, notas met\u00e1licas, y almizcle de cachemira.<\/li>\n<li><strong><a href=\"https:\/\/cosyowl.com\/es\/aceites-aromaticos\/pera-francesa\/?wmc-currency=EUR\" target=\"_blank\" rel=\"noopener\">Pera francesa<\/a> <\/strong>- Nuestro <a href=\"https:\/\/cosyowl.com\/es\/fragrance-oils\/french-pear\">Pera francesa<\/a> El aceite con fragancia se ha formulado especialmente para evocar el familiar y apreciado aroma afrutado asociado a la pera com\u00fan y desprende inicialmente un fuerte y prominente olor asociado a la <a href=\"https:\/\/cosyowl.com\/es\/fragrance-oils\/fresh-cut-grass\">verde<\/a> manzana, lirio blanco y osmanthus. Este aroma es el m\u00e1s pronunciado a medida que la vela comienza a arder, llenando la habitaci\u00f3n con una fragancia que se realza con ligeros matices de medianoche. <a href=\"https:\/\/cosyowl.com\/es\/candle-making-supplies\/fragrance-oils-for-candle-making\/all-fragrances\/jasmine-fragrance-oil\">jazm\u00edn<\/a> y pera nashi. Incorporado a la formulaci\u00f3n de esta fragancia distintiva hay un delicioso rastro de haba tonka, aceite de davana, canela, nata montada, vainilla y miel de cardo.<\/li>\n<li><strong><a href=\"https:\/\/cosyowl.com\/es\/aceites-aromaticos\/higo-dulce\/?wmc-currency=EUR\" target=\"_blank\" rel=\"noopener\">Higo dulce<\/a> - <\/strong>Nuestro dulce <a href=\"https:\/\/cosyowl.com\/es\/candle-making-supplies\/fragrance-oils-for-candle-making\/all-fragrances\/fig-fragrance-oil\">Figura<\/a> El Aceite con Fragancia Tipo ha sido especialmente formulado para liberar un fuerte olor asociado a este fruto del \u00e1rbol Ficus, perteneciente a la familia de las mor\u00e1ceas. Los higos tienen este sabor \u00fanico y dulce, texturas suaves y masticables y esta fragancia proporciona un olor fuerte y prominente asociado con la uva blanca y el dulce higo negro y la bergamota. Este aroma inicial es el m\u00e1s pronunciado a medida que la vela empieza a arder, llenando la habitaci\u00f3n con un aroma que luego se realza con ligeros matices de brote de clavo, mora y flor blanca. Incorporado a la f\u00f3rmula de esta fragancia distintiva hay un maravilloso regusto a vetiver, canela, vainilla, ajenjo y cedro.<\/li>\n<li><strong>\u00a0<a href=\"https:\/\/cosyowl.com\/es\/aceites-aromaticos\/lima-albahaca-y-mandarina\/?wmc-currency=EUR\" target=\"_blank\" rel=\"noopener\">Lima, albahaca y mandarina<\/a> - <\/strong>Nuestro Aceite con Fragancia Tipo Lima, Albahaca y Mandarina ha sido especialmente formulado para liberar una maravillosa combinaci\u00f3n de sabores de estas esencias terrosas \u00fanicas y proporciona un olor fuerte y prominente asociado con la lima, la albahaca, la mandarina y la ralladura de naranja. Este aroma inicial es el m\u00e1s pronunciado a medida que la vela comienza a arder, llenando la habitaci\u00f3n con un aroma que luego se realza con ligeros matices de pimienta negra y geranio, <a href=\"https:\/\/cosyowl.com\/es\/fragrance-oils\/lilac\">lila<\/a>y tomillo. Incorporado en la formulaci\u00f3n de esta fragancia distintiva es un maravilloso rastro regusto de musgo, pachul\u00ed, almizcle y cedro blanco.<\/li>\n<li><strong><a href=\"https:\/\/cosyowl.com\/es\/aceites-aromaticos\/plum-amp-mulberry\/?wmc-currency=EUR\" target=\"_blank\" rel=\"noopener\">Ciruela y morera<\/a> - <\/strong>Nuestro Aceite con Fragancia Ciruela y Mora ha sido especialmente formulado para liberar el aroma \u00fanico de esta maravillosa combinaci\u00f3n de fruta y baya, con notas de salida de bayas rojas, manzana y pera, notas medias de lichi, ciruela, mora, cassis, jazm\u00edn y rosa, y una nota de fondo de melocot\u00f3n.<\/li>\n<\/ul>","protected":false},"excerpt":{"rendered":"<p>Fruity Fragrance Oil Collection. Our Fragrance oil sets are the perfect way to test out our best-selling fragrance oils. This Set Includes 5x 10ml Fragrance Oils from our Fruity Collection. Black Cherry &#8211; Our Black Cherry Fragrance Oil has been specially formulated to evoke the familiar and well-loved intense scent associated with this rich full-bodied [&hellip;]<\/p>\n","protected":false},"featured_media":86732,"comment_status":"open","ping_status":"closed","template":"","meta":{"_acf_changed":false},"product_brand":[],"product_cat":[669,719,711,723,504,636,586,509,512,511,730,800,531],"product_tag":[908],"class_list":{"0":"post-42125","1":"product","2":"type-product","3":"status-publish","4":"has-post-thumbnail","6":"product_cat-fragrance-oils-sets","7":"product_cat-bundles-candle-making-supplies","8":"product_cat-bundles-fragrance-oil-sets","9":"product_cat-fragrance-oil-sets-candle-making","10":"product_cat-fragrance-oils-all-fragrances","11":"product_cat-body-care-fragrance-oils","12":"product_cat-hair-care-fragrance-oils","13":"product_cat-soap-making-supplies-fragrances","14":"product_cat-wax-melts-fragrances","15":"product_cat-beard-oil-fragrances","16":"product_cat-fragrances-for-reed-diffusers","17":"product_cat-new","18":"product_cat-fragrance-oils-new","19":"product_tag-fragrance-oil","20":"product_shipping_class-royal_mail","22":"first","23":"instock","24":"taxable","25":"shipping-taxable","26":"purchasable","27":"product-type-simple"},"acf":[],"_links":{"self":[{"href":"https:\/\/cosyowl.com\/es\/wp-json\/wp\/v2\/product\/42125","targetHints":{"allow":["GET"]}}],"collection":[{"href":"https:\/\/cosyowl.com\/es\/wp-json\/wp\/v2\/product"}],"about":[{"href":"https:\/\/cosyowl.com\/es\/wp-json\/wp\/v2\/types\/product"}],"replies":[{"embeddable":true,"href":"https:\/\/cosyowl.com\/es\/wp-json\/wp\/v2\/comments?post=42125"}],"wp:featuredmedia":[{"embeddable":true,"href":"https:\/\/cosyowl.com\/es\/wp-json\/wp\/v2\/media\/86732"}],"wp:attachment":[{"href":"https:\/\/cosyowl.com\/es\/wp-json\/wp\/v2\/media?parent=42125"}],"wp:term":[{"taxonomy":"product_brand","embeddable":true,"href":"https:\/\/cosyowl.com\/es\/wp-json\/wp\/v2\/product_brand?post=42125"},{"taxonomy":"product_cat","embeddable":true,"href":"https:\/\/cosyowl.com\/es\/wp-json\/wp\/v2\/product_cat?post=42125"},{"taxonomy":"product_tag","embeddable":true,"href":"https:\/\/cosyowl.com\/es\/wp-json\/wp\/v2\/product_tag?post=42125"}],"curies":[{"name":"wp","href":"https:\/\/api.w.org\/{rel}","templated":true}]}}