{"id":40008,"date":"2022-03-24T08:29:20","date_gmt":"2022-03-24T08:29:20","guid":{"rendered":"https:\/\/cosyowl.com\/product\/uncategorized\/perfume-inspired-collection"},"modified":"2026-03-24T16:27:43","modified_gmt":"2026-03-24T16:27:43","slug":"coleccion-inspirada-en-perfumes","status":"publish","type":"product","link":"https:\/\/cosyowl.com\/es\/candle-making-supplies\/bundles\/fragrance-oil-sets\/cosy-owl-perfume-inspired-collection-pack-of-5","title":{"rendered":"Colecci\u00f3n inspirada en el perfume Cosy Owl - (Pack de 5)"},"content":{"rendered":"<p><strong>Inspirado en el perfume <a href=\"https:\/\/cosyowl.com\/es\/candle-making-supplies\/fragrance-oils-for-candle-making\/premium-fragrance-oils\/cosy-owl-premium-1-million-type-fragrance-oil\">Aceite con fragancia<\/a> Colecci\u00f3n.<\/strong><\/p>\n<p>Nuestros sets de aceite con fragancia son la forma perfecta de probar nuestros superventas <a href=\"https:\/\/cosyowl.com\/es\/guides\/2023-spring-fragrance-oil-trends\">aceites arom\u00e1ticos<\/a>.<\/p>\n<p>Este set incluye 5 aceites de fragancia de 10 ml de nuestra colecci\u00f3n inspirada en perfumes<\/p>\n<ul>\n<li><strong><a href=\"https:\/\/cosyowl.com\/es\/suministros-para-la-fabricacion-de-velas\/aceites-aromaticos-para-la-fabricacion-de-velas\/aceites-aromaticos-premium\/aceite-con-fragancia-cosy-owl-premium-baies\/?wmc-currency=EUR\">Baies<\/a> -\u00a0<\/strong>Una de las fragancias m\u00e1s vendidas de uno de los principales <a href=\"https:\/\/cosyowl.com\/es\/guides\/a-summers-beach-gel-votive-candle\">vela<\/a> marcas en el mundo, esta fragancia le transportar\u00e1 a Francia con todo el romanticismo y la sofisticaci\u00f3n de la cultura. Con notas de bayas de verano, rosas, fresia y hojas de grosella negra. Con esta <a href=\"https:\/\/cosyowl.com\/es\/guides\/new-cosy-owl-premium-candle-fragrances\">B\u00faho Premium<\/a> ahora puede obtener este aroma fielmente recreado para sus productos y a\u00f1adir un verdadero toque de clase.<\/li>\n<\/ul>\n<ul>\n<li><strong><a href=\"https:\/\/cosyowl.com\/es\/aceites-aromaticos\/todas-las-fragancias\/lost-cherry-type-fragrance-oil\/?wmc-currency=EUR\" target=\"_blank\" rel=\"noopener\">Tipo Cereza Perdida<\/a> -<\/strong> Esta es una fragancia bellamente elaborada que se inspira en la fragancia Tom Ford Lost Cherry. Tan redonda y dulce con notas sutiles y fondos delicados que hacen que este aroma sea una garant\u00eda para deleitar tanto a los fans de la fragancia original como a los reci\u00e9n llegados. Con notas de salida de tomillo blanco, bergamota y pimienta rosa y un centro fragante de hoja de violeta, neroli y \u00e1mbar blanco, todo ello asentado bellamente sobre una base equilibrada de <a href=\"https:\/\/cosyowl.com\/es\/candle-making-supplies\/fragrance-oils-for-candle-making\/all-fragrances\/french-vanilla-fragrance-oil\">Vainilla francesa<\/a>S\u00e1ndalo, vetiver, pachul\u00ed y salvia. Se trata de una fragancia profunda y rica con un nuevo atractivo a lo largo de todo el recorrido olfativo.<\/li>\n<\/ul>\n<ul>\n<li><strong><a href=\"https:\/\/cosyowl.com\/es\/aceites-aromaticos\/lady-million-type\/?wmc-currency=EUR\" target=\"_blank\" rel=\"noopener\">Tipo Lady Million<\/a> - <\/strong>Nuestra <a href=\"https:\/\/cosyowl.com\/es\/candle-making-supplies\/fragrance-oils-for-candle-making\/all-fragrances\/lady-million-type-fragrance-oil\">Tipo Lady Million<\/a> El aceite con fragancia se ha formulado especialmente para evocar esta delicada y <a href=\"https:\/\/cosyowl.com\/es\/candle-making-supplies\/glitters\/pure-white-biodegradable\">elegante<\/a> Perfume de se\u00f1ora y desprende un fuerte y prominente olor asociado a la naranja, el neroli y la manzana. Este aroma inicial es el m\u00e1s pronunciado a medida que la vela comienza a arder, llenando la habitaci\u00f3n con un aroma que se realza con ligeros matices de jazm\u00edn, violeta y peon\u00eda. En la f\u00f3rmula de esta fragancia distintiva se ha incorporado un <a href=\"https:\/\/cosyowl.com\/es\/fragrance-oils\/strawberry-bon-bon\">delicioso<\/a> rastro de \u00e1mbar, pachul\u00ed, s\u00e1ndalo, vainilla y almizcle.<\/li>\n<\/ul>\n<ul>\n<li><strong><a href=\"https:\/\/cosyowl.com\/es\/suministros-para-la-fabricacion-de-velas\/aceites-aromaticos-para-la-fabricacion-de-velas\/todas-las-fragancias\/aceite-con-fragancia-de-opio\/?wmc-currency=EUR\">Opio<\/a> -\u00a0<\/strong>Envu\u00e9lvete en una cautivadora mezcla de \u00e1mbar, dulzura gourmand, almizcle, flor de azahar, membrillo, s\u00e1ndalo y vainilla. Este <a href=\"https:\/\/cosyowl.com\/es\/fragrance-oils\/all-fragrances\/bibliotheque-fragrance-oil\">aroma sofisticado<\/a> ofrece un viaje sensual a trav\u00e9s de capas de opulencia y encanto, perfecto para quienes buscan un toque de misterio e indulgencia.<\/li>\n<\/ul>\n<ul>\n<li><strong><a href=\"https:\/\/cosyowl.com\/es\/aceites-aromaticos\/v-r-tipo-flowerbomb\/?wmc-currency=EUR\" target=\"_blank\" rel=\"noopener\">V&amp;R Flowerbomb Tipo<\/a> - <\/strong>Nuestro Aceite con Fragancia Inspirado en la Bomba Floral V&amp;R ha sido especialmente formulado para evocar este potente e intenso perfume femenino de Viktor &amp; Rolf y, exudando un fuerte y prominente olor asociado al b\u00e1lsamo de naranja y la bergamota. Este aroma inicial es el m\u00e1s pronunciado a medida que la vela comienza a arder, llenando la habitaci\u00f3n con un aroma que se realza con ligeros matices de lirio de los valles, <a href=\"https:\/\/cosyowl.com\/es\/candle-making-supplies\/fragrance-oils-for-candle-making\/all-fragrances\/jasmine-fragrance-oil\">jazm\u00edn<\/a> y lirio de los valles. Incorporada en la formulaci\u00f3n de esta fragancia distintiva hay una deliciosa traza final de s\u00e1ndalo, pachul\u00ed, almizcle y \u00e1mbar crujiente.<\/li>\n<\/ul>\n<p>Todas las fragancias incluidas en este set pueden adquirirse por separado.<\/p>","protected":false},"excerpt":{"rendered":"<p>Perfume Inspired Fragrance Oil Collection. Our Fragrance oil sets are the perfect way to test out our best-selling fragrance oils. This Set Includes 5x 10ml Fragrance Oils from our Perfume Inspired Collection Baies &#8211;\u00a0One of the top selling fragrances from one of the top candle brands in the world, this fragrance will transport you to [&hellip;]<\/p>\n","protected":false},"featured_media":86734,"comment_status":"open","ping_status":"closed","template":"","meta":{"_acf_changed":false},"product_brand":[],"product_cat":[719,505,723,669,711,504,636,586,509,512,511,730,800,531],"product_tag":[908],"class_list":{"0":"post-40008","1":"product","2":"type-product","3":"status-publish","4":"has-post-thumbnail","6":"product_cat-bundles-candle-making-supplies","7":"product_cat-fragrance-oils-designer","8":"product_cat-fragrance-oil-sets-candle-making","9":"product_cat-fragrance-oils-sets","10":"product_cat-bundles-fragrance-oil-sets","11":"product_cat-fragrance-oils-all-fragrances","12":"product_cat-body-care-fragrance-oils","13":"product_cat-hair-care-fragrance-oils","14":"product_cat-soap-making-supplies-fragrances","15":"product_cat-wax-melts-fragrances","16":"product_cat-beard-oil-fragrances","17":"product_cat-fragrances-for-reed-diffusers","18":"product_cat-new","19":"product_cat-fragrance-oils-new","20":"product_tag-fragrance-oil","21":"product_shipping_class-royal_mail","23":"first","24":"outofstock","25":"taxable","26":"shipping-taxable","27":"purchasable","28":"product-type-simple"},"acf":[],"_links":{"self":[{"href":"https:\/\/cosyowl.com\/es\/wp-json\/wp\/v2\/product\/40008","targetHints":{"allow":["GET"]}}],"collection":[{"href":"https:\/\/cosyowl.com\/es\/wp-json\/wp\/v2\/product"}],"about":[{"href":"https:\/\/cosyowl.com\/es\/wp-json\/wp\/v2\/types\/product"}],"replies":[{"embeddable":true,"href":"https:\/\/cosyowl.com\/es\/wp-json\/wp\/v2\/comments?post=40008"}],"wp:featuredmedia":[{"embeddable":true,"href":"https:\/\/cosyowl.com\/es\/wp-json\/wp\/v2\/media\/86734"}],"wp:attachment":[{"href":"https:\/\/cosyowl.com\/es\/wp-json\/wp\/v2\/media?parent=40008"}],"wp:term":[{"taxonomy":"product_brand","embeddable":true,"href":"https:\/\/cosyowl.com\/es\/wp-json\/wp\/v2\/product_brand?post=40008"},{"taxonomy":"product_cat","embeddable":true,"href":"https:\/\/cosyowl.com\/es\/wp-json\/wp\/v2\/product_cat?post=40008"},{"taxonomy":"product_tag","embeddable":true,"href":"https:\/\/cosyowl.com\/es\/wp-json\/wp\/v2\/product_tag?post=40008"}],"curies":[{"name":"wp","href":"https:\/\/api.w.org\/{rel}","templated":true}]}}