{"id":39971,"date":"2022-03-24T08:29:03","date_gmt":"2022-03-24T08:29:03","guid":{"rendered":"https:\/\/cosyowl.com\/product\/uncategorized\/rectangle-silicone-mould-4"},"modified":"2026-03-03T13:45:32","modified_gmt":"2026-03-03T13:45:32","slug":"molde-silicona-rectangulo-4","status":"publish","type":"product","link":"https:\/\/cosyowl.com\/es\/craft-supplies\/soap-making-supplies\/soap-moulds\/rectangle-silicone-mould","title":{"rendered":"Set de 6 moldes rectangulares de silicona para jab\u00f3n"},"content":{"rendered":"<p>Este <a href=\"https:\/\/cosyowl.com\/es\/candle-making-extras\/50mm-candle-safety-label-white-black-text\">borrar<\/a> molde de jab\u00f3n es una de las formas m\u00e1s cl\u00e1sicas de <a href=\"https:\/\/cosyowl.com\/es\/guides\/a-beginners-guide-to-soap-making\">fabricaci\u00f3n de jab\u00f3n<\/a>. Este jab\u00f3n es ideal para aquellos que buscan a\u00f1adir un cl\u00e1sico casero a sus suministros para hacer jab\u00f3n.<\/p>\n<p>Le ofrecemos este molde en silicona semiflexible, que adem\u00e1s es reutilizable, \u00a1para que pueda estar haciendo regularmente sus jabones favoritos!<\/p>\n<p>Medici\u00f3n del molde*:<\/p>\n<p>Molde completo (largo x ancho) 207 mm x 205 mm<\/p>\n<p>Tama\u00f1o del jab\u00f3n: (largo x ancho x profundidad): 82mm x 48mm x 27mm<\/p>\n<p>*Tenga en cuenta que todas las medidas son aproximadas y que el color del producto est\u00e1 sujeto a cambios.<\/p>","protected":false},"excerpt":{"rendered":"<p>This clear soap mould is one of the most classic shapes in soap making. This soap is ideal for those looking to add a classic homemade addition to your soap making supplies. We offer this mould in a semi-flexible silicone, it is also re-usable, so you can regularly be making your favourite soaps! Measurement of [&hellip;]<\/p>\n","protected":false},"featured_media":4548,"comment_status":"open","ping_status":"closed","template":"","meta":{"_acf_changed":false},"product_brand":[],"product_cat":[752,717,546],"product_tag":[926],"class_list":{"0":"post-39971","1":"product","2":"type-product","3":"status-publish","4":"has-post-thumbnail","6":"product_cat-sale-containers","7":"product_cat-sale","8":"product_cat-soap-making-supplies-soap-moulds","9":"product_tag-mould","10":"product_shipping_class-royal_mail","12":"first","13":"instock","14":"sale","15":"taxable","16":"shipping-taxable","17":"purchasable","18":"product-type-simple"},"acf":[],"_links":{"self":[{"href":"https:\/\/cosyowl.com\/es\/wp-json\/wp\/v2\/product\/39971","targetHints":{"allow":["GET"]}}],"collection":[{"href":"https:\/\/cosyowl.com\/es\/wp-json\/wp\/v2\/product"}],"about":[{"href":"https:\/\/cosyowl.com\/es\/wp-json\/wp\/v2\/types\/product"}],"replies":[{"embeddable":true,"href":"https:\/\/cosyowl.com\/es\/wp-json\/wp\/v2\/comments?post=39971"}],"wp:featuredmedia":[{"embeddable":true,"href":"https:\/\/cosyowl.com\/es\/wp-json\/wp\/v2\/media\/4548"}],"wp:attachment":[{"href":"https:\/\/cosyowl.com\/es\/wp-json\/wp\/v2\/media?parent=39971"}],"wp:term":[{"taxonomy":"product_brand","embeddable":true,"href":"https:\/\/cosyowl.com\/es\/wp-json\/wp\/v2\/product_brand?post=39971"},{"taxonomy":"product_cat","embeddable":true,"href":"https:\/\/cosyowl.com\/es\/wp-json\/wp\/v2\/product_cat?post=39971"},{"taxonomy":"product_tag","embeddable":true,"href":"https:\/\/cosyowl.com\/es\/wp-json\/wp\/v2\/product_tag?post=39971"}],"curies":[{"name":"wp","href":"https:\/\/api.w.org\/{rel}","templated":true}]}}