{"id":39970,"date":"2022-03-24T08:29:03","date_gmt":"2022-03-24T08:29:03","guid":{"rendered":"https:\/\/cosyowl.com\/product\/uncategorized\/oval-ellipse-silicone-mould"},"modified":"2026-04-30T16:22:54","modified_gmt":"2026-04-30T15:22:54","slug":"molde-de-silicona-elipse-oval","status":"publish","type":"product","link":"https:\/\/cosyowl.com\/es\/craft-supplies\/soap-making-supplies\/soap-moulds\/oval-ellipse-silicone-mould","title":{"rendered":"Molde de jab\u00f3n de silicona oval elipse - Juego de 6"},"content":{"rendered":"<p>Este <a href=\"https:\/\/cosyowl.com\/es\/candle-making-supplies\/fragrance-oils-for-candle-making\/all-fragrances\/alien-type-fragrance-oil\">\u00fanico<\/a> El molde para jab\u00f3n con forma de elipse ovalada es una de las formas m\u00e1s extravagantes del mercado. <a href=\"https:\/\/cosyowl.com\/es\/guides\/a-beginners-guide-to-soap-making\">fabricaci\u00f3n de jab\u00f3n<\/a>. Este jab\u00f3n es ideal para quienes desean a\u00f1adir un toque casero y original a sus art\u00edculos de jaboner\u00eda.<\/p>\n<p>Le ofrecemos este molde en un juego de 6 en silicona flexible, que adem\u00e1s es reutilizable, \u00a1para que pueda estar produciendo regularmente sus jabones locos!<\/p>\n<p>Medici\u00f3n del molde*:<\/p>\n<p>Molde completo (largo x ancho): 187 mm x 211 mm<\/p>\n<p>Tama\u00f1o del jab\u00f3n: (largo x ancho x profundidad): 94mm x 56mm x 33mm<\/p>\n<p>*Tenga en cuenta que <a href=\"https:\/\/cosyowl.com\/es\/guides\/weighing-fragrance\">medidas<\/a> son aproximados y el color del producto est\u00e1 sujeto a cambios y se basan en los puntos m\u00e1s anchos de los jabones.<\/p>\n<p><strong> Tenga en cuenta que este producto es rojo, no rosa.<\/strong><\/p>","protected":false},"excerpt":{"rendered":"<p>This unique oval ellipse soap mould is one of the quirkiest shapes in soap making. This soap is ideal for those looking to add a funky homemade addition to your soap making supplies. We offer this mould as a set of 6 in a flexible silicone, it is also re-usable, so you can regularly be [&hellip;]<\/p>\n","protected":false},"featured_media":4546,"comment_status":"open","ping_status":"closed","template":"","meta":{"_acf_changed":false},"product_brand":[],"product_cat":[752,717,546],"product_tag":[926],"class_list":{"0":"post-39970","1":"product","2":"type-product","3":"status-publish","4":"has-post-thumbnail","6":"product_cat-sale-containers","7":"product_cat-sale","8":"product_cat-soap-making-supplies-soap-moulds","9":"product_tag-mould","10":"product_shipping_class-royal_mail","12":"first","13":"instock","14":"sale","15":"taxable","16":"shipping-taxable","17":"purchasable","18":"product-type-simple"},"acf":[],"_links":{"self":[{"href":"https:\/\/cosyowl.com\/es\/wp-json\/wp\/v2\/product\/39970","targetHints":{"allow":["GET"]}}],"collection":[{"href":"https:\/\/cosyowl.com\/es\/wp-json\/wp\/v2\/product"}],"about":[{"href":"https:\/\/cosyowl.com\/es\/wp-json\/wp\/v2\/types\/product"}],"replies":[{"embeddable":true,"href":"https:\/\/cosyowl.com\/es\/wp-json\/wp\/v2\/comments?post=39970"}],"wp:featuredmedia":[{"embeddable":true,"href":"https:\/\/cosyowl.com\/es\/wp-json\/wp\/v2\/media\/4546"}],"wp:attachment":[{"href":"https:\/\/cosyowl.com\/es\/wp-json\/wp\/v2\/media?parent=39970"}],"wp:term":[{"taxonomy":"product_brand","embeddable":true,"href":"https:\/\/cosyowl.com\/es\/wp-json\/wp\/v2\/product_brand?post=39970"},{"taxonomy":"product_cat","embeddable":true,"href":"https:\/\/cosyowl.com\/es\/wp-json\/wp\/v2\/product_cat?post=39970"},{"taxonomy":"product_tag","embeddable":true,"href":"https:\/\/cosyowl.com\/es\/wp-json\/wp\/v2\/product_tag?post=39970"}],"curies":[{"name":"wp","href":"https:\/\/api.w.org\/{rel}","templated":true}]}}