{"id":34356,"date":"2022-01-13T12:25:32","date_gmt":"2022-01-13T12:25:32","guid":{"rendered":"http:\/\/cosyowl.com\/?post_type=product&#038;p=34356"},"modified":"2026-03-03T13:45:31","modified_gmt":"2026-03-03T13:45:31","slug":"wax-melt-molde-arbol-de-navidad-3","status":"publish","type":"product","link":"https:\/\/cosyowl.com\/es\/candle-making-supplies\/candle-containers\/other-containers\/wax-melt-christmas-tree-mould-3","title":{"rendered":"Molde de cera para \u00e1rbol de Navidad - 3"},"content":{"rendered":"<p>Este molde es ideal para hacer 3 bonitos \u00e1rboles de Navidad. Tenga en cuenta que el molde no viene con cera.<\/p>\n<p>Sugerencias para que tus \u00e1rboles de Navidad se derritan<\/p>\n<ul>\n<li>Derrita la cera y d\u00e9jela <a href=\"https:\/\/cosyowl.com\/es\/candle-making-supplies\/glitters\/lake-blue-biodegradable\">genial<\/a> a 55\u00b0C antes de verterlo con cuidado en el molde (si se vierte en los moldes a una temperatura superior, los fundidos podr\u00edan da\u00f1arse y gotear) - utilice siempre una superficie plana resistente al calor (la mayor\u00eda de las superficies de las encimeras de las cocinas lo son)<\/li>\n<li>Para \u00e1rboles de un solo color, basta con verter la cera en el molde hasta el nivel m\u00e1ximo<\/li>\n<li>Si desea combinar colores (verdes diferentes, por ejemplo), vierta primero en la cavidad una peque\u00f1a cantidad de la cera que desea que aparezca en la superficie superior del \u00e1rbol y deje que se endurezca un poco; a continuaci\u00f3n, a\u00f1ada los colores que desee (sugerimos que no haya m\u00e1s de tres colores por \u00e1rbol).<\/li>\n<li>La cera de pilares es la preferida por la mayor\u00eda de nuestros clientes, ya que este tipo de cera es m\u00e1s dura y permite desmoldar f\u00e1cilmente los \u00e1rboles solidificados.<\/li>\n<\/ul>\n<p>Recuerde incluir un <a href=\"https:\/\/cosyowl.com\/es\/candle-making-supplies\/fragrance-oils-for-candle-making\/all-fragrances\/honey-fragrance-oil\">natural<\/a> para crear el importante aroma deseado. Encontrar\u00e1 una selecci\u00f3n de las fragancias m\u00e1s adecuadas en nuestro\u00a0<strong>Navidad <a href=\"https:\/\/cosyowl.com\/es\/guides\/2023-spring-fragrance-oil-trends\">Aceites arom\u00e1ticos<\/a><\/strong>\u00a0o\u00a0<strong>Aceites con fragancia de madera<\/strong>\u00a0listados.<\/p>\n<p>Este molde es totalmente reciclable.<\/p>","protected":false},"excerpt":{"rendered":"<p>This mould is ideal for making a 3 beautiful Christmas trees. Please note, the mould does not come with wax. Suggestions for making your Christmas trees melts Melt the wax and allow it to cool to 55\u00b0C before pouring it carefully into the mould (pouring it into the moulds at a higher temperature, could cause [&hellip;]<\/p>\n","protected":false},"featured_media":65168,"comment_status":"open","ping_status":"closed","template":"","meta":{"_acf_changed":false},"product_brand":[],"product_cat":[752,498,535,502,717],"product_tag":[1594,926],"class_list":{"0":"post-34356","1":"product","2":"type-product","3":"status-publish","4":"has-post-thumbnail","6":"product_cat-sale-containers","7":"product_cat-christmas","8":"product_cat-wax-melts-moulds","9":"product_cat-candle-containers-other-containers","10":"product_cat-sale","11":"product_tag-christmas","12":"product_tag-mould","13":"pa_pack-size-571","14":"pa_pack-size-575","15":"pa_pack-size-570","17":"first","18":"instock","19":"taxable","20":"shipping-taxable","21":"purchasable","22":"product-type-variable"},"acf":[],"_links":{"self":[{"href":"https:\/\/cosyowl.com\/es\/wp-json\/wp\/v2\/product\/34356","targetHints":{"allow":["GET"]}}],"collection":[{"href":"https:\/\/cosyowl.com\/es\/wp-json\/wp\/v2\/product"}],"about":[{"href":"https:\/\/cosyowl.com\/es\/wp-json\/wp\/v2\/types\/product"}],"replies":[{"embeddable":true,"href":"https:\/\/cosyowl.com\/es\/wp-json\/wp\/v2\/comments?post=34356"}],"wp:featuredmedia":[{"embeddable":true,"href":"https:\/\/cosyowl.com\/es\/wp-json\/wp\/v2\/media\/65168"}],"wp:attachment":[{"href":"https:\/\/cosyowl.com\/es\/wp-json\/wp\/v2\/media?parent=34356"}],"wp:term":[{"taxonomy":"product_brand","embeddable":true,"href":"https:\/\/cosyowl.com\/es\/wp-json\/wp\/v2\/product_brand?post=34356"},{"taxonomy":"product_cat","embeddable":true,"href":"https:\/\/cosyowl.com\/es\/wp-json\/wp\/v2\/product_cat?post=34356"},{"taxonomy":"product_tag","embeddable":true,"href":"https:\/\/cosyowl.com\/es\/wp-json\/wp\/v2\/product_tag?post=34356"}],"curies":[{"name":"wp","href":"https:\/\/api.w.org\/{rel}","templated":true}]}}