{"id":25964,"date":"2021-11-02T11:00:22","date_gmt":"2021-11-02T11:00:22","guid":{"rendered":"https:\/\/cosyowl.com\/?post_type=product&#038;p=25964"},"modified":"2026-03-03T13:45:31","modified_gmt":"2026-03-03T13:45:31","slug":"kit-para-derretir-cera-de-pomelo-salado","status":"publish","type":"product","link":"https:\/\/cosyowl.com\/es\/craft-kits\/wax-melt-making-kits\/salted-grapefruit-wax-melt-making-kit","title":{"rendered":"Kit para hacer cera fundida de pomelo salado"},"content":{"rendered":"<p data-start=\"238\" data-end=\"498\">A\u00f1ada una explosi\u00f3n de c\u00edtricos y creatividad a su d\u00eda con nuestro <strong data-start=\"296\" data-end=\"330\"><a href=\"https:\/\/cosyowl.com\/es\/fragrance-oils\/salted-grapefruit\">Pomelo salado<\/a> <a href=\"https:\/\/cosyowl.com\/es\/craft-kits\/wax-melt-making-kits\/lavender-wax-melt-making-kit\">Kit de fusi\u00f3n de cera<\/a><\/strong>. Tanto si est\u00e1s empezando como si ya te gustan las manualidades con cera, este kit tiene todo lo que necesitas para crear formas \u00fanicas, <a href=\"https:\/\/cosyowl.com\/es\/craft-supplies\/wax-melt-supplies\/mica-powder-glitter\/bright-peach-biodegradable-candle-glitter\">vibrante<\/a> <a href=\"https:\/\/cosyowl.com\/es\/guides\/sandalwood-vanilla-leaf-wax-melts-guide\">cera fundida<\/a> desde la comodidad del hogar.<\/p>\n<h3>Qu\u00e9 contiene su kit de fusi\u00f3n de cera:<\/h3>\n<ul>\n<li data-start=\"717\" data-end=\"812\"><span style=\"color: #050000\"><a style=\"color: #050000\" href=\"https:\/\/cosyowl.com\/es\/aceites-aromaticos\/pomelo-salado\/?wmc-currency=EUR\">50ml - <span style=\"color: #ff6600\"><strong data-start=\"717\" data-end=\"757\">Aceite con fragancia de pomelo salado<\/strong><\/span> - Un refrescante aroma c\u00edtrico con un toque crujiente y \u00e1cido<\/a><\/span><\/li>\n<li data-start=\"815\" data-end=\"896\"><span style=\"color: #050000\"><a style=\"color: #050000\" href=\"https:\/\/cosyowl.com\/es\/suministros-para-la-fabricacion-de-velas\/purpurina-en-polvo-de-mica\/azafran-mica-en-polvo\/?wmc-currency=EUR\">25g - <span style=\"color: #ff6600\"><strong data-start=\"815\" data-end=\"842\">Azafr\u00e1n en polvo<\/strong><\/span> - A\u00f1ade un lujoso brillo dorado a tus ceras fundidas<\/a><\/span><\/li>\n<li data-start=\"899\" data-end=\"986\"><span style=\"color: #050000\"><a style=\"color: #050000\" href=\"https:\/\/cosyowl.com\/es\/tintes-para-velas\/bekro-6099-25-tinte-naranja-para-velas\/?wmc-currency=EUR\">3g -<\/a> <span style=\"color: #ff6600\"><strong data-start=\"899\" data-end=\"922\">Tinte Naranja Bekro<\/strong><\/span> - Entrega un brillante, <a href=\"https:\/\/cosyowl.com\/es\/fragrance-oils\/juicy-orange\">naranja jugosa<\/a> color para un acabado vibrante<\/span><\/li>\n<li data-start=\"883\" data-end=\"942\"><span style=\"color: #050000\"><a style=\"color: #050000\" href=\"https:\/\/cosyowl.com\/es\/materiales-de-artesania\/materiales-para-fundir-cera\/cera-para-fundir\/ceras-naturales-cera-meltpillar-soyaluna\/?wmc-currency=EUR\">350g - <span style=\"color: #ff6600\"><strong data-start=\"883\" data-end=\"902\">Cera de pilares<\/strong><\/span> - Cera de primera calidad perfecta para moldes<\/a><\/span><\/li>\n<li data-start=\"945\" data-end=\"1023\"><span style=\"color: #050000\"><a style=\"color: #050000\" href=\"https:\/\/cosyowl.com\/es\/cera-fundida\/moldes\/?wmc-currency=EUR\">4<span style=\"color: #ff6600\"><strong> Moldes<\/strong> <\/span>- 1x Almeja, 1x Almeja Coraz\u00f3n, 1x Almeja Estrella, 1x Olla Deli<\/a><\/span><\/li>\n<li data-start=\"1026\" data-end=\"1112\"><span style=\"color: #050000\"><a style=\"color: #050000\" href=\"https:\/\/cosyowl.com\/es\/guias\/guia-para-principiantes\/?wmc-currency=EUR\"><strong data-start=\"1026\" data-end=\"1060\"><span style=\"color: #ff6600\">Gu\u00eda de instrucciones paso a paso<\/span><\/strong> - Instrucciones f\u00e1ciles de seguir para crear sus fundidos<\/a><\/span><\/li>\n<\/ul>\n<p>Nuestra <span style=\"color: #050000\"><a style=\"color: #050000\" href=\"https:\/\/cosyowl.com\/es\/aceites-aromaticos\/pomelo-salado\/?wmc-currency=EUR\"><span style=\"color: #ff6600\"><strong data-start=\"717\" data-end=\"757\">Aceite con fragancia de pomelo salado<\/strong><\/span><\/a><\/span>\u00a0ha sido especialmente formulado para evocar el familiar y apreciado aroma afrutado y picante asociado al pomelo com\u00fan y desprende inicialmente un fuerte y prominente olor asociado a<strong>\u00a0<a href=\"https:\/\/cosyowl.com\/es\/candle-making-supplies\/fragrance-oils-for-candle-making\/all-fragrances\/twc-seasalt-fragrance-oil\">sal marina<\/a>, pomelo rosa, jengibre rosa, manzana y <a href=\"https:\/\/cosyowl.com\/es\/candle-making-supplies\/fragrance-oils-for-candle-making\/all-fragrances\/lemon-lavender-fragrance-oil\">c\u00e1scara de lim\u00f3n<\/a><\/strong>. Este aroma es el m\u00e1s pronunciado a medida que su <a href=\"https:\/\/cosyowl.com\/es\/guides\/a-summers-beach-gel-votive-candle\">vela<\/a> comienza a arder, llenando la habitaci\u00f3n de un aroma que se intensifica con ligeros matices de<strong>\u00a0lirio de los valles, pimienta negra, geranio y salvia esclarea<\/strong>. En la formulaci\u00f3n de esta fragancia distintiva se ha incorporado un delicioso regusto a trazas de\u00a0<strong>\u00e1mbar, cedro y vaina de vainilla<\/strong>.<\/p>\n<p>Nos enorgullecemos de ofrecer <a href=\"https:\/\/cosyowl.com\/es\/candle-wicks\/wedo-lx-wick-raw\">calidad<\/a> ingredientes disponibles en el mercado para hacer los Wax Melts perfectos en casa. Nuestros kits son perfectos tanto para los que acaban de empezar como para los que ya dominan la t\u00e9cnica, as\u00ed que coge tu delantal y manos a la obra.<\/p>\n<p>&nbsp;<\/p>\n<h3 data-start=\"2493\" data-end=\"2542\">Recursos \u00fatiles para fabricar velas con \u00e9xito<\/h3>\n<ul>\n<li><strong><span style=\"color: #ff6600\"><a style=\"color: #ff6600\" href=\"https:\/\/cosyowl.com\/es\/guias\/guia-para-principiantes\/?wmc-currency=EUR\">Gu\u00eda para principiantes sobre la fabricaci\u00f3n de ceras fundidas<\/a><\/span><br \/>\n<\/strong><\/li>\n<li><span style=\"color: #ff6600\"><strong><a style=\"color: #ff6600\" href=\"https:\/\/cosyowl.com\/es\/guias\/guia-de-uso-de-la-cera-colorante-bekro\/?wmc-currency=EUR\">Gu\u00eda de uso de los tintes de cera Bekro<\/a><\/strong><\/span><\/li>\n<li><strong><span style=\"color: #ff6600\"><a style=\"color: #ff6600\" href=\"https:\/\/cosyowl.com\/es\/guias\/las-6-preguntas-mas-frecuentes-sobre-la-fabricacion-de-cera-fundida\/?wmc-currency=EUR\">Las 6 preguntas m\u00e1s frecuentes - Edici\u00f3n sobre la fabricaci\u00f3n de ceras fundidas<\/a><\/span><\/strong><\/li>\n<li><strong><span style=\"color: #ff6600\"><a style=\"color: #ff6600\" href=\"https:\/\/cosyowl.com\/es\/guias\/como-hacer-cera-fundida-en-casa\/?wmc-currency=EUR\">C\u00f3mo hacer cera fundida en casa<\/a><\/span><\/strong><\/li>\n<li><strong><span style=\"color: #ff6600\"><a style=\"color: #ff6600\" href=\"https:\/\/cosyowl.com\/es\/guias\/?wmc-currency=EUR\">Gu\u00edas y recetas<\/a><\/span><\/strong><\/li>\n<\/ul>","protected":false},"excerpt":{"rendered":"<p>Add a burst of citrus and creativity to your day with our Salted Grapefruit Wax Melt Kit. Whether you\u2019re just starting out or already love wax crafting, this kit has everything you need to create uniquely shaped, vibrant wax melts from the comfort of home. What\u2019s Inside Your Wax Melt Kit: 50ml &#8211; Salted Grapefruit [&hellip;]<\/p>\n","protected":false},"featured_media":53807,"comment_status":"open","ping_status":"closed","template":"","meta":{"_acf_changed":false},"product_brand":[],"product_cat":[655,727],"product_tag":[927],"class_list":{"0":"post-25964","1":"product","2":"type-product","3":"status-publish","4":"has-post-thumbnail","6":"product_cat-wax-melt-making-kits","7":"product_cat-wax-melt-making-kits-wax-melts","8":"product_tag-wax-melt-making-kit","9":"product_shipping_class-royal_mail_kits","11":"first","12":"instock","13":"taxable","14":"shipping-taxable","15":"purchasable","16":"product-type-simple"},"acf":[],"_links":{"self":[{"href":"https:\/\/cosyowl.com\/es\/wp-json\/wp\/v2\/product\/25964","targetHints":{"allow":["GET"]}}],"collection":[{"href":"https:\/\/cosyowl.com\/es\/wp-json\/wp\/v2\/product"}],"about":[{"href":"https:\/\/cosyowl.com\/es\/wp-json\/wp\/v2\/types\/product"}],"replies":[{"embeddable":true,"href":"https:\/\/cosyowl.com\/es\/wp-json\/wp\/v2\/comments?post=25964"}],"wp:featuredmedia":[{"embeddable":true,"href":"https:\/\/cosyowl.com\/es\/wp-json\/wp\/v2\/media\/53807"}],"wp:attachment":[{"href":"https:\/\/cosyowl.com\/es\/wp-json\/wp\/v2\/media?parent=25964"}],"wp:term":[{"taxonomy":"product_brand","embeddable":true,"href":"https:\/\/cosyowl.com\/es\/wp-json\/wp\/v2\/product_brand?post=25964"},{"taxonomy":"product_cat","embeddable":true,"href":"https:\/\/cosyowl.com\/es\/wp-json\/wp\/v2\/product_cat?post=25964"},{"taxonomy":"product_tag","embeddable":true,"href":"https:\/\/cosyowl.com\/es\/wp-json\/wp\/v2\/product_tag?post=25964"}],"curies":[{"name":"wp","href":"https:\/\/api.w.org\/{rel}","templated":true}]}}