{"id":25962,"date":"2021-11-02T10:55:52","date_gmt":"2021-11-02T10:55:52","guid":{"rendered":"https:\/\/cosyowl.com\/?post_type=product&#038;p=25962"},"modified":"2026-03-03T13:45:31","modified_gmt":"2026-03-03T13:45:31","slug":"kit-para-fundir-cera-de-oud","status":"publish","type":"product","link":"https:\/\/cosyowl.com\/es\/craft-kits\/wax-melt-making-kits\/oud-wax-melt-making-kit","title":{"rendered":"Kit para fundir cera de Oud"},"content":{"rendered":"<p data-start=\"197\" data-end=\"516\">Mejore su experiencia con la cera con nuestro <strong data-start=\"243\" data-end=\"263\">Oud <a href=\"https:\/\/cosyowl.com\/es\/craft-kits\/wax-melt-making-kits\/lavender-wax-melt-making-kit\">Kit de fusi\u00f3n de cera<\/a><\/strong>dise\u00f1ado para quienes aprecian <a href=\"https:\/\/cosyowl.com\/es\/fragrance-oils\/chocolate-orange\">rico<\/a>La creatividad, las fragancias opulentas y la autoexpresi\u00f3n creativa. Tanto si eres principiante como si tienes experiencia, este kit todo en uno te proporciona todo lo que necesitas para crear fragancias de gran belleza y <a href=\"https:\/\/cosyowl.com\/es\/guides\/sandalwood-vanilla-leaf-wax-melts-guide\">cera fundida<\/a> en casa.<\/p>\n<h3>Qu\u00e9 contiene su kit de fusi\u00f3n de cera:<\/h3>\n<ul>\n<li data-start=\"749\" data-end=\"852\"><a href=\"https:\/\/cosyowl.com\/es\/suministros-para-la-fabricacion-de-velas\/aceites-aromaticos-para-la-fabricacion-de-velas\/todas-las-fragancias\/aceite-con-fragancia-de-oud\/?wmc-currency=EUR\"><span style=\"color: #050000\">50 ml <span style=\"color: #ff6600\"><strong data-start=\"749\" data-end=\"775\">Aceite con fragancia de Oud<\/strong><\/span> - Una fragancia atrevida y resinosa con matices c\u00e1lidos y ahumados para un aroma lujoso<\/span><\/a><\/li>\n<li data-start=\"855\" data-end=\"938\"><span style=\"color: #050000\"><a style=\"color: #050000\" href=\"https:\/\/cosyowl.com\/es\/suministros-para-la-fabricacion-de-velas\/purpurina-en-polvo-de-mica\/azafran-mica-en-polvo\/?wmc-currency=EUR\">25g <span style=\"color: #ff6600\"><strong>Azafr\u00e1n<\/strong> <strong>Mica en polvo<\/strong><\/span> - A\u00f1ade un elegante brillo dorado a tus ceras fundidas<\/a><\/span><\/li>\n<li data-start=\"941\" data-end=\"1028\"><span style=\"color: #050000\"><a style=\"color: #050000\" href=\"https:\/\/cosyowl.com\/es\/tintes-para-velas\/bekro-227-crema-tinte-vela\/?wmc-currency=EUR\">3g <span style=\"color: #ff6600\"><strong data-start=\"941\" data-end=\"963\">Tinte en crema Bekro<\/strong><\/span> - Produce un tono suave y neutro que complementa el rico aroma<\/a><\/span><\/li>\n<li><span style=\"color: #050000\"><a style=\"color: #050000\" href=\"https:\/\/cosyowl.com\/es\/materiales-de-artesania\/materiales-para-fundir-cera\/cera-para-fundir\/ceras-naturales-cera-meltpillar-soyaluna\/?wmc-currency=EUR\">350g - <span style=\"color: #ff6600\"><strong data-start=\"883\" data-end=\"902\">Cera de pilares<\/strong><\/span> - Cera de primera calidad perfecta para moldes<\/a><\/span><\/li>\n<li><span style=\"color: #050000\"><a style=\"color: #050000\" href=\"https:\/\/cosyowl.com\/es\/cera-fundida\/moldes\/?wmc-currency=EUR\">4<span style=\"color: #ff6600\"><strong> Moldes<\/strong><\/span> - 1x Almeja, 1x Almeja Coraz\u00f3n, 1x Almeja Estrella, 1x Olla Deli<\/a><\/span><\/li>\n<li><span style=\"color: #050000\"><a style=\"color: #050000\" href=\"https:\/\/cosyowl.com\/es\/guias\/guia-para-principiantes\/?wmc-currency=EUR\"><strong data-start=\"1026\" data-end=\"1060\"><span style=\"color: #ff6600\">Gu\u00eda de instrucciones paso a paso<\/span><\/strong> - Instrucciones f\u00e1ciles de seguir para crear sus fundidos<\/a><\/span><\/li>\n<\/ul>\n<p>Nuestra <a href=\"https:\/\/cosyowl.com\/es\/suministros-para-la-fabricacion-de-velas\/aceites-aromaticos-para-la-fabricacion-de-velas\/todas-las-fragancias\/aceite-con-fragancia-de-oud\/?wmc-currency=EUR\"><span style=\"color: #050000\"><span style=\"color: #ff6600\"><strong data-start=\"749\" data-end=\"775\">Aceite con fragancia de Oud<\/strong><\/span> <\/span><\/a>\u00a0ha sido especialmente formulado para liberar un embriagador aroma almizclado normalmente derivado de la resina de madera del <a href=\"https:\/\/cosyowl.com\/es\/candle-making-supplies\/fragrance-oils-for-candle-making\/all-fragrances\/black-coconut-fragrance-oil\">tropical<\/a> \u00c1rbol de agar. Una de las fragancias m\u00e1s caras y codiciadas del mundo, utilizada en muchas ceremonias religiosas del sudeste asi\u00e1tico, Oriente Pr\u00f3ximo, China, Jap\u00f3n y la India. Esta intrigante fragancia se abre con\u00a0<strong><a href=\"https:\/\/cosyowl.com\/es\/candle-making-supplies\/fragrance-oils-for-candle-making\/all-fragrances\/pink-grapefruit-fragrance-oil\">c\u00edtricos<\/a>bayas de enebro, grosella negra, ciruela y cereza<\/strong>\u00a0con toques de <a href=\"https:\/\/cosyowl.com\/es\/candle-making-kits\/winter-pine-candle-making-kit\">pino<\/a> que conduce a un coraz\u00f3n de\u00a0<strong>rosa, <a href=\"https:\/\/cosyowl.com\/es\/candle-making-supplies\/fragrance-oils-for-candle-making\/all-fragrances\/jasmine-fragrance-oil\">jazm\u00edn<\/a> e ylang <\/strong>apoyado en c\u00e1lidas especias que descansan sobre una intensa base de preciosos<strong>\u00a0madera, oudh, pachul\u00ed, \u00e1mbar y almizcle.<\/strong><\/p>\n<p>Nos enorgullecemos de ofrecer <a href=\"https:\/\/cosyowl.com\/es\/candle-wicks\/wedo-lx-wick-raw\">calidad<\/a> ingredientes disponibles en el mercado para hacer los Wax Melts perfectos en casa. Nuestros kits son perfectos tanto para los que acaban de empezar como para los que ya dominan la t\u00e9cnica, as\u00ed que coge tu delantal y manos a la obra.<\/p>\n<p>&nbsp;<\/p>\n<h3 data-start=\"2493\" data-end=\"2542\">Recursos \u00fatiles para fabricar velas con \u00e9xito<\/h3>\n<ul>\n<li><strong><span style=\"color: #ff6600\"><a style=\"color: #ff6600\" href=\"https:\/\/cosyowl.com\/es\/guias\/guia-para-principiantes\/?wmc-currency=EUR\">Gu\u00eda para principiantes sobre la fabricaci\u00f3n de ceras fundidas<\/a><\/span><br \/>\n<\/strong><\/li>\n<li><span style=\"color: #ff6600\"><strong><a style=\"color: #ff6600\" href=\"https:\/\/cosyowl.com\/es\/guias\/guia-de-uso-de-la-cera-colorante-bekro\/?wmc-currency=EUR\">Gu\u00eda de uso de los tintes de cera Bekro<\/a><\/strong><\/span><\/li>\n<li><strong><span style=\"color: #ff6600\"><a style=\"color: #ff6600\" href=\"https:\/\/cosyowl.com\/es\/guias\/las-6-preguntas-mas-frecuentes-sobre-la-fabricacion-de-cera-fundida\/?wmc-currency=EUR\">Las 6 preguntas m\u00e1s frecuentes - Edici\u00f3n sobre la fabricaci\u00f3n de ceras fundidas<\/a><\/span><\/strong><\/li>\n<li><strong><span style=\"color: #ff6600\"><a style=\"color: #ff6600\" href=\"https:\/\/cosyowl.com\/es\/guias\/como-hacer-cera-fundida-en-casa\/?wmc-currency=EUR\">C\u00f3mo hacer cera fundida en casa<\/a><\/span><\/strong><\/li>\n<li><strong><span style=\"color: #ff6600\"><a style=\"color: #ff6600\" href=\"https:\/\/cosyowl.com\/es\/guias\/?wmc-currency=EUR\">Gu\u00edas y recetas<\/a><\/span><\/strong><\/li>\n<\/ul>","protected":false},"excerpt":{"rendered":"<p>Elevate your wax crafting experience with our Oud Wax Melt Kit, designed for those who appreciate rich, opulent fragrances and creative self-expression. Whether you&#8217;re a beginner or an experienced maker, this all-in-one kit provides everything you need to make beautifully shaped, highly fragrant wax melts at home. What\u2019s Inside Your Wax Melt Kit: 50ml Oud [&hellip;]<\/p>\n","protected":false},"featured_media":53812,"comment_status":"open","ping_status":"closed","template":"","meta":{"_acf_changed":false},"product_brand":[],"product_cat":[655,653,727],"product_tag":[927],"class_list":{"0":"post-25962","1":"product","2":"type-product","3":"status-publish","4":"has-post-thumbnail","6":"product_cat-wax-melt-making-kits","7":"product_cat-craft-kits","8":"product_cat-wax-melt-making-kits-wax-melts","9":"product_tag-wax-melt-making-kit","10":"product_shipping_class-royal_mail_kits","12":"first","13":"instock","14":"taxable","15":"shipping-taxable","16":"purchasable","17":"product-type-simple"},"acf":[],"_links":{"self":[{"href":"https:\/\/cosyowl.com\/es\/wp-json\/wp\/v2\/product\/25962","targetHints":{"allow":["GET"]}}],"collection":[{"href":"https:\/\/cosyowl.com\/es\/wp-json\/wp\/v2\/product"}],"about":[{"href":"https:\/\/cosyowl.com\/es\/wp-json\/wp\/v2\/types\/product"}],"replies":[{"embeddable":true,"href":"https:\/\/cosyowl.com\/es\/wp-json\/wp\/v2\/comments?post=25962"}],"wp:featuredmedia":[{"embeddable":true,"href":"https:\/\/cosyowl.com\/es\/wp-json\/wp\/v2\/media\/53812"}],"wp:attachment":[{"href":"https:\/\/cosyowl.com\/es\/wp-json\/wp\/v2\/media?parent=25962"}],"wp:term":[{"taxonomy":"product_brand","embeddable":true,"href":"https:\/\/cosyowl.com\/es\/wp-json\/wp\/v2\/product_brand?post=25962"},{"taxonomy":"product_cat","embeddable":true,"href":"https:\/\/cosyowl.com\/es\/wp-json\/wp\/v2\/product_cat?post=25962"},{"taxonomy":"product_tag","embeddable":true,"href":"https:\/\/cosyowl.com\/es\/wp-json\/wp\/v2\/product_tag?post=25962"}],"curies":[{"name":"wp","href":"https:\/\/api.w.org\/{rel}","templated":true}]}}